{"id":23500,"date":"2025-09-30T14:46:45","date_gmt":"2025-09-30T12:46:45","guid":{"rendered":"https:\/\/emploi.armatis.com\/?page_id=23500"},"modified":"2025-12-17T11:28:35","modified_gmt":"2025-12-17T10:28:35","slug":"mentions-legales-tn","status":"publish","type":"page","link":"https:\/\/emploi.armatis.com\/tn\/mentions-legales-tn\/","title":{"rendered":"Mentions l\u00e9gales -TN"},"content":{"rendered":"<div class=\"wpb-content-wrapper\"><p>[vc_row][vc_column]<div class=\"elegant-empty-space space-vertical elegant-clearfix\" style=\"height:100px;\"><\/div>[\/vc_column][\/vc_row][vc_row css=&#8221;.vc_custom_1756201389619{background-color: #dde5ed !important;}&#8221;][vc_column]<div class=\"elegant-empty-space space-vertical elegant-clearfix\" style=\"height:20px;\"><\/div>[vc_column_text css=&#8221;&#8221;]<\/p>\n<h1 style=\"text-align: center; font-size: 60px;\"><strong>Mentions l\u00e9gales &amp; CGU<\/strong><\/h1>\n<p>[\/vc_column_text]<div class=\"elegant-empty-space space-vertical elegant-clearfix\" style=\"height:20px;\"><\/div>[\/vc_column][\/vc_row][vc_row css=&#8221;.vc_custom_1756207119174{background-color: #dde5ed !important;}&#8221;][vc_column][vc_column_text css=&#8221;.vc_custom_1765967310166{padding-right: 100px !important;padding-left: 100px !important;}&#8221;]<\/p>\n<ul>\n<li><strong>\u00c9diteur<\/strong><\/li>\n<\/ul>\n<p>Armatis Holding (ci-apr\u00e8s \u00ab Armatis \u00bb), SAS au capital social de 35 157 287 euros, immatricul\u00e9e au Registre du Commerce et des Soci\u00e9t\u00e9s de Paris, sous le num\u00e9ro 540 030 484, dont le si\u00e8ge social est situ\u00e9 au 4bis, rue des p\u00e2tures, 75016 Paris.<\/p>\n<p>Contact : T\u00e9l. 0820 007 007 \/\u00a0<span style=\"color: #4ee6e0;\"><strong><a style=\"color: #4ee6e0;\" href=\"mailto:contact@armatis.com\">contact@armatis.com<\/a><\/strong><\/span><\/p>\n<p>&nbsp;<\/p>\n<p><strong>Directeur de la publication<\/strong><\/p>\n<p>Le Directeur de la publication est Monsieur David GILLAUX, Pr\u00e9sident.<\/p>\n<p>&nbsp;<\/p>\n<p><strong>H\u00e9bergeur<\/strong><\/p>\n<p>Microsoft Azure \u2013 Microsoft France<br \/>\n37-45, quai du Pr\u00e9sident Roosevelt \u2013 92130 Issy-les-Moulineaux \u2013 France<br \/>\nT\u00e9l\u00e9phone : 09 70 01 90 90<br \/>\nAdresse e\u2011mail : <strong><span style=\"color: #4ee6e0;\"><a style=\"color: #4ee6e0;\" href=\"mailto:contact@microsoft.com\" data-start=\"272\" data-end=\"293\">contact@microsoft.com<\/a><\/span><\/strong><br \/>\nSite web : <span style=\"color: #4ee6e0;\"><strong><a style=\"color: #4ee6e0;\" href=\"https:\/\/azure.microsoft.com\/fr-fr\/\">https:\/\/azure.microsoft.com\/fr-fr\/<\/a><\/strong><\/span><\/p>\n<p>&nbsp;<\/p>\n<p><strong>Cr\u00e9dits photographiques<\/strong><\/p>\n<p>Les photos illustrant le Site sont non contractuelles.<br \/>\nCr\u00e9dits: Soxh Factory<\/p>\n<p>&nbsp;<\/p>\n<p><strong>Webdesign<\/strong><\/p>\n<p>Conception technique et d\u00e9veloppement du site internet:<br \/>\nContact: <strong><span style=\"color: #4ee6e0;\"><a style=\"color: #4ee6e0;\" href=\"mailto:communication@armatis.com\">communication@armatis.com<\/a><\/span><\/strong>[\/vc_column_text][vc_column_text css=&#8221;.vc_custom_1756373735941{padding-right: 100px !important;padding-left: 100px !important;}&#8221;]<\/p>\n<hr \/>\n<p style=\"text-align: justify; font-size: 30px;\"><span style=\"color: #4ee6e0;\"><strong>Conditions G\u00e9n\u00e9rales d\u2019Utilisation<\/strong><\/span><\/p>\n<p>[\/vc_column_text][vc_column_text css=&#8221;.vc_custom_1758542955858{padding-right: 100px !important;padding-left: 100px !important;}&#8221;]<\/p>\n<p style=\"text-align: justify;\">Les pr\u00e9sentes Conditions g\u00e9n\u00e9rales d\u2019utilisation (ci-apr\u00e8s \u00ab CGU \u00bb) d\u00e9finissent les conditions et modalit\u00e9s d\u2019acc\u00e8s et d\u2019utilisation du site accessible \u00e0 l\u2019adresse <a class=\"decorated-link\" href=\"http:\/\/www.emploi.armatis.com?utm_source=chatgpt.com\" target=\"_new\" rel=\"noopener\" data-start=\"439\" data-end=\"494\"><span style=\"color: #4ee6e0;\"><strong>www.emploi.armatis.com<\/strong><\/span><\/a> (ci-apr\u00e8s le \u00ab Site \u00bb), \u00e9dit\u00e9 par Armatis Holding (ci-apr\u00e8s \u00ab Armatis \u00bb) par toute personne acc\u00e9dant ou naviguant sur le Site (Ci-apr\u00e8s l\u2019 \u00ab Utilisateur \u00bb).<\/p>\n<p>[\/vc_column_text][vc_column_text css=&#8221;.vc_custom_1758542979447{padding-right: 100px !important;padding-left: 100px !important;}&#8221;]<\/p>\n<p style=\"text-align: justify; margin-left: 40px;\"><strong>Article 1 \u2013 Acceptation et modification des CGU<\/strong><\/p>\n<p>&nbsp;<\/p>\n<p>En acc\u00e9dant et en utilisant le Site, tu reconnais accepter sans r\u00e9serve les pr\u00e9sentes CGU.<\/p>\n<p>Les CGU sont susceptibles d\u2019\u00eatre modifi\u00e9es \u00e0 tout moment et sans pr\u00e9avis, par Armatis, notamment pour tenir compte des \u00e9volutions du Site et\/ou de l\u2019\u00e9volution de la r\u00e9glementation. La nouvelle version des CGU sera mise \u00e0 disposition sur le Site.<\/p>\n<p>\u00c0 chaque nouvelle connexion, tu d\u00e9clares accepter automatiquement la derni\u00e8re version des CGU.[\/vc_column_text][vc_column_text css=&#8221;.vc_custom_1758543069135{padding-right: 100px !important;padding-left: 100px !important;}&#8221;]<\/p>\n<p style=\"text-align: justify; margin-left: 40px;\"><strong>Article 2 \u2013 Engagements de l\u2019Utilisateur<\/strong><\/p>\n<p>&nbsp;<\/p>\n<p>Tu t\u2019engages \u00e0 utiliser le Site conform\u00e9ment aux CGU et \u00e0 la r\u00e9glementation applicable.<\/p>\n<p>Tu reconnais prendre toutes les mesures n\u00e9cessaires pour prot\u00e9ger ton syst\u00e8me informatique contre toute contamination par de potentiels virus et contre toute tentative d\u2019intrusion par des tiers.<\/p>\n<p>&nbsp;<\/p>\n<p style=\"text-align: justify;\">L\u2019utilisateur est seul responsable de toute perte ou dommage, mat\u00e9riel ou immat\u00e9riel, qui serait susceptible de r\u00e9sulter de l\u2019utilisation du Site.<\/p>\n<p>&nbsp;<\/p>\n<p style=\"text-align: justify;\">Tu t\u2019interdis d\u2019utiliser le Site pour publier, transmettre, t\u00e9l\u00e9charger ou diffuser, directement ou via un lien, tout contenu :<\/p>\n<p>&nbsp;<\/p>\n<ul style=\"text-align: justify; margin-left: 50px; line-height: 1.5;\">\n<li>\u2022 violent, obsc\u00e8ne, pornographique, ou susceptible de porter atteinte au respect et \u00e0 la dignit\u00e9 de la personne humaine, \u00e0 l\u2019\u00e9galit\u00e9 entre les hommes et les femmes, \u00e0 la protection des enfants et des adolescents,<\/li>\n<li>\u2022 encourageant la commission de crimes ou de d\u00e9lits ;<\/li>\n<li>\u2022 incitant \u00e0 la consommation de substances illicites ;<\/li>\n<li>\u2022 incitant \u00e0 la discrimination, la haine, la violence en raison de la race, de l\u2019ethnie ou de la nation ;<\/li>\n<li>\u2022 ill\u00e9gal, injurieux, mena\u00e7ant, abusif, diffamatoire, constitutif de d\u00e9nigrement, de harc\u00e8lement ou d\u2019une atteinte \u00e0 la vie priv\u00e9e d\u2019autrui\u00a0;<\/li>\n<li>\u2022 portant atteinte \u00e0 l\u2019image d\u2019Armatis\u00a0;<\/li>\n<li>\u2022 susceptible de contrevenir ou de porter atteinte aux droits de tiers et\/ou d\u2019Armatis au titre du non-respect du secret des affaires, de la confidentialit\u00e9 ou de mani\u00e8re g\u00e9n\u00e9rale, de tout droit de propri\u00e9t\u00e9 industrielle ou intellectuelle ou tout autre droit portant sur une information ou un contenu prot\u00e9g\u00e9 ;<\/li>\n<li>\u2022 comprenant, sans que cette liste ne soit limitative, des virus informatiques ou tout autre code ou programme, susceptibles d\u2019interrompre, de d\u00e9truire ou de limiter la fonctionnalit\u00e9 du Site ou de tout logiciel, ordinateur ou outil de t\u00e9l\u00e9communication.<\/li>\n<\/ul>\n<p>&nbsp;<\/p>\n<p style=\"text-align: justify;\">Tu t\u2019engages aussi \u00e0 respecter l\u2019int\u00e9grit\u00e9 du Site. Il t\u2019est interdit d\u2019entraver ou de forcer le fonctionnement du Site, de modifier, alt\u00e9rer ou supprimer ses contenus, ou d\u2019y introduire frauduleusement des donn\u00e9es.<\/p>\n<p style=\"text-align: justify;\">De mani\u00e8re g\u00e9n\u00e9rale, <strong data-start=\"1943\" data-end=\"2000\">tu es seul responsable de l\u2019usage que tu fais du Site<\/strong> et des contenus accessibles via celui-ci.<\/p>\n<p>[\/vc_column_text][vc_column_text css=&#8221;.vc_custom_1756733534833{padding-right: 100px !important;padding-left: 100px !important;}&#8221;]<\/p>\n<p style=\"text-align: justify; margin-left: 40px;\"><strong>Article 3 \u2013 Accessibilit\u00e9<\/strong><\/p>\n<p>&nbsp;<\/p>\n<p style=\"text-align: justify;\">L\u2019acc\u00e8s au Site se fait par le r\u00e9seau Internet.<\/p>\n<p>&nbsp;<\/p>\n<p style=\"text-align: justify;\">En l\u2019utilisant, <strong data-start=\"296\" data-end=\"311\">tu acceptes<\/strong> les caract\u00e9ristiques et les limites d\u2019Internet : ses performances techniques, les temps de r\u00e9ponse pour consulter, interroger ou transf\u00e9rer des informations, mais aussi les risques d\u2019interruption et, plus largement, les risques li\u00e9s \u00e0 toute connexion et transmission de donn\u00e9es.<\/p>\n<p>&nbsp;<\/p>\n<p style=\"text-align: justify;\">La responsabilit\u00e9 d\u2019Armatis ne pourra pas \u00eatre engag\u00e9e en cas de force majeure, de dysfonctionnement du r\u00e9seau et\/ou des serveurs, de pannes ou encore d\u2019op\u00e9rations de maintenance n\u00e9cessaires au bon fonctionnement du Site, ni en cas d\u2019\u00e9v\u00e9nements \u00e9chappant \u00e0 son contr\u00f4le.<\/p>\n<p>[\/vc_column_text][vc_column_text css=&#8221;.vc_custom_1756733634218{padding-right: 100px !important;padding-left: 100px !important;}&#8221;]<\/p>\n<p style=\"text-align: justify; margin-left: 40px;\"><strong>Article 4 \u2013 Droits de propri\u00e9t\u00e9 intellectuelle<\/strong><\/p>\n<p>&nbsp;<\/p>\n<p data-start=\"260\" data-end=\"692\">L\u2019ensemble du Site, ainsi que chacun des \u00e9l\u00e9ments qui le composent (textes, marques, logos, images anim\u00e9es ou non, bases de donn\u00e9es, sons, photos, savoir-faire, produits et services, ci-apr\u00e8s les \u00ab \u00c9l\u00e9ments \u00bb), est prot\u00e9g\u00e9 par des droits de propri\u00e9t\u00e9 intellectuelle dont Armatis est titulaire ou utilisateur d\u00fbment autoris\u00e9.<br data-start=\"584\" data-end=\"587\" \/>Toutes les marques et logos mentionn\u00e9s sur le Site restent la propri\u00e9t\u00e9 de leurs titulaires respectifs.<\/p>\n<p data-start=\"694\" data-end=\"962\">En cons\u00e9quence, tous les droits de propri\u00e9t\u00e9 intellectuelle (exploitation, extraction, diffusion, repr\u00e9sentation, reproduction, modification, adaptation ou traduction), portant sur tout ou partie du Site et\/ou des \u00c9l\u00e9ments, sont <strong data-start=\"923\" data-end=\"959\">r\u00e9serv\u00e9s exclusivement \u00e0 Armatis<\/strong>.<\/p>\n<p>&nbsp;<\/p>\n<p style=\"text-align: justify;\">Toute reproduction, repr\u00e9sentation, diffusion, adaptation, traduction, int\u00e9gration \u00e0 d\u2019autres \u00e9l\u00e9ments ou transfert sur un autre site Internet, en tout ou partie, est <strong data-start=\"1131\" data-end=\"1203\">strictement interdite sans l\u2019autorisation \u00e9crite pr\u00e9alable d\u2019Armatis<\/strong> (<span style=\"color: #4ee6e0;\"><strong><a style=\"color: #4ee6e0;\" href=\"mailto:communication@armatis.com\">communication@armatis.com<\/a><\/strong><\/span>).<\/p>\n<p>&nbsp;<\/p>\n<p style=\"text-align: justify;\">Si une reproduction est express\u00e9ment autoris\u00e9e, elle devra toujours comporter la mention :<br data-start=\"1326\" data-end=\"1329\" \/><strong data-start=\"1329\" data-end=\"1392\">\u00ab Source : site internet Armatis \u2013<\/strong> <a href=\"http:\/\/www.emploi.armatis.com\"><span style=\"color: #4ee6e0;\"><strong>www.emploi.armatis.com<\/strong><\/span><\/a> \u00a0\u00bb, accompagn\u00e9e de la date de consultation.<\/p>\n<p>[\/vc_column_text][vc_column_text css=&#8221;.vc_custom_1758543115766{padding-right: 100px !important;padding-left: 100px !important;}&#8221;]<\/p>\n<p style=\"text-align: justify; margin-left: 40px;\"><strong>Article 5 \u2013 Liens hypertextes<\/strong><\/p>\n<p>&nbsp;<\/p>\n<p style=\"text-align: justify;\">Le Site peut contenir des liens te redirigeant vers des sites internet tiers qui ne sont pas \u00e9dit\u00e9s par Armatis.<\/p>\n<p>&nbsp;<\/p>\n<p style=\"text-align: justify;\">Armatis n\u2019exer\u00e7ant aucun contr\u00f4le sur ces sites, <strong data-start=\"361\" data-end=\"396\">nous ne sommes pas responsables<\/strong> de leur contenu (informations, donn\u00e9es, opinions, \u00e9l\u00e9ments visuels ou sonores) ni des dommages ou pr\u00e9judices qui pourraient r\u00e9sulter de ta navigation sur ces sites tiers.<\/p>\n<p>&nbsp;<\/p>\n<p style=\"text-align: justify;\">Toute cr\u00e9ation ou insertion d\u2019un lien hypertexte vers le Site doit faire l\u2019objet d\u2019une <strong data-start=\"658\" data-end=\"704\">autorisation \u00e9crite et pr\u00e9alable d\u2019Armatis<\/strong> (\u00e0 solliciter par courriel \u00e0 <span style=\"color: #4ee6e0;\"><strong><a style=\"color: #4ee6e0;\" href=\"mailto:communication@armatis.com\">communication@armatis.com<\/a><\/strong><\/span>).<\/p>\n<p>&nbsp;<\/p>\n<p style=\"text-align: justify;\">Armatis sera libre de retirer, \u00e0 tout moment, cette autorisation si le lien hypertexte concern\u00e9 ne respecte pas la l\u00e9gislation applicable ou s\u2019il n\u2019est pas conforme aux pr\u00e9sentes CGU.<\/p>\n<p>[\/vc_column_text][vc_column_text css=&#8221;.vc_custom_1756733776234{padding-right: 100px !important;padding-left: 100px !important;}&#8221;]<\/p>\n<p style=\"text-align: justify; margin-left: 40px;\"><strong>Article 6 \u2013 Donn\u00e9es Personnelles et Cookies<\/strong><\/p>\n<p>&nbsp;<\/p>\n<p>Tu es invit\u00e9 \u00e0 consulter la <span style=\"color: #4ee6e0;\"><strong><a style=\"color: #4ee6e0;\" href=\"https:\/\/emploi.armatis.com\/politique-de-confidentialite\/\"><u>Politique de Protection des Donn\u00e9es et d\u2019utilisation des Cookies.<\/u><\/a><\/strong><\/span>[\/vc_column_text][vc_column_text css=&#8221;.vc_custom_1758543165845{padding-right: 100px !important;padding-left: 100px !important;}&#8221;]<\/p>\n<p style=\"text-align: justify; margin-left: 40px;\"><strong>Article 7 \u2013 Garanties &amp; Responsabilit\u00e9s<\/strong><\/p>\n<p>&nbsp;<\/p>\n<p style=\"text-align: justify;\">En aucun cas Armatis ne saurait \u00eatre tenue pour responsable des erreurs mat\u00e9rielles qui se seraient gliss\u00e9es dans les documents pr\u00e9sents sur le Site, malgr\u00e9 tout le soin apport\u00e9 \u00e0 leur publication. Armatis ne saurait non plus \u00eatre tenue pour responsable des informations, propos et opinions \u00e9mises sur les sites vers lesquels elle pointe par des liens hypertexte et dont elle n\u2019a pas la ma\u00eetrise \u00e9ditoriale.<\/p>\n<p>&nbsp;<\/p>\n<p style=\"text-align: justify;\">Armatis ne pourra pas \u00eatre tenue responsable des d\u00e9fauts de transmission des donn\u00e9es li\u00e9s aux r\u00e9seaux Internet, ni des \u00e9ventuelles incompatibilit\u00e9s dues \u00e0 ton navigateur.<\/p>\n<p>[\/vc_column_text][vc_column_text css=&#8221;.vc_custom_1758543282119{padding-right: 100px !important;padding-left: 100px !important;}&#8221;]<\/p>\n<p style=\"text-align: justify; margin-left: 40px;\"><strong>Article 8 \u2013 Droit Applicable et juridiction comp\u00e9tente<\/strong><\/p>\n<p>&nbsp;<\/p>\n<p style=\"text-align: justify;\">Les pr\u00e9sentes CGU sont soumises au droit fran\u00e7ais.<\/p>\n<p>&nbsp;<\/p>\n<p style=\"text-align: justify;\">De convention expresse, et \u00e0 d\u00e9faut de r\u00e9solution amiable, tout litige susceptible de r\u00e9sulter de l\u2019application des CGU sera soumis au Tribunal de Paris, auquel il est attribu\u00e9 comp\u00e9tence territoriale, y compris en cas de r\u00e9f\u00e9r\u00e9, de pluralit\u00e9 de d\u00e9fendeurs, d\u2019appel en cause ou en garantie.<\/p>\n<p>[\/vc_column_text][\/vc_column][\/vc_row]<\/p>\n<\/div>","protected":false},"excerpt":{"rendered":"<p>[vc_row][vc_column][\/vc_column][\/vc_row][vc_row css=&#8221;.vc_custom_1756201389619{background-color: #dde5ed !important;}&#8221;][vc_column][vc_column_text css=&#8221;&#8221;] Mentions l\u00e9gales &amp; CGU [\/vc_column_text][\/vc_column][\/vc_row][vc_row css=&#8221;.vc_custom_1756207119174{background-color: #dde5ed !important;}&#8221;][vc_column][vc_column_text css=&#8221;.vc_custom_1765967310166{padding-right: 100px !important;padding-left: 100px !important;}&#8221;] \u00c9diteur Armatis Holding (ci-apr\u00e8s \u00ab Armatis \u00bb), SAS au capital social de 35 157 287 euros, immatricul\u00e9e au Registre du Commerce et des Soci\u00e9t\u00e9s de Paris, sous le num\u00e9ro 540 030 484, dont le si\u00e8ge social est [&hellip;]<\/p>\n","protected":false},"author":16,"featured_media":0,"parent":0,"menu_order":0,"comment_status":"closed","ping_status":"closed","template":"","meta":{"_acf_changed":false,"footnotes":""},"class_list":["post-23500","page","type-page","status-publish","hentry"],"acf":[],"yoast_head":"<!-- This site is optimized with the Yoast SEO plugin v26.6 - https:\/\/yoast.com\/wordpress\/plugins\/seo\/ -->\n<title>Mentions l\u00e9gales -TN - Armatis<\/title>\n<meta name=\"robots\" content=\"index, follow, max-snippet:-1, max-image-preview:large, max-video-preview:-1\" \/>\n<link rel=\"canonical\" href=\"https:\/\/emploi.armatis.com\/tn\/mentions-legales-tn\/\" \/>\n<meta property=\"og:locale\" content=\"en_US\" \/>\n<meta property=\"og:type\" content=\"article\" \/>\n<meta property=\"og:title\" content=\"Mentions l\u00e9gales -TN - Armatis\" \/>\n<meta property=\"og:description\" content=\"[vc_row][vc_column][\/vc_column][\/vc_row][vc_row css=&#8221;.vc_custom_1756201389619{background-color: #dde5ed !important;}&#8221;][vc_column][vc_column_text css=&#8221;&#8221;] Mentions l\u00e9gales &amp; CGU [\/vc_column_text][\/vc_column][\/vc_row][vc_row css=&#8221;.vc_custom_1756207119174{background-color: #dde5ed !important;}&#8221;][vc_column][vc_column_text css=&#8221;.vc_custom_1765967310166{padding-right: 100px !important;padding-left: 100px !important;}&#8221;] \u00c9diteur Armatis Holding (ci-apr\u00e8s \u00ab Armatis \u00bb), SAS au capital social de 35 157 287 euros, immatricul\u00e9e au Registre du Commerce et des Soci\u00e9t\u00e9s de Paris, sous le num\u00e9ro 540 030 484, dont le si\u00e8ge social est [&hellip;]\" \/>\n<meta property=\"og:url\" content=\"https:\/\/emploi.armatis.com\/tn\/mentions-legales-tn\/\" \/>\n<meta property=\"og:site_name\" content=\"Armatis\" \/>\n<meta property=\"article:modified_time\" content=\"2025-12-17T10:28:35+00:00\" \/>\n<meta name=\"twitter:card\" content=\"summary_large_image\" \/>\n<meta name=\"twitter:label1\" content=\"Est. reading time\" \/>\n\t<meta name=\"twitter:data1\" content=\"7 minutes\" \/>\n<script type=\"application\/ld+json\" class=\"yoast-schema-graph\">{\"@context\":\"https:\/\/schema.org\",\"@graph\":[{\"@type\":\"WebPage\",\"@id\":\"https:\/\/emploi.armatis.com\/tn\/mentions-legales-tn\/\",\"url\":\"https:\/\/emploi.armatis.com\/tn\/mentions-legales-tn\/\",\"name\":\"Mentions l\u00e9gales -TN - Armatis\",\"isPartOf\":{\"@id\":\"https:\/\/emploi.armatis.com\/tn\/#website\"},\"datePublished\":\"2025-09-30T12:46:45+00:00\",\"dateModified\":\"2025-12-17T10:28:35+00:00\",\"breadcrumb\":{\"@id\":\"https:\/\/emploi.armatis.com\/tn\/mentions-legales-tn\/#breadcrumb\"},\"inLanguage\":\"tn-TN\",\"potentialAction\":[{\"@type\":\"ReadAction\",\"target\":[\"https:\/\/emploi.armatis.com\/tn\/mentions-legales-tn\/\"]}]},{\"@type\":\"BreadcrumbList\",\"@id\":\"https:\/\/emploi.armatis.com\/tn\/mentions-legales-tn\/#breadcrumb\",\"itemListElement\":[{\"@type\":\"ListItem\",\"position\":1,\"name\":\"Home\",\"item\":\"https:\/\/emploi.armatis.com\/tn\/\"},{\"@type\":\"ListItem\",\"position\":2,\"name\":\"Mentions l\u00e9gales -TN\"}]},{\"@type\":\"WebSite\",\"@id\":\"https:\/\/emploi.armatis.com\/tn\/#website\",\"url\":\"https:\/\/emploi.armatis.com\/tn\/\",\"name\":\"Armatis\",\"description\":\"\",\"publisher\":{\"@id\":\"https:\/\/emploi.armatis.com\/tn\/#organization\"},\"potentialAction\":[{\"@type\":\"SearchAction\",\"target\":{\"@type\":\"EntryPoint\",\"urlTemplate\":\"https:\/\/emploi.armatis.com\/tn\/?s={search_term_string}\"},\"query-input\":{\"@type\":\"PropertyValueSpecification\",\"valueRequired\":true,\"valueName\":\"search_term_string\"}}],\"inLanguage\":\"tn-TN\"},{\"@type\":\"Organization\",\"@id\":\"https:\/\/emploi.armatis.com\/tn\/#organization\",\"name\":\"Armatis\",\"url\":\"https:\/\/emploi.armatis.com\/tn\/\",\"logo\":{\"@type\":\"ImageObject\",\"inLanguage\":\"tn-TN\",\"@id\":\"https:\/\/emploi.armatis.com\/tn\/#\/schema\/logo\/image\/\",\"url\":\"https:\/\/emploi.armatis.com\/wp-content\/uploads\/2025\/07\/cropped-Logo-Armatis-ss-Baseline-Blanc-point-aqua-Copie-scaled-1.png\",\"contentUrl\":\"https:\/\/emploi.armatis.com\/wp-content\/uploads\/2025\/07\/cropped-Logo-Armatis-ss-Baseline-Blanc-point-aqua-Copie-scaled-1.png\",\"width\":2560,\"height\":393,\"caption\":\"Armatis\"},\"image\":{\"@id\":\"https:\/\/emploi.armatis.com\/tn\/#\/schema\/logo\/image\/\"}}]}<\/script>\n<!-- \/ Yoast SEO plugin. -->","yoast_head_json":{"title":"Mentions l\u00e9gales -TN - Armatis","robots":{"index":"index","follow":"follow","max-snippet":"max-snippet:-1","max-image-preview":"max-image-preview:large","max-video-preview":"max-video-preview:-1"},"canonical":"https:\/\/emploi.armatis.com\/tn\/mentions-legales-tn\/","og_locale":"en_US","og_type":"article","og_title":"Mentions l\u00e9gales -TN - Armatis","og_description":"[vc_row][vc_column][\/vc_column][\/vc_row][vc_row css=&#8221;.vc_custom_1756201389619{background-color: #dde5ed !important;}&#8221;][vc_column][vc_column_text css=&#8221;&#8221;] Mentions l\u00e9gales &amp; CGU [\/vc_column_text][\/vc_column][\/vc_row][vc_row css=&#8221;.vc_custom_1756207119174{background-color: #dde5ed !important;}&#8221;][vc_column][vc_column_text css=&#8221;.vc_custom_1765967310166{padding-right: 100px !important;padding-left: 100px !important;}&#8221;] \u00c9diteur Armatis Holding (ci-apr\u00e8s \u00ab Armatis \u00bb), SAS au capital social de 35 157 287 euros, immatricul\u00e9e au Registre du Commerce et des Soci\u00e9t\u00e9s de Paris, sous le num\u00e9ro 540 030 484, dont le si\u00e8ge social est [&hellip;]","og_url":"https:\/\/emploi.armatis.com\/tn\/mentions-legales-tn\/","og_site_name":"Armatis","article_modified_time":"2025-12-17T10:28:35+00:00","twitter_card":"summary_large_image","twitter_misc":{"Est. reading time":"7 minutes"},"schema":{"@context":"https:\/\/schema.org","@graph":[{"@type":"WebPage","@id":"https:\/\/emploi.armatis.com\/tn\/mentions-legales-tn\/","url":"https:\/\/emploi.armatis.com\/tn\/mentions-legales-tn\/","name":"Mentions l\u00e9gales -TN - Armatis","isPartOf":{"@id":"https:\/\/emploi.armatis.com\/tn\/#website"},"datePublished":"2025-09-30T12:46:45+00:00","dateModified":"2025-12-17T10:28:35+00:00","breadcrumb":{"@id":"https:\/\/emploi.armatis.com\/tn\/mentions-legales-tn\/#breadcrumb"},"inLanguage":"tn-TN","potentialAction":[{"@type":"ReadAction","target":["https:\/\/emploi.armatis.com\/tn\/mentions-legales-tn\/"]}]},{"@type":"BreadcrumbList","@id":"https:\/\/emploi.armatis.com\/tn\/mentions-legales-tn\/#breadcrumb","itemListElement":[{"@type":"ListItem","position":1,"name":"Home","item":"https:\/\/emploi.armatis.com\/tn\/"},{"@type":"ListItem","position":2,"name":"Mentions l\u00e9gales -TN"}]},{"@type":"WebSite","@id":"https:\/\/emploi.armatis.com\/tn\/#website","url":"https:\/\/emploi.armatis.com\/tn\/","name":"Armatis","description":"","publisher":{"@id":"https:\/\/emploi.armatis.com\/tn\/#organization"},"potentialAction":[{"@type":"SearchAction","target":{"@type":"EntryPoint","urlTemplate":"https:\/\/emploi.armatis.com\/tn\/?s={search_term_string}"},"query-input":{"@type":"PropertyValueSpecification","valueRequired":true,"valueName":"search_term_string"}}],"inLanguage":"tn-TN"},{"@type":"Organization","@id":"https:\/\/emploi.armatis.com\/tn\/#organization","name":"Armatis","url":"https:\/\/emploi.armatis.com\/tn\/","logo":{"@type":"ImageObject","inLanguage":"tn-TN","@id":"https:\/\/emploi.armatis.com\/tn\/#\/schema\/logo\/image\/","url":"https:\/\/emploi.armatis.com\/wp-content\/uploads\/2025\/07\/cropped-Logo-Armatis-ss-Baseline-Blanc-point-aqua-Copie-scaled-1.png","contentUrl":"https:\/\/emploi.armatis.com\/wp-content\/uploads\/2025\/07\/cropped-Logo-Armatis-ss-Baseline-Blanc-point-aqua-Copie-scaled-1.png","width":2560,"height":393,"caption":"Armatis"},"image":{"@id":"https:\/\/emploi.armatis.com\/tn\/#\/schema\/logo\/image\/"}}]}},"_links":{"self":[{"href":"https:\/\/emploi.armatis.com\/tn\/wp-json\/wp\/v2\/pages\/23500","targetHints":{"allow":["GET"]}}],"collection":[{"href":"https:\/\/emploi.armatis.com\/tn\/wp-json\/wp\/v2\/pages"}],"about":[{"href":"https:\/\/emploi.armatis.com\/tn\/wp-json\/wp\/v2\/types\/page"}],"author":[{"embeddable":true,"href":"https:\/\/emploi.armatis.com\/tn\/wp-json\/wp\/v2\/users\/16"}],"replies":[{"embeddable":true,"href":"https:\/\/emploi.armatis.com\/tn\/wp-json\/wp\/v2\/comments?post=23500"}],"version-history":[{"count":3,"href":"https:\/\/emploi.armatis.com\/tn\/wp-json\/wp\/v2\/pages\/23500\/revisions"}],"predecessor-version":[{"id":23757,"href":"https:\/\/emploi.armatis.com\/tn\/wp-json\/wp\/v2\/pages\/23500\/revisions\/23757"}],"wp:attachment":[{"href":"https:\/\/emploi.armatis.com\/tn\/wp-json\/wp\/v2\/media?parent=23500"}],"curies":[{"name":"wp","href":"https:\/\/api.w.org\/{rel}","templated":true}]}}