{"id":15742,"date":"2023-08-14T09:35:54","date_gmt":"2023-08-14T07:35:54","guid":{"rendered":"https:\/\/emploi.soda-demo.com\/privacy-policy\/"},"modified":"2023-08-14T09:35:54","modified_gmt":"2023-08-14T07:35:54","slug":"privacy-policy","status":"publish","type":"page","link":"https:\/\/emploi.armatis.com\/tn\/privacy-policy\/","title":{"rendered":"Privacy Policy"},"content":{"rendered":"<p>Lorsque vous naviguez sur nos sites Internet, effectuez des recherches, utilisez nos services, vous devez de mani\u00e8re transparente avoir l\u2019information claire et pr\u00e9cise de ce que nous faisons de vos donn\u00e9es personnelles. Cette information est la base de la confiance \u2026<\/p>\n<p>Armatis-lc s\u2019engage \u00e0 ce que la collecte et le traitement de vos Donn\u00e9es \u00e0 Caract\u00e8re Personnel (ci-apr\u00e8s d\u00e9nomm\u00e9 DCP) effectu\u00e9s sur nos sites Internet, soient conformes aux r\u00e9glementations en vigueur et au R\u00e8glement G\u00e9n\u00e9ral sur la Protection des Donn\u00e9es (ci-apr\u00e8s d\u00e9nomm\u00e9 RGPD).<\/p>\n<hr>\n<h2><strong>A propos du RGPD \u2026<\/strong><\/h2>\n<p>En avril 2016, l\u2019Union Europ\u00e9enne a adopt\u00e9 un nouveau cadre juridique, le R\u00e8glement G\u00e9n\u00e9ral sur la Protection des Donn\u00e9es (RGPD). Le R\u00e8glement G\u00e9n\u00e9ral sur la Protection des Donn\u00e9es, qui sera pleinement applicable dans toute l\u2019Union Europ\u00e9enne en mai 2018, est le texte l\u00e9gislatif relatif \u00e0 la protection des donn\u00e9es le plus complet et le plus progressiste au monde.<\/p>\n<p>La prise en compte par Armatis-lc de ces principes fondamentaux, s\u2019est traduit concr\u00e8tement par l\u2019adoption d\u2019une Charte vie priv\u00e9e et protection des donn\u00e9es personnelles (lien) et par la pr\u00e9sente Politique de Confidentialit\u00e9, afin de mani\u00e8re transparente de permettre \u00e0 chacun d\u2019avoir une information claire et pr\u00e9cise de ce qui est fait de ses donn\u00e9es personnelles.<\/p>\n<hr>\n<h2><strong>Quelques d\u00e9finitions \u2026<\/strong><\/h2>\n<p>La transparence et la confiance commence avant tout par d\u00e9finir en des termes simples quelques mots cl\u00e9s pour comprendre la pr\u00e9sente Politique.<\/p>\n<h3><strong>Une donn\u00e9e personnelle, c\u2019est quoi ?<\/strong><\/h3>\n<p>C&#8217;est toute information relative \u00e0 une personne physique susceptible d&#8217;\u00eatre identifi\u00e9e, directement ou indirectement : nom, adresse postale, num\u00e9ro de t\u00e9l\u00e9phone, adresse \u00e9lectronique ou adresse IP\u2026<\/p>\n<h3><strong>Une donn\u00e9e sensible, c\u2019est quoi ?<\/strong><\/h3>\n<p>Une donn\u00e9e sensible est une cat\u00e9gorie de donn\u00e9es personnelles qui concerne des informations relatives \u00e0 la sant\u00e9, \u00e0 une origine raciale ou ethnique, \u00e0 des opinions politiques, \u00e0 des croyances religieuses ou \u00e0 la sexualit\u00e9 d\u2019une personne.<\/p>\n<h3><strong>Un traitement de DCP, c&#8217;est quoi ?<\/strong><\/h3>\n<p>C&#8217;est toute op\u00e9ration portant sur des donn\u00e9es personnelles, quel que soit le proc\u00e9d\u00e9 utilis\u00e9 : enregistrer, organiser, conserver, modifier, rapprocher avec d&#8217;autres donn\u00e9es, transmettre, des donn\u00e9es personnelles.<\/p>\n<h3><strong>La finalit\u00e9 d\u2019un traitement, c&#8217;est quoi ?<\/strong><\/h3>\n<p>La finalit\u00e9 c&#8217;est le but poursuivi par le traitement cr\u00e9\u00e9 : \u00e0 quoi va-t-il servir ?<\/p>\n<h3><strong>Le droit des personnes, c\u2019est quoi ?<\/strong><\/h3>\n<p>C\u2019est le droit d\u2018\u00eatre renseign\u00e9, le droit d\u2018acc\u00e9der aux donn\u00e9es personnelles, le droit de rectification, le droit d\u2018\u00eatre oubli\u00e9, le droit de restreindre le traitement, le droit au portage des donn\u00e9es.<\/p>\n<h3><strong>Un Cookie, c\u2019est quoi ?<\/strong><\/h3>\n<p>Un &#8220;cookie&#8221; est un fichier de taille limit\u00e9e, g\u00e9n\u00e9ralement constitu\u00e9 de lettres et de chiffres, envoy\u00e9 par le serveur internet au fichier cookie du navigateur situ\u00e9 sur le disque dur de votre ordinateur.<\/p>\n<h3><strong>Un DPO, c\u2019est qui ?<\/strong><\/h3>\n<p>Le Data Protection Officer (DPO) est charg\u00e9 de mettre en \u0153uvre la conformit\u00e9 au r\u00e8glement europ\u00e9en sur la protection des donn\u00e9es dans les entreprises.<\/p>\n<h3><strong>Une adresse IP, c\u2019est quoi ?<\/strong><\/h3>\n<p>Une adresse IP, est un num\u00e9ro unique qui permet d\u2019identifier un terminal connect\u00e9 \u00e0 Internet. Ces num\u00e9ros sont g\u00e9n\u00e9ralement attribu\u00e9s par groupe g\u00e9ographique. Une adresse IP permet donc souvent d\u2019identifier la position g\u00e9ographique de l&#8217;appareil connect\u00e9 \u00e0 Internet.<\/p>\n<hr>\n<h2><strong>A propos de la collecte de DCP \u2026<\/strong><\/h2>\n<p>De mani\u00e8re g\u00e9n\u00e9rale, vous pouvez visiter nos sites Internet sans fournir de DCP vous concernant. Toutefois, nos sites peuvent contenir des formulaires (prise de contact, recrutement etc.), contenant des champs de collecte de DCP.<\/p>\n<p>Cette collecte sera conditionn\u00e9e par une d\u00e9marche volontaire de votre part, et nos formulaires collectant les donn\u00e9es, strictement n\u00e9cessaires \u00e0 la finalit\u00e9 du traitement, contiendront notamment :<\/p>\n<ul class=\"default-ul\">\n<li>L\u2019identit\u00e9 du Responsable du Traitement ;<\/li>\n<li>La finalit\u00e9 du recueil de ces donn\u00e9es, les destinataires de ces donn\u00e9es, ainsi que les modalit\u00e9s de conservation ;<\/li>\n<li>Un consentement claire et pr\u00e9cis lorsque celui-ci est n\u00e9cessaire ;<\/li>\n<li>Les modalit\u00e9s d\u2019exercer vos droits concernant vos DCP ;<\/li>\n<li>Les coordonn\u00e9es de l\u2019autorit\u00e9 de contr\u00f4le.<\/li>\n<\/ul>\n<p>Dans le cadre de cette collecte, nous ne collectons pas de Donn\u00e9es Sensibles par le biais des formulaires pr\u00e9sents sur nos sites Internet. Cependant, il est possible que vous puissiez nous fournir de telles donn\u00e9es sans qu\u2019elles vous soient demand\u00e9es par la biais notamment d\u2019une pi\u00e8ce jointe (CV, lettre de motivation etc.), dans ce cas vous consentez express\u00e9ment \u00e0 ce que vos Donn\u00e9es Personnelles soient utilis\u00e9es comme d\u00e9crit dans la pr\u00e9sente Politique.<\/p>\n<p>Armatis-lc, ses filiales et ses partenaires sont les seuls destinataires des donn\u00e9es collect\u00e9es par l\u2019interm\u00e9diaire de nos sites Internet.<\/p>\n<p>Armatis-lc vous informe, conform\u00e9ment \u00e0 la R\u00e8glementation en vigueur en mati\u00e8re de protection des donn\u00e9es \u00e0 caract\u00e8re personnel, int\u00e9grant le R\u00e8glement G\u00e9n\u00e9ral sur la Protection des Donn\u00e9es (RGPD) et \u00e0 la Loi Informatique et Libert\u00e9s n\u00b078-17 du 6 janvier 1978, des conditions de traitement de vos donn\u00e9es personnelles.<\/p>\n<hr>\n<h2><strong>A propos de la Conservation des DCP \u2026<\/strong><\/h2>\n<p>Nous mettons tout en \u0153uvre pour traiter vos DCP conform\u00e9ment \u00e0 la finalit\u00e9 poursuivie. A ce titre, nous conservons vos DCP en fonction de la nature des Donn\u00e9es Personnelles collect\u00e9es et de l\u2019objet de leur collecte.<\/p>\n<hr>\n<h2><strong>A propos des cookies \u2026<\/strong><\/h2>\n<p>Des cookies sont utilis\u00e9s sur nos sites Internet. En utilisant nos sites Internet, vous acceptez que des cookies soient plac\u00e9s sur votre terminal comme expliqu\u00e9 ci-dessous.<\/p>\n<p>Les cookies ont pour r\u00f4le principal de faciliter votre navigation sur un site Internet en se souvenant par exemple de vos pr\u00e9f\u00e9rences utilisateur, ou dans un but d\u2019am\u00e9lioration de l\u2019exp\u00e9rience utilisateur. Ces cookies peuvent ensuite \u00eatre stock\u00e9s sur votre ordinateur pour identifier votre ordinateur.<\/p>\n<p>Nos sites Internet utilisent diff\u00e9rents types de Cookies :<\/p>\n<ul class=\"default-ul\">\n<li>Cookies internes<\/li>\n<\/ul>\n<p>Ces cookies sont indispensables afin de pouvoir naviguer sur notre site Internet et b\u00e9n\u00e9ficier pleinement de leurs fonctionnalit\u00e9s telles que l\u2019acc\u00e8s \u00e0 certaines pages Internet s\u00e9curis\u00e9es. Sans ces cookies, certains services que vous demandez ne pourront vous \u00eatre fournis.<\/p>\n<ul class=\"default-ul\">\n<li>Cookies de mesure d\u2019audience<\/li>\n<\/ul>\n<p>En vue d\u2019adapter et de faire \u00e9voluer nos sites aux demandes de ses visiteurs, nous mesurons le nombre de visites, le nombre de pages vues ainsi que l&#8217;activit\u00e9 des visiteurs sur nos sites et leur fr\u00e9quence de retour.<\/p>\n<p>Google Analytics, est l&#8217;outil de statistiques utilis\u00e9 par nos sites Internet.<\/p>\n<p>Nous collectons \u00e9galement votre adresse IP, afin de d\u00e9terminer la ville depuis laquelle vous vous connectez.<\/p>\n<ul class=\"default-ul\">\n<li>Cookies de publicit\u00e9 comportementale<\/li>\n<\/ul>\n<p>Les annonceurs peuvent collecter des donn\u00e9es sur votre navigation en ligne et les utiliser pour vous pr\u00e9senter des publicit\u00e9s cibl\u00e9es (un processus \u00e9galement appel\u00e9 \u00ab publicit\u00e9 comportementale \u00bb).<\/p>\n<p>Vous pouvez emp\u00eacher les soci\u00e9t\u00e9s r\u00e9pertori\u00e9es par TrustArc ci-apr\u00e8s <a href=\"http:\/\/www.aboutads.info\/consumers\" target=\"_blank\" rel=\"noopener noreferrer\">Industry Resources &#8211; US \u00bb <\/a>, <a href=\"http:\/\/youradchoices.ca\/understanding-online-advertising\/\" target=\"_blank\" rel=\"noopener noreferrer\">Industry Resources &#8211; Canada \u00bb <\/a>, <a href=\"http:\/\/www.youronlinechoices.eu\/\" target=\"_blank\" rel=\"noopener noreferrer\">Industry Resources &#8211; EU \u00bb<\/a> d\u2019afficher des publicit\u00e9s cibl\u00e9es dans votre navigateur en leur opposant un refus. Ce dispositif bloque uniquement les publicit\u00e9s cibl\u00e9es de sorte que vous pouvez continuer \u00e0 recevoir des annonces g\u00e9n\u00e9riques (non cibl\u00e9es) de ces soci\u00e9t\u00e9s apr\u00e8s votre refus.<\/p>\n<p>Vous pouvez accepter \u00e0 tout moment les publicit\u00e9s comportementales cibl\u00e9es en effa\u00e7ant les cookies de votre navigateur.<\/p>\n<hr>\n<h2><strong>Comment s\u2019opposer aux cookies \u2026<\/strong><\/h2>\n<p>Si vous ne souhaitez pas recevoir de cookies de la part de nos sites Internet, vous pouvez configurer votre navigateur afin de les refuser ou qu\u2019il vous avertisse lorsque vous en recevez un, vous demandant alors si vous acceptez ou non le placement d\u2019un tel cookie. Vous pouvez \u00e9galement param\u00e9trer votre navigateur afin de d\u00e9sactiver les cookies.<\/p>\n<p>Pour r\u00e9aliser cette op\u00e9ration, vous pouvez consulter les instructions des \u00e9diteurs :<\/p>\n<ul class=\"default-ul\">\n<li>pour le navigateur <a href=\"https:\/\/support.microsoft.com\/en-gb\/help\/17442\/windows-internet-explorer-delete-manage-cookies\" target=\"_blank\" rel=\"noopener noreferrer\">Internet Explorer<\/a>.<\/li>\n<li>pour le navigateur <a href=\"https:\/\/support.mozilla.org\/fr\/kb\/activer-desactiver-cookies-preferences?redirectlocale=fr&amp;redirectslug=activer-desactiver-cookies\" target=\"_blank\" rel=\"noopener noreferrer\">Firefox<\/a>.<\/li>\n<li>pour le navigateur <a href=\"https:\/\/support.apple.com\/kb\/ph5042?locale=en_GB\" target=\"_blank\" rel=\"noopener noreferrer\">Safari<\/a>.<\/li>\n<li>pour le navigateur <a href=\"https:\/\/support.google.com\/chrome\/answer\/95647?hl=fr\" target=\"_blank\" rel=\"noopener noreferrer\">Google Chrome<\/a>.<\/li>\n<\/ul>\n<hr>\n<h2><strong>A propos de la s\u00e9curit\u00e9 \u2026<\/strong><\/h2>\n<p>Armatis-lc a nomm\u00e9 un DPO qui peut \u00eatre contact\u00e9 par mail (<a href=\"mailto:DPO.Service@armatis-lc.com\">DPO.Service@armatis-lc.com<\/a>). Il est charg\u00e9 de garantir la conformit\u00e9 des collectes et traitements que nous sommes amen\u00e9s \u00e0 r\u00e9aliser, \u00e0 tenir la liste des traitements enregistr\u00e9s, ainsi qu&#8217;\u00e0 assurer l&#8217;exercice de vos droits d&#8217;acc\u00e8s, de rectification et d&#8217;opposition.<\/p>\n<p>Armatis-lc prend toutes les pr\u00e9cautions pour pr\u00e9server la s\u00e9curit\u00e9 de vos donn\u00e9es. Pour cela, Armatis-lc a mis en place une politique de protection des Donn\u00e9es Personnelles se traduisant par l\u2019impl\u00e9mentation de mesures techniques et organisationnelles appropri\u00e9es pour garantir un niveau de s\u00e9curit\u00e9 adapt\u00e9 au risque.<\/p>\n<p>Vos donn\u00e9es personnelles sont stock\u00e9es en France sur nos propres infrastructures et par nos sous-traitants situ\u00e9s dans l\u2019Union Europ\u00e9enne, sur des serveurs s\u00e9curis\u00e9s, accessibles \u00e0 un nombre limit\u00e9 de personnes ayant des droits d&#8217;acc\u00e8s sp\u00e9cifiques \u00e0 ces syst\u00e8mes.<\/p>\n<p>Nos sites Internet peuvent fournir des liens vers des sites Internet ext\u00e9rieurs. Armatis-lc ne peut fournir aucune garantie sur ces sites ext\u00e9rieurs, et nous vous invitons \u00e0 vous informer sur les mesures de confidentialit\u00e9 et de s\u00e9curit\u00e9 de ces sites Internet ext\u00e9rieurs.<\/p>\n<hr>\n<h2><strong>A Propos de vos Droits<\/strong><\/h2>\n<p>Conform\u00e9ment \u00e0 la r\u00e9glementation en vigueur, et en application du R\u00e8glement Europ\u00e9en, vous pouvez exercer gratuitement votre droit d\u2019acc\u00e8s, rectification, effacement et portabilit\u00e9 de vos donn\u00e9es personnelles. Vous pouvez \u00e9galement demander de limiter le traitement de vos donn\u00e9es personnelles ou de vous y opposer, en contactant le DPO de notre Groupe via l\u2019adresse <a href=\"mailto:DPO.Service@armatis-lc.com\">DPO.Service@armatis-lc.com<\/a>.<\/p>\n<p>Conform\u00e9ment \u00e0 la r\u00e9glementation, ces demandes devront \u00eatre accompagn\u00e9es de la photocopie d\u2019un titre d\u2019identit\u00e9 portant la signature de la Personne Concern\u00e9e avec le cas \u00e9ch\u00e9ant l\u2019adresse postale pour retourner les informations.<\/p>\n<p>Vous b\u00e9n\u00e9ficier \u00e9galement du droit d&#8217;introduire une r\u00e9clamation aupr\u00e8s d&#8217;une autorit\u00e9 de contr\u00f4le, pour plus d&#8217;informations concernant l&#8217;exercice de vos droits <a href=\"https:\/\/www.cnil.fr\/fr\/les-droits-pour-maitriser-vos-donnees-personnelles\" target=\"_blank\" rel=\"noopener noreferrer\">www.cnil.fr\/fr\/comprendre-vos-droits<\/a><\/p>\n<p>&nbsp;<\/p>\n","protected":false},"excerpt":{"rendered":"<p>Lorsque vous naviguez sur nos sites Internet, effectuez des recherches, utilisez nos services, vous devez de mani\u00e8re transparente avoir l\u2019information claire et pr\u00e9cise de ce que nous faisons de vos donn\u00e9es personnelles. Cette information est la base de la confiance \u2026 Armatis-lc s\u2019engage \u00e0 ce que la collecte et le traitement de vos Donn\u00e9es \u00e0 [&hellip;]<\/p>\n","protected":false},"author":13,"featured_media":0,"parent":0,"menu_order":0,"comment_status":"closed","ping_status":"closed","template":"","meta":{"_acf_changed":false,"footnotes":""},"class_list":["post-15742","page","type-page","status-publish","hentry"],"acf":[],"yoast_head":"<!-- This site is optimized with the Yoast SEO plugin v26.1.1 - https:\/\/yoast.com\/wordpress\/plugins\/seo\/ -->\n<title>Privacy Policy - Armatis<\/title>\n<meta name=\"robots\" content=\"index, follow, max-snippet:-1, max-image-preview:large, max-video-preview:-1\" \/>\n<link rel=\"canonical\" href=\"https:\/\/emploi.armatis.com\/tn\/privacy-policy\/\" \/>\n<meta property=\"og:locale\" content=\"en_US\" \/>\n<meta property=\"og:type\" content=\"article\" \/>\n<meta property=\"og:title\" content=\"Privacy Policy - Armatis\" \/>\n<meta property=\"og:description\" content=\"Lorsque vous naviguez sur nos sites Internet, effectuez des recherches, utilisez nos services, vous devez de mani\u00e8re transparente avoir l\u2019information claire et pr\u00e9cise de ce que nous faisons de vos donn\u00e9es personnelles. Cette information est la base de la confiance \u2026 Armatis-lc s\u2019engage \u00e0 ce que la collecte et le traitement de vos Donn\u00e9es \u00e0 [&hellip;]\" \/>\n<meta property=\"og:url\" content=\"https:\/\/emploi.armatis.com\/tn\/privacy-policy\/\" \/>\n<meta property=\"og:site_name\" content=\"Armatis\" \/>\n<meta name=\"twitter:card\" content=\"summary_large_image\" \/>\n<meta name=\"twitter:label1\" content=\"Est. reading time\" \/>\n\t<meta name=\"twitter:data1\" content=\"8 minutes\" \/>\n<script type=\"application\/ld+json\" class=\"yoast-schema-graph\">{\"@context\":\"https:\/\/schema.org\",\"@graph\":[{\"@type\":\"WebPage\",\"@id\":\"https:\/\/emploi.armatis.com\/tn\/privacy-policy\/\",\"url\":\"https:\/\/emploi.armatis.com\/tn\/privacy-policy\/\",\"name\":\"Privacy Policy - Armatis\",\"isPartOf\":{\"@id\":\"https:\/\/emploi.armatis.com\/tn\/#website\"},\"datePublished\":\"2023-08-14T07:35:54+00:00\",\"breadcrumb\":{\"@id\":\"https:\/\/emploi.armatis.com\/tn\/privacy-policy\/#breadcrumb\"},\"inLanguage\":\"tn-TN\",\"potentialAction\":[{\"@type\":\"ReadAction\",\"target\":[\"https:\/\/emploi.armatis.com\/tn\/privacy-policy\/\"]}]},{\"@type\":\"BreadcrumbList\",\"@id\":\"https:\/\/emploi.armatis.com\/tn\/privacy-policy\/#breadcrumb\",\"itemListElement\":[{\"@type\":\"ListItem\",\"position\":1,\"name\":\"Home\",\"item\":\"https:\/\/emploi.armatis.com\/tn\/\"},{\"@type\":\"ListItem\",\"position\":2,\"name\":\"Privacy Policy\"}]},{\"@type\":\"WebSite\",\"@id\":\"https:\/\/emploi.armatis.com\/tn\/#website\",\"url\":\"https:\/\/emploi.armatis.com\/tn\/\",\"name\":\"Armatis\",\"description\":\"\",\"publisher\":{\"@id\":\"https:\/\/emploi.armatis.com\/tn\/#organization\"},\"potentialAction\":[{\"@type\":\"SearchAction\",\"target\":{\"@type\":\"EntryPoint\",\"urlTemplate\":\"https:\/\/emploi.armatis.com\/tn\/?s={search_term_string}\"},\"query-input\":{\"@type\":\"PropertyValueSpecification\",\"valueRequired\":true,\"valueName\":\"search_term_string\"}}],\"inLanguage\":\"tn-TN\"},{\"@type\":\"Organization\",\"@id\":\"https:\/\/emploi.armatis.com\/tn\/#organization\",\"name\":\"Armatis\",\"url\":\"https:\/\/emploi.armatis.com\/tn\/\",\"logo\":{\"@type\":\"ImageObject\",\"inLanguage\":\"tn-TN\",\"@id\":\"https:\/\/emploi.armatis.com\/tn\/#\/schema\/logo\/image\/\",\"url\":\"https:\/\/emploi.armatis.com\/wp-content\/uploads\/2025\/07\/cropped-Logo-Armatis-ss-Baseline-Blanc-point-aqua-Copie-scaled-1.png\",\"contentUrl\":\"https:\/\/emploi.armatis.com\/wp-content\/uploads\/2025\/07\/cropped-Logo-Armatis-ss-Baseline-Blanc-point-aqua-Copie-scaled-1.png\",\"width\":2560,\"height\":393,\"caption\":\"Armatis\"},\"image\":{\"@id\":\"https:\/\/emploi.armatis.com\/tn\/#\/schema\/logo\/image\/\"}}]}<\/script>\n<!-- \/ Yoast SEO plugin. -->","yoast_head_json":{"title":"Privacy Policy - Armatis","robots":{"index":"index","follow":"follow","max-snippet":"max-snippet:-1","max-image-preview":"max-image-preview:large","max-video-preview":"max-video-preview:-1"},"canonical":"https:\/\/emploi.armatis.com\/tn\/privacy-policy\/","og_locale":"en_US","og_type":"article","og_title":"Privacy Policy - Armatis","og_description":"Lorsque vous naviguez sur nos sites Internet, effectuez des recherches, utilisez nos services, vous devez de mani\u00e8re transparente avoir l\u2019information claire et pr\u00e9cise de ce que nous faisons de vos donn\u00e9es personnelles. Cette information est la base de la confiance \u2026 Armatis-lc s\u2019engage \u00e0 ce que la collecte et le traitement de vos Donn\u00e9es \u00e0 [&hellip;]","og_url":"https:\/\/emploi.armatis.com\/tn\/privacy-policy\/","og_site_name":"Armatis","twitter_card":"summary_large_image","twitter_misc":{"Est. reading time":"8 minutes"},"schema":{"@context":"https:\/\/schema.org","@graph":[{"@type":"WebPage","@id":"https:\/\/emploi.armatis.com\/tn\/privacy-policy\/","url":"https:\/\/emploi.armatis.com\/tn\/privacy-policy\/","name":"Privacy Policy - Armatis","isPartOf":{"@id":"https:\/\/emploi.armatis.com\/tn\/#website"},"datePublished":"2023-08-14T07:35:54+00:00","breadcrumb":{"@id":"https:\/\/emploi.armatis.com\/tn\/privacy-policy\/#breadcrumb"},"inLanguage":"tn-TN","potentialAction":[{"@type":"ReadAction","target":["https:\/\/emploi.armatis.com\/tn\/privacy-policy\/"]}]},{"@type":"BreadcrumbList","@id":"https:\/\/emploi.armatis.com\/tn\/privacy-policy\/#breadcrumb","itemListElement":[{"@type":"ListItem","position":1,"name":"Home","item":"https:\/\/emploi.armatis.com\/tn\/"},{"@type":"ListItem","position":2,"name":"Privacy Policy"}]},{"@type":"WebSite","@id":"https:\/\/emploi.armatis.com\/tn\/#website","url":"https:\/\/emploi.armatis.com\/tn\/","name":"Armatis","description":"","publisher":{"@id":"https:\/\/emploi.armatis.com\/tn\/#organization"},"potentialAction":[{"@type":"SearchAction","target":{"@type":"EntryPoint","urlTemplate":"https:\/\/emploi.armatis.com\/tn\/?s={search_term_string}"},"query-input":{"@type":"PropertyValueSpecification","valueRequired":true,"valueName":"search_term_string"}}],"inLanguage":"tn-TN"},{"@type":"Organization","@id":"https:\/\/emploi.armatis.com\/tn\/#organization","name":"Armatis","url":"https:\/\/emploi.armatis.com\/tn\/","logo":{"@type":"ImageObject","inLanguage":"tn-TN","@id":"https:\/\/emploi.armatis.com\/tn\/#\/schema\/logo\/image\/","url":"https:\/\/emploi.armatis.com\/wp-content\/uploads\/2025\/07\/cropped-Logo-Armatis-ss-Baseline-Blanc-point-aqua-Copie-scaled-1.png","contentUrl":"https:\/\/emploi.armatis.com\/wp-content\/uploads\/2025\/07\/cropped-Logo-Armatis-ss-Baseline-Blanc-point-aqua-Copie-scaled-1.png","width":2560,"height":393,"caption":"Armatis"},"image":{"@id":"https:\/\/emploi.armatis.com\/tn\/#\/schema\/logo\/image\/"}}]}},"_links":{"self":[{"href":"https:\/\/emploi.armatis.com\/tn\/wp-json\/wp\/v2\/pages\/15742","targetHints":{"allow":["GET"]}}],"collection":[{"href":"https:\/\/emploi.armatis.com\/tn\/wp-json\/wp\/v2\/pages"}],"about":[{"href":"https:\/\/emploi.armatis.com\/tn\/wp-json\/wp\/v2\/types\/page"}],"author":[{"embeddable":true,"href":"https:\/\/emploi.armatis.com\/tn\/wp-json\/wp\/v2\/users\/13"}],"replies":[{"embeddable":true,"href":"https:\/\/emploi.armatis.com\/tn\/wp-json\/wp\/v2\/comments?post=15742"}],"version-history":[{"count":0,"href":"https:\/\/emploi.armatis.com\/tn\/wp-json\/wp\/v2\/pages\/15742\/revisions"}],"wp:attachment":[{"href":"https:\/\/emploi.armatis.com\/tn\/wp-json\/wp\/v2\/media?parent=15742"}],"curies":[{"name":"wp","href":"https:\/\/api.w.org\/{rel}","templated":true}]}}