{"id":15687,"date":"2020-08-07T17:11:24","date_gmt":"2020-08-07T15:11:24","guid":{"rendered":"https:\/\/emploi.soda-demo.com\/nos-offres\/"},"modified":"2023-08-10T14:58:11","modified_gmt":"2023-08-10T12:58:11","slug":"nos-offres","status":"publish","type":"page","link":"https:\/\/emploi.armatis.com\/tn\/nos-offres\/","title":{"rendered":"Nos offres"},"content":{"rendered":"","protected":false},"excerpt":{"rendered":"","protected":false},"author":13,"featured_media":0,"parent":0,"menu_order":0,"comment_status":"closed","ping_status":"closed","template":"page-templates\/nos-offres.php","meta":{"_acf_changed":false,"footnotes":""},"class_list":["post-15687","page","type-page","status-publish","hentry"],"acf":{"banner_infos":{"titre_niv_1":"Ce n'est pas l'offre qui fait le<br\/>\r\nposte, c'est le candidat !","banner_slogan":"Pr\u00e9parez-vous \u00e0  vous \u00e9tonner!","miniature_first":"https:\/\/emploi.armatis.com\/wp-content\/uploads\/2020\/10\/clientschoice_06-1-scaled-e1601637945478.jpg","miniature_last":"https:\/\/emploi.armatis.com\/wp-content\/uploads\/2020\/10\/71664_0017_f_1572293556-2-scaled.jpg"},"titre_section_liste":"24 offres correspondent \u00e0 votre recherche","chargement":"","charger_plus":"Voir d'autres offres"},"yoast_head":"<!-- This site is optimized with the Yoast SEO plugin v26.1.1 - https:\/\/yoast.com\/wordpress\/plugins\/seo\/ -->\n<title>Nos offres - Armatis<\/title>\n<meta name=\"robots\" content=\"index, follow, max-snippet:-1, max-image-preview:large, max-video-preview:-1\" \/>\n<link rel=\"canonical\" href=\"https:\/\/emploi.armatis.com\/tn\/nos-offres\/\" \/>\n<meta property=\"og:locale\" content=\"en_US\" \/>\n<meta property=\"og:type\" content=\"article\" \/>\n<meta property=\"og:title\" content=\"Nos offres - Armatis\" \/>\n<meta property=\"og:url\" content=\"https:\/\/emploi.armatis.com\/tn\/nos-offres\/\" \/>\n<meta property=\"og:site_name\" content=\"Armatis\" \/>\n<meta property=\"article:modified_time\" content=\"2023-08-10T12:58:11+00:00\" \/>\n<meta name=\"twitter:card\" content=\"summary_large_image\" \/>\n<script type=\"application\/ld+json\" class=\"yoast-schema-graph\">{\"@context\":\"https:\/\/schema.org\",\"@graph\":[{\"@type\":\"WebPage\",\"@id\":\"https:\/\/emploi.armatis.com\/tn\/nos-offres\/\",\"url\":\"https:\/\/emploi.armatis.com\/tn\/nos-offres\/\",\"name\":\"Nos offres - Armatis\",\"isPartOf\":{\"@id\":\"https:\/\/emploi.armatis.com\/tn\/#website\"},\"datePublished\":\"2020-08-07T15:11:24+00:00\",\"dateModified\":\"2023-08-10T12:58:11+00:00\",\"breadcrumb\":{\"@id\":\"https:\/\/emploi.armatis.com\/tn\/nos-offres\/#breadcrumb\"},\"inLanguage\":\"tn-TN\",\"potentialAction\":[{\"@type\":\"ReadAction\",\"target\":[\"https:\/\/emploi.armatis.com\/tn\/nos-offres\/\"]}]},{\"@type\":\"BreadcrumbList\",\"@id\":\"https:\/\/emploi.armatis.com\/tn\/nos-offres\/#breadcrumb\",\"itemListElement\":[{\"@type\":\"ListItem\",\"position\":1,\"name\":\"Home\",\"item\":\"https:\/\/emploi.armatis.com\/tn\/\"},{\"@type\":\"ListItem\",\"position\":2,\"name\":\"Nos offres\"}]},{\"@type\":\"WebSite\",\"@id\":\"https:\/\/emploi.armatis.com\/tn\/#website\",\"url\":\"https:\/\/emploi.armatis.com\/tn\/\",\"name\":\"Armatis\",\"description\":\"\",\"publisher\":{\"@id\":\"https:\/\/emploi.armatis.com\/tn\/#organization\"},\"potentialAction\":[{\"@type\":\"SearchAction\",\"target\":{\"@type\":\"EntryPoint\",\"urlTemplate\":\"https:\/\/emploi.armatis.com\/tn\/?s={search_term_string}\"},\"query-input\":{\"@type\":\"PropertyValueSpecification\",\"valueRequired\":true,\"valueName\":\"search_term_string\"}}],\"inLanguage\":\"tn-TN\"},{\"@type\":\"Organization\",\"@id\":\"https:\/\/emploi.armatis.com\/tn\/#organization\",\"name\":\"Armatis\",\"url\":\"https:\/\/emploi.armatis.com\/tn\/\",\"logo\":{\"@type\":\"ImageObject\",\"inLanguage\":\"tn-TN\",\"@id\":\"https:\/\/emploi.armatis.com\/tn\/#\/schema\/logo\/image\/\",\"url\":\"https:\/\/emploi.armatis.com\/wp-content\/uploads\/2025\/07\/cropped-Logo-Armatis-ss-Baseline-Blanc-point-aqua-Copie-scaled-1.png\",\"contentUrl\":\"https:\/\/emploi.armatis.com\/wp-content\/uploads\/2025\/07\/cropped-Logo-Armatis-ss-Baseline-Blanc-point-aqua-Copie-scaled-1.png\",\"width\":2560,\"height\":393,\"caption\":\"Armatis\"},\"image\":{\"@id\":\"https:\/\/emploi.armatis.com\/tn\/#\/schema\/logo\/image\/\"}}]}<\/script>\n<!-- \/ Yoast SEO plugin. -->","yoast_head_json":{"title":"Nos offres - Armatis","robots":{"index":"index","follow":"follow","max-snippet":"max-snippet:-1","max-image-preview":"max-image-preview:large","max-video-preview":"max-video-preview:-1"},"canonical":"https:\/\/emploi.armatis.com\/tn\/nos-offres\/","og_locale":"en_US","og_type":"article","og_title":"Nos offres - Armatis","og_url":"https:\/\/emploi.armatis.com\/tn\/nos-offres\/","og_site_name":"Armatis","article_modified_time":"2023-08-10T12:58:11+00:00","twitter_card":"summary_large_image","schema":{"@context":"https:\/\/schema.org","@graph":[{"@type":"WebPage","@id":"https:\/\/emploi.armatis.com\/tn\/nos-offres\/","url":"https:\/\/emploi.armatis.com\/tn\/nos-offres\/","name":"Nos offres - Armatis","isPartOf":{"@id":"https:\/\/emploi.armatis.com\/tn\/#website"},"datePublished":"2020-08-07T15:11:24+00:00","dateModified":"2023-08-10T12:58:11+00:00","breadcrumb":{"@id":"https:\/\/emploi.armatis.com\/tn\/nos-offres\/#breadcrumb"},"inLanguage":"tn-TN","potentialAction":[{"@type":"ReadAction","target":["https:\/\/emploi.armatis.com\/tn\/nos-offres\/"]}]},{"@type":"BreadcrumbList","@id":"https:\/\/emploi.armatis.com\/tn\/nos-offres\/#breadcrumb","itemListElement":[{"@type":"ListItem","position":1,"name":"Home","item":"https:\/\/emploi.armatis.com\/tn\/"},{"@type":"ListItem","position":2,"name":"Nos offres"}]},{"@type":"WebSite","@id":"https:\/\/emploi.armatis.com\/tn\/#website","url":"https:\/\/emploi.armatis.com\/tn\/","name":"Armatis","description":"","publisher":{"@id":"https:\/\/emploi.armatis.com\/tn\/#organization"},"potentialAction":[{"@type":"SearchAction","target":{"@type":"EntryPoint","urlTemplate":"https:\/\/emploi.armatis.com\/tn\/?s={search_term_string}"},"query-input":{"@type":"PropertyValueSpecification","valueRequired":true,"valueName":"search_term_string"}}],"inLanguage":"tn-TN"},{"@type":"Organization","@id":"https:\/\/emploi.armatis.com\/tn\/#organization","name":"Armatis","url":"https:\/\/emploi.armatis.com\/tn\/","logo":{"@type":"ImageObject","inLanguage":"tn-TN","@id":"https:\/\/emploi.armatis.com\/tn\/#\/schema\/logo\/image\/","url":"https:\/\/emploi.armatis.com\/wp-content\/uploads\/2025\/07\/cropped-Logo-Armatis-ss-Baseline-Blanc-point-aqua-Copie-scaled-1.png","contentUrl":"https:\/\/emploi.armatis.com\/wp-content\/uploads\/2025\/07\/cropped-Logo-Armatis-ss-Baseline-Blanc-point-aqua-Copie-scaled-1.png","width":2560,"height":393,"caption":"Armatis"},"image":{"@id":"https:\/\/emploi.armatis.com\/tn\/#\/schema\/logo\/image\/"}}]}},"_links":{"self":[{"href":"https:\/\/emploi.armatis.com\/tn\/wp-json\/wp\/v2\/pages\/15687","targetHints":{"allow":["GET"]}}],"collection":[{"href":"https:\/\/emploi.armatis.com\/tn\/wp-json\/wp\/v2\/pages"}],"about":[{"href":"https:\/\/emploi.armatis.com\/tn\/wp-json\/wp\/v2\/types\/page"}],"author":[{"embeddable":true,"href":"https:\/\/emploi.armatis.com\/tn\/wp-json\/wp\/v2\/users\/13"}],"replies":[{"embeddable":true,"href":"https:\/\/emploi.armatis.com\/tn\/wp-json\/wp\/v2\/comments?post=15687"}],"version-history":[{"count":4,"href":"https:\/\/emploi.armatis.com\/tn\/wp-json\/wp\/v2\/pages\/15687\/revisions"}],"predecessor-version":[{"id":15716,"href":"https:\/\/emploi.armatis.com\/tn\/wp-json\/wp\/v2\/pages\/15687\/revisions\/15716"}],"wp:attachment":[{"href":"https:\/\/emploi.armatis.com\/tn\/wp-json\/wp\/v2\/media?parent=15687"}],"curies":[{"name":"wp","href":"https:\/\/api.w.org\/{rel}","templated":true}]}}