{"id":15686,"date":"2020-08-07T17:11:41","date_gmt":"2020-08-07T15:11:41","guid":{"rendered":"https:\/\/emploi.soda-demo.com\/nos-metiers\/"},"modified":"2023-08-17T11:48:11","modified_gmt":"2023-08-17T09:48:11","slug":"nos-metiers","status":"publish","type":"page","link":"https:\/\/emploi.armatis.com\/tn\/nos-metiers\/","title":{"rendered":"Nos m\u00e9tiers"},"content":{"rendered":"<h2><b>Armatis, c\u2019est un groupe uni et fort<\/b><\/h2>\n<p>Nous associons assez ais\u00e9ment centres de contacts et conseillers clients. Si ces derniers constituent l\u2019essence m\u00eame de notre m\u00e9tier, le succ\u00e8s d\u2019une activit\u00e9 est n\u00e9anmoins le fruit de toute une \u00e9quipe qui travaille en coh\u00e9sion pour remplir les objectifs fix\u00e9s par nos partenaires. D\u00e9couvrez en image les p\u00e9rim\u00e8tres et missions des diff\u00e9rents postes qui composent notre entreprise.<\/p>\n","protected":false},"excerpt":{"rendered":"<p>Armatis, c\u2019est un groupe uni et fort Nous associons assez ais\u00e9ment centres de contacts et conseillers clients. Si ces derniers constituent l\u2019essence m\u00eame de notre m\u00e9tier, le succ\u00e8s d\u2019une activit\u00e9 est n\u00e9anmoins le fruit de toute une \u00e9quipe qui travaille en coh\u00e9sion pour remplir les objectifs fix\u00e9s par nos partenaires. D\u00e9couvrez en image les p\u00e9rim\u00e8tres [&hellip;]<\/p>\n","protected":false},"author":13,"featured_media":0,"parent":0,"menu_order":0,"comment_status":"closed","ping_status":"closed","template":"page-templates\/nos-metiers.php","meta":{"_acf_changed":false,"footnotes":""},"class_list":["post-15686","page","type-page","status-publish","hentry"],"acf":{"chargement":"Chargement","charger_plus":"Nos autres m\u00e9tiers"},"yoast_head":"<!-- This site is optimized with the Yoast SEO plugin v26.1.1 - https:\/\/yoast.com\/wordpress\/plugins\/seo\/ -->\n<title>Nos m\u00e9tiers - Armatis<\/title>\n<meta name=\"robots\" content=\"index, follow, max-snippet:-1, max-image-preview:large, max-video-preview:-1\" \/>\n<link rel=\"canonical\" href=\"https:\/\/emploi.armatis.com\/tn\/nos-metiers\/\" \/>\n<meta property=\"og:locale\" content=\"en_US\" \/>\n<meta property=\"og:type\" content=\"article\" \/>\n<meta property=\"og:title\" content=\"Nos m\u00e9tiers - Armatis\" \/>\n<meta property=\"og:description\" content=\"Armatis, c\u2019est un groupe uni et fort Nous associons assez ais\u00e9ment centres de contacts et conseillers clients. Si ces derniers constituent l\u2019essence m\u00eame de notre m\u00e9tier, le succ\u00e8s d\u2019une activit\u00e9 est n\u00e9anmoins le fruit de toute une \u00e9quipe qui travaille en coh\u00e9sion pour remplir les objectifs fix\u00e9s par nos partenaires. D\u00e9couvrez en image les p\u00e9rim\u00e8tres [&hellip;]\" \/>\n<meta property=\"og:url\" content=\"https:\/\/emploi.armatis.com\/tn\/nos-metiers\/\" \/>\n<meta property=\"og:site_name\" content=\"Armatis\" \/>\n<meta property=\"article:modified_time\" content=\"2023-08-17T09:48:11+00:00\" \/>\n<meta name=\"twitter:card\" content=\"summary_large_image\" \/>\n<meta name=\"twitter:label1\" content=\"Est. reading time\" \/>\n\t<meta name=\"twitter:data1\" content=\"1 minute\" \/>\n<script type=\"application\/ld+json\" class=\"yoast-schema-graph\">{\"@context\":\"https:\/\/schema.org\",\"@graph\":[{\"@type\":\"WebPage\",\"@id\":\"https:\/\/emploi.armatis.com\/tn\/nos-metiers\/\",\"url\":\"https:\/\/emploi.armatis.com\/tn\/nos-metiers\/\",\"name\":\"Nos m\u00e9tiers - Armatis\",\"isPartOf\":{\"@id\":\"https:\/\/emploi.armatis.com\/tn\/#website\"},\"datePublished\":\"2020-08-07T15:11:41+00:00\",\"dateModified\":\"2023-08-17T09:48:11+00:00\",\"breadcrumb\":{\"@id\":\"https:\/\/emploi.armatis.com\/tn\/nos-metiers\/#breadcrumb\"},\"inLanguage\":\"tn-TN\",\"potentialAction\":[{\"@type\":\"ReadAction\",\"target\":[\"https:\/\/emploi.armatis.com\/tn\/nos-metiers\/\"]}]},{\"@type\":\"BreadcrumbList\",\"@id\":\"https:\/\/emploi.armatis.com\/tn\/nos-metiers\/#breadcrumb\",\"itemListElement\":[{\"@type\":\"ListItem\",\"position\":1,\"name\":\"Home\",\"item\":\"https:\/\/emploi.armatis.com\/tn\/\"},{\"@type\":\"ListItem\",\"position\":2,\"name\":\"Nos m\u00e9tiers\"}]},{\"@type\":\"WebSite\",\"@id\":\"https:\/\/emploi.armatis.com\/tn\/#website\",\"url\":\"https:\/\/emploi.armatis.com\/tn\/\",\"name\":\"Armatis\",\"description\":\"\",\"publisher\":{\"@id\":\"https:\/\/emploi.armatis.com\/tn\/#organization\"},\"potentialAction\":[{\"@type\":\"SearchAction\",\"target\":{\"@type\":\"EntryPoint\",\"urlTemplate\":\"https:\/\/emploi.armatis.com\/tn\/?s={search_term_string}\"},\"query-input\":{\"@type\":\"PropertyValueSpecification\",\"valueRequired\":true,\"valueName\":\"search_term_string\"}}],\"inLanguage\":\"tn-TN\"},{\"@type\":\"Organization\",\"@id\":\"https:\/\/emploi.armatis.com\/tn\/#organization\",\"name\":\"Armatis\",\"url\":\"https:\/\/emploi.armatis.com\/tn\/\",\"logo\":{\"@type\":\"ImageObject\",\"inLanguage\":\"tn-TN\",\"@id\":\"https:\/\/emploi.armatis.com\/tn\/#\/schema\/logo\/image\/\",\"url\":\"https:\/\/emploi.armatis.com\/wp-content\/uploads\/2025\/07\/cropped-Logo-Armatis-ss-Baseline-Blanc-point-aqua-Copie-scaled-1.png\",\"contentUrl\":\"https:\/\/emploi.armatis.com\/wp-content\/uploads\/2025\/07\/cropped-Logo-Armatis-ss-Baseline-Blanc-point-aqua-Copie-scaled-1.png\",\"width\":2560,\"height\":393,\"caption\":\"Armatis\"},\"image\":{\"@id\":\"https:\/\/emploi.armatis.com\/tn\/#\/schema\/logo\/image\/\"}}]}<\/script>\n<!-- \/ Yoast SEO plugin. -->","yoast_head_json":{"title":"Nos m\u00e9tiers - Armatis","robots":{"index":"index","follow":"follow","max-snippet":"max-snippet:-1","max-image-preview":"max-image-preview:large","max-video-preview":"max-video-preview:-1"},"canonical":"https:\/\/emploi.armatis.com\/tn\/nos-metiers\/","og_locale":"en_US","og_type":"article","og_title":"Nos m\u00e9tiers - Armatis","og_description":"Armatis, c\u2019est un groupe uni et fort Nous associons assez ais\u00e9ment centres de contacts et conseillers clients. Si ces derniers constituent l\u2019essence m\u00eame de notre m\u00e9tier, le succ\u00e8s d\u2019une activit\u00e9 est n\u00e9anmoins le fruit de toute une \u00e9quipe qui travaille en coh\u00e9sion pour remplir les objectifs fix\u00e9s par nos partenaires. D\u00e9couvrez en image les p\u00e9rim\u00e8tres [&hellip;]","og_url":"https:\/\/emploi.armatis.com\/tn\/nos-metiers\/","og_site_name":"Armatis","article_modified_time":"2023-08-17T09:48:11+00:00","twitter_card":"summary_large_image","twitter_misc":{"Est. reading time":"1 minute"},"schema":{"@context":"https:\/\/schema.org","@graph":[{"@type":"WebPage","@id":"https:\/\/emploi.armatis.com\/tn\/nos-metiers\/","url":"https:\/\/emploi.armatis.com\/tn\/nos-metiers\/","name":"Nos m\u00e9tiers - Armatis","isPartOf":{"@id":"https:\/\/emploi.armatis.com\/tn\/#website"},"datePublished":"2020-08-07T15:11:41+00:00","dateModified":"2023-08-17T09:48:11+00:00","breadcrumb":{"@id":"https:\/\/emploi.armatis.com\/tn\/nos-metiers\/#breadcrumb"},"inLanguage":"tn-TN","potentialAction":[{"@type":"ReadAction","target":["https:\/\/emploi.armatis.com\/tn\/nos-metiers\/"]}]},{"@type":"BreadcrumbList","@id":"https:\/\/emploi.armatis.com\/tn\/nos-metiers\/#breadcrumb","itemListElement":[{"@type":"ListItem","position":1,"name":"Home","item":"https:\/\/emploi.armatis.com\/tn\/"},{"@type":"ListItem","position":2,"name":"Nos m\u00e9tiers"}]},{"@type":"WebSite","@id":"https:\/\/emploi.armatis.com\/tn\/#website","url":"https:\/\/emploi.armatis.com\/tn\/","name":"Armatis","description":"","publisher":{"@id":"https:\/\/emploi.armatis.com\/tn\/#organization"},"potentialAction":[{"@type":"SearchAction","target":{"@type":"EntryPoint","urlTemplate":"https:\/\/emploi.armatis.com\/tn\/?s={search_term_string}"},"query-input":{"@type":"PropertyValueSpecification","valueRequired":true,"valueName":"search_term_string"}}],"inLanguage":"tn-TN"},{"@type":"Organization","@id":"https:\/\/emploi.armatis.com\/tn\/#organization","name":"Armatis","url":"https:\/\/emploi.armatis.com\/tn\/","logo":{"@type":"ImageObject","inLanguage":"tn-TN","@id":"https:\/\/emploi.armatis.com\/tn\/#\/schema\/logo\/image\/","url":"https:\/\/emploi.armatis.com\/wp-content\/uploads\/2025\/07\/cropped-Logo-Armatis-ss-Baseline-Blanc-point-aqua-Copie-scaled-1.png","contentUrl":"https:\/\/emploi.armatis.com\/wp-content\/uploads\/2025\/07\/cropped-Logo-Armatis-ss-Baseline-Blanc-point-aqua-Copie-scaled-1.png","width":2560,"height":393,"caption":"Armatis"},"image":{"@id":"https:\/\/emploi.armatis.com\/tn\/#\/schema\/logo\/image\/"}}]}},"_links":{"self":[{"href":"https:\/\/emploi.armatis.com\/tn\/wp-json\/wp\/v2\/pages\/15686","targetHints":{"allow":["GET"]}}],"collection":[{"href":"https:\/\/emploi.armatis.com\/tn\/wp-json\/wp\/v2\/pages"}],"about":[{"href":"https:\/\/emploi.armatis.com\/tn\/wp-json\/wp\/v2\/types\/page"}],"author":[{"embeddable":true,"href":"https:\/\/emploi.armatis.com\/tn\/wp-json\/wp\/v2\/users\/13"}],"replies":[{"embeddable":true,"href":"https:\/\/emploi.armatis.com\/tn\/wp-json\/wp\/v2\/comments?post=15686"}],"version-history":[{"count":8,"href":"https:\/\/emploi.armatis.com\/tn\/wp-json\/wp\/v2\/pages\/15686\/revisions"}],"predecessor-version":[{"id":15740,"href":"https:\/\/emploi.armatis.com\/tn\/wp-json\/wp\/v2\/pages\/15686\/revisions\/15740"}],"wp:attachment":[{"href":"https:\/\/emploi.armatis.com\/tn\/wp-json\/wp\/v2\/media?parent=15686"}],"curies":[{"name":"wp","href":"https:\/\/api.w.org\/{rel}","templated":true}]}}