{"id":15629,"date":"2023-08-10T12:41:10","date_gmt":"2023-08-10T10:41:10","guid":{"rendered":"https:\/\/emploi.soda-demo.com\/a-propos\/"},"modified":"2023-08-17T11:37:36","modified_gmt":"2023-08-17T09:37:36","slug":"a-propos","status":"publish","type":"page","link":"https:\/\/emploi.armatis.com\/tn\/a-propos\/","title":{"rendered":"\u00c0 propos"},"content":{"rendered":"<p>vbcbddcx<\/p>\n","protected":false},"excerpt":{"rendered":"<p>vbcbddcx<\/p>\n","protected":false},"author":13,"featured_media":0,"parent":0,"menu_order":0,"comment_status":"closed","ping_status":"closed","template":"page-templates\/a-propos.php","meta":{"_acf_changed":false,"footnotes":""},"class_list":["post-15629","page","type-page","status-publish","hentry"],"acf":{"titre_about_header":"30 ANS D\u2019EXPERTISE DANS L\u2019EXPERIENCE CLIENT\u2026 ET COLLABORATEUR.","contenu_about_header":"<p>Une relation loyale et p\u00e9renne avec un grand nombre de nos salari\u00e9s, bas\u00e9e sur les valeurs d\u2019engagement, de diversit\u00e9, pertinence et unit\u00e9.<\/p>\n","image_de_fond_about_header":15680,"image_de_fond_about_header_mobile":15680,"card_experience":[{"pictogramme_card_experience":"https:\/\/emploi.armatis.com\/wp-content\/uploads\/2020\/09\/noun_Mission_2191323.png","titre_card_experience":"Nos missions et nos responsabilit\u00e9 en vers vous","contenu_card_experience":"<p>Proposer des services de conception et gestion de strat\u00e9gie client, de conqu\u00eate et fid\u00e9lisation. Proposer des services de conception et gestion de strat\u00e9gie client, de conqu\u00eate et fid\u00e9lisation.<\/p>\n"},{"pictogramme_card_experience":"https:\/\/emploi.armatis.com\/wp-content\/uploads\/2020\/09\/noun_goal_2134086.png","titre_card_experience":"Nos objectifs","contenu_card_experience":"<p>La coh\u00e9rence de l\u2019exp\u00e9rience client, la qualit\u00e9 per\u00e7ue et le plaisir relationnel<\/p>\n"},{"pictogramme_card_experience":"https:\/\/emploi.armatis.com\/wp-content\/uploads\/2020\/09\/noun_strong-links_2876111.png","titre_card_experience":"Nos forces","contenu_card_experience":"<p>La capacit\u00e9 \u00e0 intervenir sur l\u2019int\u00e9gralit\u00e9 du cycle de vie client et sur tous les canaux d\u2019interaction. Des solutions innovantes cr\u00e9atrices de valeur avec les partenaires reconnus sur leur march\u00e9<\/p>\n"}],"image_de_fond_video_about":false,"section_author_citation":"","section_lieu":"site de Bordeaux","section_citation":"<p>Ce qui caract\u00e9rise Armatis, c&#8217;est notre capacit\u00e9 \u00e0 \u00eatre flexible et \u00e0 permettre aux gens de changer de m\u00e9tier, d&#8217;\u00e9voluer ou de cr\u00e9er des skills diverses et vari\u00e9es au sein de l&#8217;entreprise.<\/p>\n","video_id_video_about":"","titre_video_media":"Lorem ipsum dolor sit amet, concepteur adipisicing elit.","contenu_video_media":"<p>Tempor incididunt ut labore et dolore magna aliqua. Ut enim ad minim veniam, quiepakis nostrud exercitation ullamco laboris nsi ut aliquip ex<br \/>\nea comepmodo consetquat.<br \/>\nadipisicing elit, sed do eiusmod tempor incididunt ut labore et dolore magna aliqua. Ut enim ad minim veniam, quiepakis nostrud exerci.<\/p>\n","cta_video_media":{"label_cta_video_media":"","lien_cta_video_media":"","couleur_cta_video_media":""},"video_video_media":{"video_id_video_video_media":"","miniature_video_video_media":false},"titre_engagement":"Engagement &amp; Confiance","content_engagement":"<p><strong>Accomplir nos missions, guid\u00e9s par les enjeux de nos partenaires.<\/strong><\/p>\n<p>Parce que nous sommes convaincus que les r\u00e9ussites sont tant collectives qu\u2019individuelles, chez Armatis, chaque collaborateur a un r\u00f4le cl\u00e9 dans la r\u00e9ussite d\u2019une activit\u00e9. Notre engagement se situe tant envers nos partenaires dans l\u2019accomplissement des objectifs fix\u00e9s, qu\u2019au niveau de nos salari\u00e9s dans le respect des conditions d\u2019embauche annonc\u00e9es. Ces engagements sont la cl\u00e9 pour cr\u00e9er cette relation de confiance durable, permettant d\u2019unir tous les maillons de la cha\u00eene .<\/p>\n","photo_engagement":15658,"titre_diversite":"Diversit\u00e9","description_diversite":"<p><strong>Promouvoir notre pluralit\u00e9 et mobiliser nos talents dans la bienveillance et le respect d\u2019autrui.<\/strong><\/p>\n<p>Nous appliquons des process stricts d\u00e8s le recrutement et tout au long de la vie du collaborateur, afin de garantir l\u2019\u00e9galit\u00e9 des chances et l\u2019\u00e9quit\u00e9 des parcours. Au quotidien, cette diversit\u00e9 se traduit par des \u00e9changes, initiatives et animations sur nos plateaux et en dehors pour sensibiliser et instruire nos salari\u00e9s sur ces sujets.<\/p>\n","diaporama":[15684,15657],"titre_pertinence":"Unit\u00e9","contenu_pertinence":"<p><strong>F\u00e9d\u00e9rer les femmes et les hommes d&#8217;Armatis autour d&#8217;une vision commune.<\/strong><\/p>\n<p>Notre principal enjeu est la satisfaction des clients finaux. Le d\u00e9nominateur commun des personnes qui font nos m\u00e9tiers et qui composent notre entreprise est l&#8217;esprit et le sens du service : on aime aider les autres. Les femmes et les hommes d\u2019Armatis ont une volont\u00e9 de faire avancer le groupe quels que soient les challenges rencontr\u00e9s, et c&#8217;est notre plus grande force.<\/p>\n","image_pertinence":15682,"image_pertinence_mobile":15682},"yoast_head":"<!-- This site is optimized with the Yoast SEO plugin v26.1.1 - https:\/\/yoast.com\/wordpress\/plugins\/seo\/ -->\n<title>\u00c0 propos - Armatis<\/title>\n<meta name=\"robots\" content=\"index, follow, max-snippet:-1, max-image-preview:large, max-video-preview:-1\" \/>\n<link rel=\"canonical\" href=\"https:\/\/emploi.armatis.com\/tn\/a-propos\/\" \/>\n<meta property=\"og:locale\" content=\"en_US\" \/>\n<meta property=\"og:type\" content=\"article\" \/>\n<meta property=\"og:title\" content=\"\u00c0 propos - Armatis\" \/>\n<meta property=\"og:description\" content=\"vbcbddcx\" \/>\n<meta property=\"og:url\" content=\"https:\/\/emploi.armatis.com\/tn\/a-propos\/\" \/>\n<meta property=\"og:site_name\" content=\"Armatis\" \/>\n<meta property=\"article:modified_time\" content=\"2023-08-17T09:37:36+00:00\" \/>\n<meta name=\"twitter:card\" content=\"summary_large_image\" \/>\n<meta name=\"twitter:label1\" content=\"Est. reading time\" \/>\n\t<meta name=\"twitter:data1\" content=\"1 minute\" \/>\n<script type=\"application\/ld+json\" class=\"yoast-schema-graph\">{\"@context\":\"https:\/\/schema.org\",\"@graph\":[{\"@type\":\"WebPage\",\"@id\":\"https:\/\/emploi.armatis.com\/tn\/a-propos\/\",\"url\":\"https:\/\/emploi.armatis.com\/tn\/a-propos\/\",\"name\":\"\u00c0 propos - Armatis\",\"isPartOf\":{\"@id\":\"https:\/\/emploi.armatis.com\/tn\/#website\"},\"datePublished\":\"2023-08-10T10:41:10+00:00\",\"dateModified\":\"2023-08-17T09:37:36+00:00\",\"breadcrumb\":{\"@id\":\"https:\/\/emploi.armatis.com\/tn\/a-propos\/#breadcrumb\"},\"inLanguage\":\"tn-TN\",\"potentialAction\":[{\"@type\":\"ReadAction\",\"target\":[\"https:\/\/emploi.armatis.com\/tn\/a-propos\/\"]}]},{\"@type\":\"BreadcrumbList\",\"@id\":\"https:\/\/emploi.armatis.com\/tn\/a-propos\/#breadcrumb\",\"itemListElement\":[{\"@type\":\"ListItem\",\"position\":1,\"name\":\"Home\",\"item\":\"https:\/\/emploi.armatis.com\/tn\/\"},{\"@type\":\"ListItem\",\"position\":2,\"name\":\"\u00c0 propos\"}]},{\"@type\":\"WebSite\",\"@id\":\"https:\/\/emploi.armatis.com\/tn\/#website\",\"url\":\"https:\/\/emploi.armatis.com\/tn\/\",\"name\":\"Armatis\",\"description\":\"\",\"publisher\":{\"@id\":\"https:\/\/emploi.armatis.com\/tn\/#organization\"},\"potentialAction\":[{\"@type\":\"SearchAction\",\"target\":{\"@type\":\"EntryPoint\",\"urlTemplate\":\"https:\/\/emploi.armatis.com\/tn\/?s={search_term_string}\"},\"query-input\":{\"@type\":\"PropertyValueSpecification\",\"valueRequired\":true,\"valueName\":\"search_term_string\"}}],\"inLanguage\":\"tn-TN\"},{\"@type\":\"Organization\",\"@id\":\"https:\/\/emploi.armatis.com\/tn\/#organization\",\"name\":\"Armatis\",\"url\":\"https:\/\/emploi.armatis.com\/tn\/\",\"logo\":{\"@type\":\"ImageObject\",\"inLanguage\":\"tn-TN\",\"@id\":\"https:\/\/emploi.armatis.com\/tn\/#\/schema\/logo\/image\/\",\"url\":\"https:\/\/emploi.armatis.com\/wp-content\/uploads\/2025\/07\/cropped-Logo-Armatis-ss-Baseline-Blanc-point-aqua-Copie-scaled-1.png\",\"contentUrl\":\"https:\/\/emploi.armatis.com\/wp-content\/uploads\/2025\/07\/cropped-Logo-Armatis-ss-Baseline-Blanc-point-aqua-Copie-scaled-1.png\",\"width\":2560,\"height\":393,\"caption\":\"Armatis\"},\"image\":{\"@id\":\"https:\/\/emploi.armatis.com\/tn\/#\/schema\/logo\/image\/\"}}]}<\/script>\n<!-- \/ Yoast SEO plugin. -->","yoast_head_json":{"title":"\u00c0 propos - Armatis","robots":{"index":"index","follow":"follow","max-snippet":"max-snippet:-1","max-image-preview":"max-image-preview:large","max-video-preview":"max-video-preview:-1"},"canonical":"https:\/\/emploi.armatis.com\/tn\/a-propos\/","og_locale":"en_US","og_type":"article","og_title":"\u00c0 propos - Armatis","og_description":"vbcbddcx","og_url":"https:\/\/emploi.armatis.com\/tn\/a-propos\/","og_site_name":"Armatis","article_modified_time":"2023-08-17T09:37:36+00:00","twitter_card":"summary_large_image","twitter_misc":{"Est. reading time":"1 minute"},"schema":{"@context":"https:\/\/schema.org","@graph":[{"@type":"WebPage","@id":"https:\/\/emploi.armatis.com\/tn\/a-propos\/","url":"https:\/\/emploi.armatis.com\/tn\/a-propos\/","name":"\u00c0 propos - Armatis","isPartOf":{"@id":"https:\/\/emploi.armatis.com\/tn\/#website"},"datePublished":"2023-08-10T10:41:10+00:00","dateModified":"2023-08-17T09:37:36+00:00","breadcrumb":{"@id":"https:\/\/emploi.armatis.com\/tn\/a-propos\/#breadcrumb"},"inLanguage":"tn-TN","potentialAction":[{"@type":"ReadAction","target":["https:\/\/emploi.armatis.com\/tn\/a-propos\/"]}]},{"@type":"BreadcrumbList","@id":"https:\/\/emploi.armatis.com\/tn\/a-propos\/#breadcrumb","itemListElement":[{"@type":"ListItem","position":1,"name":"Home","item":"https:\/\/emploi.armatis.com\/tn\/"},{"@type":"ListItem","position":2,"name":"\u00c0 propos"}]},{"@type":"WebSite","@id":"https:\/\/emploi.armatis.com\/tn\/#website","url":"https:\/\/emploi.armatis.com\/tn\/","name":"Armatis","description":"","publisher":{"@id":"https:\/\/emploi.armatis.com\/tn\/#organization"},"potentialAction":[{"@type":"SearchAction","target":{"@type":"EntryPoint","urlTemplate":"https:\/\/emploi.armatis.com\/tn\/?s={search_term_string}"},"query-input":{"@type":"PropertyValueSpecification","valueRequired":true,"valueName":"search_term_string"}}],"inLanguage":"tn-TN"},{"@type":"Organization","@id":"https:\/\/emploi.armatis.com\/tn\/#organization","name":"Armatis","url":"https:\/\/emploi.armatis.com\/tn\/","logo":{"@type":"ImageObject","inLanguage":"tn-TN","@id":"https:\/\/emploi.armatis.com\/tn\/#\/schema\/logo\/image\/","url":"https:\/\/emploi.armatis.com\/wp-content\/uploads\/2025\/07\/cropped-Logo-Armatis-ss-Baseline-Blanc-point-aqua-Copie-scaled-1.png","contentUrl":"https:\/\/emploi.armatis.com\/wp-content\/uploads\/2025\/07\/cropped-Logo-Armatis-ss-Baseline-Blanc-point-aqua-Copie-scaled-1.png","width":2560,"height":393,"caption":"Armatis"},"image":{"@id":"https:\/\/emploi.armatis.com\/tn\/#\/schema\/logo\/image\/"}}]}},"_links":{"self":[{"href":"https:\/\/emploi.armatis.com\/tn\/wp-json\/wp\/v2\/pages\/15629","targetHints":{"allow":["GET"]}}],"collection":[{"href":"https:\/\/emploi.armatis.com\/tn\/wp-json\/wp\/v2\/pages"}],"about":[{"href":"https:\/\/emploi.armatis.com\/tn\/wp-json\/wp\/v2\/types\/page"}],"author":[{"embeddable":true,"href":"https:\/\/emploi.armatis.com\/tn\/wp-json\/wp\/v2\/users\/13"}],"replies":[{"embeddable":true,"href":"https:\/\/emploi.armatis.com\/tn\/wp-json\/wp\/v2\/comments?post=15629"}],"version-history":[{"count":10,"href":"https:\/\/emploi.armatis.com\/tn\/wp-json\/wp\/v2\/pages\/15629\/revisions"}],"predecessor-version":[{"id":15728,"href":"https:\/\/emploi.armatis.com\/tn\/wp-json\/wp\/v2\/pages\/15629\/revisions\/15728"}],"wp:attachment":[{"href":"https:\/\/emploi.armatis.com\/tn\/wp-json\/wp\/v2\/media?parent=15629"}],"curies":[{"name":"wp","href":"https:\/\/api.w.org\/{rel}","templated":true}]}}