{"id":938,"date":"2020-09-29T17:09:19","date_gmt":"2020-09-29T15:09:19","guid":{"rendered":"http:\/\/armatistalent.wpengine.com\/?page_id=938"},"modified":"2023-08-10T12:45:25","modified_gmt":"2023-08-10T10:45:25","slug":"informacoes-legais","status":"publish","type":"page","link":"https:\/\/emploi.armatis.com\/pt-pt\/informacoes-legais\/","title":{"rendered":"Informa\u00e7\u00f5es legais"},"content":{"rendered":"<h2>Condi\u00e7\u00f5es de utiliza\u00e7\u00e3o dos Sites e Informa\u00e7\u00f5es legais<\/h2>\n<h2>1 &#8211; Aceita\u00e7\u00e3o<\/h2>\n<p>Todos os acessos aos sites (aqui a seguir designado por site ou sites) do grupo Armatis-lc (<a href=\"http:\/\/www.armatis.com\/\">http:\/\/www.armatis.com<\/a>\u00a0e\u00a0<a href=\"https:\/\/emploi.soda-demo.com\/\/\">https:\/\/emploi.soda-demo.com\/<\/a>), utiliza\u00e7\u00f5es, pesquisas, download de conte\u00fados desses sites, etc., pelo Utilizador implica a aceita\u00e7\u00e3o das presentes Condi\u00e7\u00f5es de utiliza\u00e7\u00e3o e Informa\u00e7\u00f5es legais.<b><\/b><\/p>\n<h2>2 \u2013 Objeto<\/h2>\n<p>O presente documento tem por objeto definir as condi\u00e7\u00f5es de utiliza\u00e7\u00e3o dos sites do grupo Armatis-lc pelos Utilizadores.<b><br \/>\n<\/b><\/p>\n<h2>3 \u2013 Informa\u00e7\u00f5es legais<\/h2>\n<p>Os sites do grupo Armatis-lc s\u00e3o propriedade da Armatis-lc Holding (aqui a seguir designada por Armatis-lc), SAS com um capital social de 35.157.287 euros, inscrita no Registo de Com\u00e9rcio e das Sociedades de Nanterre, sob o n\u00famero 540\u00a0030\u00a0484, e com sede em 58, avenue Edouard Vaillant, B\u00e2timent UPWEST, 92100 Boulogne-Billancourt (Contacto: Tel.: 0820 007\u00a0007\/<a href=\"mailto:contact@armatis.com\">contact@armatis.com<\/a>)<br \/>\nO diretor de publica\u00e7\u00e3o dos sites \u00e9 Audrey AKRICHE, na qualidade de Diretora do Projeto Digital do Grupo, que pode ser contactada atrav\u00e9s do seguinte endere\u00e7o: 58, avenue Edouard Vaillant, B\u00e2timent UPWEST, 92100 Boulogne-Billancourt (Contacto: Tel.: 0820 007\u00a0007\/<a href=\"mailto:contact@armatis.com\">contact@armatis.com<\/a>)<br \/>\nOs sites est\u00e3o alojados no equipamento inform\u00e1tico da sociedade OVH, 2 Rue Kellermann &#8211; 59100 Roubaix \u2013 Fran\u00e7a.<b><br \/>\n<\/b><\/p>\n<h2>4 \u2013 Direitos de propriedade intelectual<\/h2>\n<p>Todos esses sites (conte\u00fado e apresenta\u00e7\u00e3o) constituem um trabalho protegido pela legisla\u00e7\u00e3o em vigor em mat\u00e9ria de direitos de autor e, em termos gerais, em mat\u00e9ria de propriedade intelectual e industrial.<\/p>\n<p>Todos os direitos de propriedade intelectual e industrial (direitos de autor, patentes, marcas), incluindo, em particular, os direitos de explora\u00e7\u00e3o, os direitos de reprodu\u00e7\u00e3o e extra\u00e7\u00e3o em qualquer suporte, da totalidade ou parte dos dados, ficheiros e todos os elementos que constam das p\u00e1ginas web deste site, bem como os direitos de representa\u00e7\u00e3o e direitos de reprodu\u00e7\u00e3o em qualquer suporte, da totalidade ou parte do pr\u00f3prio site, os direitos de modifica\u00e7\u00e3o, de adapta\u00e7\u00e3o ou de tradu\u00e7\u00e3o, s\u00e3o reservados exclusivamente \u00e0 Armatis-lc.<\/p>\n<p>A reprodu\u00e7\u00e3o parcial ou integral dos elementos acima mencionados e, em geral, a reprodu\u00e7\u00e3o de toda ou parte deste site em qualquer suporte eletr\u00f3nico, \u00e9 formalmente proibida, sem o consentimento pr\u00e9vio por escrito da Armatis-lc. Al\u00e9m disso, todas as marcas citadas e log\u00f3tipos representados neste site s\u00e3o propriedade dos seus respetivos propriet\u00e1rios.<b><br \/>\n<\/b><\/p>\n<h2>5 \u2013 Garantias e responsabilidades<\/h2>\n<p>Em nenhuma circunst\u00e2ncia a Armatis-lc ser\u00e1 responsabilizado por erros materiais existentes nos documentos presentes no site, apesar de todo o cuidado prestado \u00e0 sua publica\u00e7\u00e3o. A Armatis-lc n\u00e3o assume qualquer responsabilidade pelas informa\u00e7\u00f5es, coment\u00e1rios e opini\u00f5es expressas nos sites para os quais direciona atrav\u00e9s de hiperliga\u00e7\u00f5es e sobre os quais n\u00e3o det\u00e9m o controlo editorial.<br \/>\nO Utilizador compromete-se a garantir a Armatis-lc contra qualquer a\u00e7\u00e3o que seja interposta contra si, ou qualquer den\u00fancia apresentada contra si, por um terceiro, decorrente da utiliza\u00e7\u00e3o do Site pelo Utilizador em condi\u00e7\u00f5es que n\u00e3o sejam em conformidade com as Condi\u00e7\u00f5es de utiliza\u00e7\u00e3o e Informa\u00e7\u00f5es legais.<br \/>\nA Armatis-lc declina qualquer responsabilidade pela transmiss\u00e3o defeituosa dos dados resultante das diversas redes da Internet ou das incompatibilidades inerentes ao Navegador do Utilizador.<\/p>\n<h2>6 \u2013 Prote\u00e7\u00e3o dos Dados Pessoais<\/h2>\n<p>Quando navega nos nossos sites, faz pesquisas, utiliza os nossos servi\u00e7os, deve, de maneira transparente, ter a informa\u00e7\u00e3o clara e precisa do que fazemos com os seus dados pessoais. Essa informa\u00e7\u00e3o \u00e9 a base da confian\u00e7a \u2026 Consulte a nossa\u00a0<a href=\"http:\/\/www.armatis.com\/data\/a-propos_7b4a7\/accueil\/5\/2018-_charte_protection_des_donnes_vp_pt_1cc0e.pdf\" target=\"\" rel=\"noopener noreferrer\">Carta da Internet de Prote\u00e7\u00e3o dos Dados Pessoais<\/a><b><br \/>\n<\/b><\/p>\n<h2>7 \u2013 Altera\u00e7\u00e3o das condi\u00e7\u00f5es de utiliza\u00e7\u00e3o<\/h2>\n<p>A Armatis-lc reserva-se o direito de alterar as Condi\u00e7\u00f5es de utiliza\u00e7\u00e3o e Informa\u00e7\u00f5es legais do seu site em qualquer altura e sem necessidade de aviso pr\u00e9vio. Os Utilizadores ficar\u00e3o automaticamente vinculados por essas altera\u00e7\u00f5es quando navegarem nesse site e dever\u00e3o ler, numa base peri\u00f3dica, as Condi\u00e7\u00f5es de utiliza\u00e7\u00e3o e Informa\u00e7\u00f5es legais.<b><br \/>\n<\/b><\/p>\n<h2>8 \u2013 Informa\u00e7\u00e3o de transpar\u00eancia<\/h2>\n<p>De uma forma geral, pode visitar os nossos sites sem fornecer dados pessoais que lhe digam respeito. No entanto, os nossos sites podem conter formul\u00e1rios (contacto, recrutamento, etc.), com campos de recolha de dados pessoais.<br \/>\nA Armatis-lc informa-o, em conformidade com a Regulamenta\u00e7\u00e3o em vigor em mat\u00e9ria de prote\u00e7\u00e3o dos dados pessoais, que integra o Regulamento Geral sobre a Prote\u00e7\u00e3o de Dados (RGPD) e a Lei Inform\u00e1tica e Liberdades n\u00ba 78-17, de 6 de janeiro de 1978, sobre as condi\u00e7\u00f5es de tratamento dos seus dados pessoais.<\/p>\n<table style=\"height: 428px;\" width=\"902\">\n<tbody>\n<tr>\n<td><b>Finalidades dos tratamentos<\/b><\/td>\n<td><b>Fundamento do tratamento<\/b><\/td>\n<td><b>Destinat\u00e1rios dos dados<\/b><\/td>\n<\/tr>\n<tr>\n<td>Gerar e otimizar a rela\u00e7\u00e3o com o cliente<\/td>\n<td>Interesse leg\u00edtimo em assegurar a satisfa\u00e7\u00e3o e o acompanhamento dos seus clientes<\/td>\n<td>Todas as sociedades do grupo Armatis-lc<\/td>\n<\/tr>\n<tr>\n<td>Recrutamento de novos colaboradores<\/td>\n<td>Interesse leg\u00edtimo em apreciar a capacidade do candidato a ocupar o emprego proposto<\/td>\n<td>Pessoal dos recursos humanos\/recrutamento das sociedades do grupo Armatis-lc bem como parceiros que interv\u00eam em dom\u00ednios espec\u00edficos.<\/td>\n<\/tr>\n<tr>\n<td>Inqu\u00e9ritos, sondagens ou estat\u00edsticas para avaliar melhor a qualidade dos seus servi\u00e7os e antecipar as necessidades dos clientes<\/td>\n<td>Interesse leg\u00edtimo em avaliar e antecipar as necessidades e a satisfa\u00e7\u00e3o dos seus clientes<\/td>\n<td>Todas as sociedades do grupo Armatis-lc<\/td>\n<\/tr>\n<tr>\n<td>Analisar e otimizar o site<\/td>\n<td>Interesse leg\u00edtimo em melhorar as funcionalidades do site<\/td>\n<td>Todas as sociedades do grupo Armatis-lc bem como parceiros que interv\u00eam em dom\u00ednios espec\u00edficos<\/td>\n<\/tr>\n<tr>\n<td>Entrar em contacto com o Utilizador para responder a uma pergunta<\/td>\n<td>Consentimento pr\u00e9vio que ser\u00e1 obtido por formul\u00e1rio<\/td>\n<td>Todas as sociedades do grupo Armatis-lc<\/td>\n<\/tr>\n<\/tbody>\n<\/table>\n<h2>\u00a09 \u2013 Direito Aplic\u00e1vel<\/h2>\n<p>O presente site \u00e9 regido pela lei francesa. Por acordo expresso, qualquer lit\u00edgio ser\u00e1 submetido, na aus\u00eancia de um acordo amig\u00e1vel entre as Partes, ao Tribunal de Com\u00e9rcio Nanterre, ao qual \u00e9 atribu\u00edda compet\u00eancia territorial, incluindo no caso de medidas provis\u00f3rias, pluralidade de demandados, chamamento \u00e0 autoria ou acionamento de garantias.<\/p>\n<p>&nbsp;<\/p>\n","protected":false},"excerpt":{"rendered":"<p>Condi\u00e7\u00f5es de utiliza\u00e7\u00e3o dos Sites e Informa\u00e7\u00f5es legais 1 &#8211; Aceita\u00e7\u00e3o Todos os acessos aos sites (aqui a seguir designado por site ou sites) do grupo Armatis-lc (http:\/\/www.armatis.com\u00a0e\u00a0https:\/\/emploi.soda-demo.com\/), utiliza\u00e7\u00f5es, pesquisas, download de conte\u00fados desses sites, etc., pelo Utilizador implica a aceita\u00e7\u00e3o das presentes Condi\u00e7\u00f5es de utiliza\u00e7\u00e3o e Informa\u00e7\u00f5es legais. 2 \u2013 Objeto O presente documento [&hellip;]<\/p>\n","protected":false},"author":13,"featured_media":0,"parent":0,"menu_order":0,"comment_status":"closed","ping_status":"closed","template":"","meta":{"_acf_changed":false,"footnotes":""},"class_list":["post-938","page","type-page","status-publish","hentry"],"acf":[],"yoast_head":"<!-- This site is optimized with the Yoast SEO plugin v26.0 - https:\/\/yoast.com\/wordpress\/plugins\/seo\/ -->\n<title>Informa\u00e7\u00f5es legais - Armatis<\/title>\n<meta name=\"robots\" content=\"index, follow, max-snippet:-1, max-image-preview:large, max-video-preview:-1\" \/>\n<link rel=\"canonical\" href=\"https:\/\/emploi.armatis.com\/pt-pt\/informacoes-legais\/\" \/>\n<meta property=\"og:locale\" content=\"pt_PT\" \/>\n<meta property=\"og:type\" content=\"article\" \/>\n<meta property=\"og:title\" content=\"Informa\u00e7\u00f5es legais - Armatis\" \/>\n<meta property=\"og:description\" content=\"Condi\u00e7\u00f5es de utiliza\u00e7\u00e3o dos Sites e Informa\u00e7\u00f5es legais 1 &#8211; Aceita\u00e7\u00e3o Todos os acessos aos sites (aqui a seguir designado por site ou sites) do grupo Armatis-lc (http:\/\/www.armatis.com\u00a0e\u00a0https:\/\/emploi.soda-demo.com\/), utiliza\u00e7\u00f5es, pesquisas, download de conte\u00fados desses sites, etc., pelo Utilizador implica a aceita\u00e7\u00e3o das presentes Condi\u00e7\u00f5es de utiliza\u00e7\u00e3o e Informa\u00e7\u00f5es legais. 2 \u2013 Objeto O presente documento [&hellip;]\" \/>\n<meta property=\"og:url\" content=\"https:\/\/emploi.armatis.com\/pt-pt\/informacoes-legais\/\" \/>\n<meta property=\"og:site_name\" content=\"Armatis\" \/>\n<meta property=\"article:modified_time\" content=\"2023-08-10T10:45:25+00:00\" \/>\n<meta name=\"twitter:card\" content=\"summary_large_image\" \/>\n<meta name=\"twitter:label1\" content=\"Tempo estimado de leitura\" \/>\n\t<meta name=\"twitter:data1\" content=\"5 minutos\" \/>\n<script type=\"application\/ld+json\" class=\"yoast-schema-graph\">{\"@context\":\"https:\/\/schema.org\",\"@graph\":[{\"@type\":\"WebPage\",\"@id\":\"https:\/\/emploi.armatis.com\/pt-pt\/informacoes-legais\/\",\"url\":\"https:\/\/emploi.armatis.com\/pt-pt\/informacoes-legais\/\",\"name\":\"Informa\u00e7\u00f5es legais - Armatis\",\"isPartOf\":{\"@id\":\"https:\/\/emploi.armatis.com\/pt-pt\/#website\"},\"datePublished\":\"2020-09-29T15:09:19+00:00\",\"dateModified\":\"2023-08-10T10:45:25+00:00\",\"breadcrumb\":{\"@id\":\"https:\/\/emploi.armatis.com\/pt-pt\/informacoes-legais\/#breadcrumb\"},\"inLanguage\":\"pt-PT\",\"potentialAction\":[{\"@type\":\"ReadAction\",\"target\":[\"https:\/\/emploi.armatis.com\/pt-pt\/informacoes-legais\/\"]}]},{\"@type\":\"BreadcrumbList\",\"@id\":\"https:\/\/emploi.armatis.com\/pt-pt\/informacoes-legais\/#breadcrumb\",\"itemListElement\":[{\"@type\":\"ListItem\",\"position\":1,\"name\":\"Home\",\"item\":\"https:\/\/emploi.armatis.com\/pt-pt\/\"},{\"@type\":\"ListItem\",\"position\":2,\"name\":\"Informa\u00e7\u00f5es legais\"}]},{\"@type\":\"WebSite\",\"@id\":\"https:\/\/emploi.armatis.com\/pt-pt\/#website\",\"url\":\"https:\/\/emploi.armatis.com\/pt-pt\/\",\"name\":\"Armatis\",\"description\":\"\",\"publisher\":{\"@id\":\"https:\/\/emploi.armatis.com\/pt-pt\/#organization\"},\"potentialAction\":[{\"@type\":\"SearchAction\",\"target\":{\"@type\":\"EntryPoint\",\"urlTemplate\":\"https:\/\/emploi.armatis.com\/pt-pt\/?s={search_term_string}\"},\"query-input\":{\"@type\":\"PropertyValueSpecification\",\"valueRequired\":true,\"valueName\":\"search_term_string\"}}],\"inLanguage\":\"pt-PT\"},{\"@type\":\"Organization\",\"@id\":\"https:\/\/emploi.armatis.com\/pt-pt\/#organization\",\"name\":\"Armatis\",\"url\":\"https:\/\/emploi.armatis.com\/pt-pt\/\",\"logo\":{\"@type\":\"ImageObject\",\"inLanguage\":\"pt-PT\",\"@id\":\"https:\/\/emploi.armatis.com\/pt-pt\/#\/schema\/logo\/image\/\",\"url\":\"https:\/\/emploi.armatis.com\/wp-content\/uploads\/2025\/07\/cropped-Logo-Armatis-ss-Baseline-Blanc-point-aqua-Copie-scaled-1.png\",\"contentUrl\":\"https:\/\/emploi.armatis.com\/wp-content\/uploads\/2025\/07\/cropped-Logo-Armatis-ss-Baseline-Blanc-point-aqua-Copie-scaled-1.png\",\"width\":2560,\"height\":393,\"caption\":\"Armatis\"},\"image\":{\"@id\":\"https:\/\/emploi.armatis.com\/pt-pt\/#\/schema\/logo\/image\/\"}}]}<\/script>\n<!-- \/ Yoast SEO plugin. -->","yoast_head_json":{"title":"Informa\u00e7\u00f5es legais - Armatis","robots":{"index":"index","follow":"follow","max-snippet":"max-snippet:-1","max-image-preview":"max-image-preview:large","max-video-preview":"max-video-preview:-1"},"canonical":"https:\/\/emploi.armatis.com\/pt-pt\/informacoes-legais\/","og_locale":"pt_PT","og_type":"article","og_title":"Informa\u00e7\u00f5es legais - Armatis","og_description":"Condi\u00e7\u00f5es de utiliza\u00e7\u00e3o dos Sites e Informa\u00e7\u00f5es legais 1 &#8211; Aceita\u00e7\u00e3o Todos os acessos aos sites (aqui a seguir designado por site ou sites) do grupo Armatis-lc (http:\/\/www.armatis.com\u00a0e\u00a0https:\/\/emploi.soda-demo.com\/), utiliza\u00e7\u00f5es, pesquisas, download de conte\u00fados desses sites, etc., pelo Utilizador implica a aceita\u00e7\u00e3o das presentes Condi\u00e7\u00f5es de utiliza\u00e7\u00e3o e Informa\u00e7\u00f5es legais. 2 \u2013 Objeto O presente documento [&hellip;]","og_url":"https:\/\/emploi.armatis.com\/pt-pt\/informacoes-legais\/","og_site_name":"Armatis","article_modified_time":"2023-08-10T10:45:25+00:00","twitter_card":"summary_large_image","twitter_misc":{"Tempo estimado de leitura":"5 minutos"},"schema":{"@context":"https:\/\/schema.org","@graph":[{"@type":"WebPage","@id":"https:\/\/emploi.armatis.com\/pt-pt\/informacoes-legais\/","url":"https:\/\/emploi.armatis.com\/pt-pt\/informacoes-legais\/","name":"Informa\u00e7\u00f5es legais - Armatis","isPartOf":{"@id":"https:\/\/emploi.armatis.com\/pt-pt\/#website"},"datePublished":"2020-09-29T15:09:19+00:00","dateModified":"2023-08-10T10:45:25+00:00","breadcrumb":{"@id":"https:\/\/emploi.armatis.com\/pt-pt\/informacoes-legais\/#breadcrumb"},"inLanguage":"pt-PT","potentialAction":[{"@type":"ReadAction","target":["https:\/\/emploi.armatis.com\/pt-pt\/informacoes-legais\/"]}]},{"@type":"BreadcrumbList","@id":"https:\/\/emploi.armatis.com\/pt-pt\/informacoes-legais\/#breadcrumb","itemListElement":[{"@type":"ListItem","position":1,"name":"Home","item":"https:\/\/emploi.armatis.com\/pt-pt\/"},{"@type":"ListItem","position":2,"name":"Informa\u00e7\u00f5es legais"}]},{"@type":"WebSite","@id":"https:\/\/emploi.armatis.com\/pt-pt\/#website","url":"https:\/\/emploi.armatis.com\/pt-pt\/","name":"Armatis","description":"","publisher":{"@id":"https:\/\/emploi.armatis.com\/pt-pt\/#organization"},"potentialAction":[{"@type":"SearchAction","target":{"@type":"EntryPoint","urlTemplate":"https:\/\/emploi.armatis.com\/pt-pt\/?s={search_term_string}"},"query-input":{"@type":"PropertyValueSpecification","valueRequired":true,"valueName":"search_term_string"}}],"inLanguage":"pt-PT"},{"@type":"Organization","@id":"https:\/\/emploi.armatis.com\/pt-pt\/#organization","name":"Armatis","url":"https:\/\/emploi.armatis.com\/pt-pt\/","logo":{"@type":"ImageObject","inLanguage":"pt-PT","@id":"https:\/\/emploi.armatis.com\/pt-pt\/#\/schema\/logo\/image\/","url":"https:\/\/emploi.armatis.com\/wp-content\/uploads\/2025\/07\/cropped-Logo-Armatis-ss-Baseline-Blanc-point-aqua-Copie-scaled-1.png","contentUrl":"https:\/\/emploi.armatis.com\/wp-content\/uploads\/2025\/07\/cropped-Logo-Armatis-ss-Baseline-Blanc-point-aqua-Copie-scaled-1.png","width":2560,"height":393,"caption":"Armatis"},"image":{"@id":"https:\/\/emploi.armatis.com\/pt-pt\/#\/schema\/logo\/image\/"}}]}},"_links":{"self":[{"href":"https:\/\/emploi.armatis.com\/pt-pt\/wp-json\/wp\/v2\/pages\/938","targetHints":{"allow":["GET"]}}],"collection":[{"href":"https:\/\/emploi.armatis.com\/pt-pt\/wp-json\/wp\/v2\/pages"}],"about":[{"href":"https:\/\/emploi.armatis.com\/pt-pt\/wp-json\/wp\/v2\/types\/page"}],"author":[{"embeddable":true,"href":"https:\/\/emploi.armatis.com\/pt-pt\/wp-json\/wp\/v2\/users\/13"}],"replies":[{"embeddable":true,"href":"https:\/\/emploi.armatis.com\/pt-pt\/wp-json\/wp\/v2\/comments?post=938"}],"version-history":[{"count":1,"href":"https:\/\/emploi.armatis.com\/pt-pt\/wp-json\/wp\/v2\/pages\/938\/revisions"}],"predecessor-version":[{"id":15700,"href":"https:\/\/emploi.armatis.com\/pt-pt\/wp-json\/wp\/v2\/pages\/938\/revisions\/15700"}],"wp:attachment":[{"href":"https:\/\/emploi.armatis.com\/pt-pt\/wp-json\/wp\/v2\/media?parent=938"}],"curies":[{"name":"wp","href":"https:\/\/api.w.org\/{rel}","templated":true}]}}