{"id":922,"date":"2020-09-25T13:44:28","date_gmt":"2020-09-25T11:44:28","guid":{"rendered":"http:\/\/armatistalent.wpengine.com\/?page_id=922"},"modified":"2020-09-29T15:27:54","modified_gmt":"2020-09-29T13:27:54","slug":"politica-de-privacidade","status":"publish","type":"page","link":"https:\/\/emploi.armatis.com\/pt-pt\/politica-de-privacidade\/","title":{"rendered":"Pol\u00edtica de Privacidade"},"content":{"rendered":"<p>A Armatis-lc compromete-se a assegurar que a recolha e o tratamento dos seus Dados Pessoais (aqui a seguir designados por DP) efetuados nos nossos sites cumprem os regulamentos em vigor e o Regulamento Geral sobre a Prote\u00e7\u00e3o de Dados (aqui a seguir designado por RGPD).<\/p>\n<hr \/>\n<h2><strong>A prop\u00f3sito do RGPD&#8230;<\/strong><\/h2>\n<p>Em abril de 2016 a Uni\u00e3o Europeia adotou um novo quadro jur\u00eddico, o Regulamento Geral sobre a Prote\u00e7\u00e3o de Dados (RGPD). O Regulamento Geral sobre a Prote\u00e7\u00e3o de Dados, que ser\u00e1 plenamente aplic\u00e1vel em toda a Uni\u00e3o Europeia em maio de 2018, \u00e9 o diploma legislativo relativo \u00e0 prote\u00e7\u00e3o de dados mais completo e progressista do mundo.<\/p>\n<p>A tomada em considera\u00e7\u00e3o pela Armatis-lc desses princ\u00edpios fundamentais, traduziu-se em termos concretos pela ado\u00e7\u00e3o de uma Carta de privacidade e prote\u00e7\u00e3o dos dados pessoais (link) e pela presente Pol\u00edtica de Privacidade, a fim, de uma forma transparente, permitir que todos disponham de informa\u00e7\u00f5es claras e precisas sobre o que se passa com seus dados pessoais.<\/p>\n<hr \/>\n<h2><strong>Algumas defini\u00e7\u00f5es&#8230;<\/strong><\/h2>\n<p>A transpar\u00eancia e a confian\u00e7a come\u00e7am antes de mais por definir, em termos simples, algumas palavras-chave para compreender a presente Pol\u00edtica.<\/p>\n<h3><strong>Um dado pessoal, \u00e9 o qu\u00ea?<\/strong><\/h3>\n<p>\u00c9 qualquer informa\u00e7\u00e3o relativa a uma pessoa singular suscet\u00edvel de ser, direta ou indiretamente, identificada: nome, endere\u00e7o de correio, n\u00famero de telefone, endere\u00e7o de correio eletr\u00f3nico ou endere\u00e7o IP&#8230;<\/p>\n<h3><strong>Um dado sens\u00edvel, \u00e9 o qu\u00ea?<\/strong><\/h3>\n<p>Um dado sens\u00edvel reporta-se a uma categoria de dados pessoais relativa a informa\u00e7\u00f5es pessoais relacionadas com a sa\u00fade, a origem racial ou \u00e9tnica, as opini\u00f5es pol\u00edticas, as cren\u00e7as religiosas ou a sexualidade de uma pessoa.<\/p>\n<h3><strong>Um tratamento de DP, \u00e9 o qu\u00ea?<\/strong><\/h3>\n<p>\u00c9 qualquer opera\u00e7\u00e3o que envolva dados pessoais, independentemente do processo utilizado: registar, organizar, conservar, modificar, reconciliar com outros dados, transmitir, dados pessoais.<\/p>\n<h3><strong>A finalidade de um tratamento, \u00e9 o qu\u00ea?<\/strong><\/h3>\n<p>A finalidade \u00e9 o objetivo prosseguido pelo tratamento criado: para que servir\u00e1?<\/p>\n<h3><strong>O direito das pessoas, \u00e9 o qu\u00ea?<\/strong><\/h3>\n<p>\u00c9 o direito de ser informado, o direito de aceder aos dados pessoais, o direito de retifica\u00e7\u00e3o, o direito de ser esquecido, o direito de restringir o tratamento, o direito \u00e0 portabilidade dos dados.<\/p>\n<h3><strong>Um Cookie, \u00e9 o qu\u00ea?<\/strong><\/h3>\n<p>Um &#8220;cookie&#8221; \u00e9 um ficheiro de tamanho limitado, geralmente composto por letras e d\u00edgitos, enviado pelo servidor de Internet para o ficheiro de cookies do navegador localizado no disco r\u00edgido do seu computador.<\/p>\n<h3><strong>Um EPD (DPO &#8211; Data Protection Officer), \u00e9 o qu\u00ea?<\/strong><\/h3>\n<p>O Encarregado da Prote\u00e7\u00e3o de Dados (EPD) tem por fun\u00e7\u00e3o garantir a conformidade com o regulamento europeu sobre a prote\u00e7\u00e3o de dados nas empresas.<\/p>\n<h3><strong>Um endere\u00e7o IP, \u00e9 o qu\u00ea?<\/strong><\/h3>\n<p>Um endere\u00e7o IP, \u00e9 um n\u00famero \u00fanico que permite identificar um terminal ligado \u00e0 Internet. Esses n\u00fameros s\u00e3o geralmente atribu\u00eddos por grupo geogr\u00e1fico. Um endere\u00e7o IP permite portanto muitas vezes identificar a localiza\u00e7\u00e3o geogr\u00e1fica do dispositivo ligado \u00e0 Internet.<\/p>\n<hr \/>\n<h2><strong>A prop\u00f3sito da recolha de DP&#8230;<\/strong><\/h2>\n<p>De uma forma geral, pode visitar os nossos sites sem fornecer DP que lhe digam respeito. No entanto, os nossos sites podem conter formul\u00e1rios (contacto, recrutamento, etc.), com campos de recolha de DP.<\/p>\n<p>Esta recolha ser\u00e1 condicionada por um comportamento volunt\u00e1rio da sua parte, e os nossos formul\u00e1rios que recolhem os dados, estritamente necess\u00e1rios para efeitos do tratamento, conter\u00e3o, nomeadamente:<\/p>\n<ul class=\"default-ul\">\n<li>A identidade do Respons\u00e1vel pelo Tratamento;<\/li>\n<li>A finalidade da recolha desses dados, os destinat\u00e1rios desses dados e as modalidades de conserva\u00e7\u00e3o;<\/li>\n<li>Um consentimento claro e preciso quando este \u00e9 necess\u00e1rio;<\/li>\n<li>As modalidade de exerc\u00edcio dos seus direitos relativamente aos seus DP;<\/li>\n<li>Os dados da autoridade de controlo.<\/li>\n<\/ul>\n<p>No \u00e2mbito dessa recolha, n\u00e3o recolhemos Dados Sens\u00edveis atrav\u00e9s dos formul\u00e1rios presentes nos nossos sites. No entanto, \u00e9 poss\u00edvel que nos forne\u00e7a tais dados sem que os mesmos tenham sido solicitados atrav\u00e9s, por exemplo, de um anexo (CV, carta de apresenta\u00e7\u00e3o, etc.). Nesse caso autoriza expressamente que os seus Dados Pessoais sejam utilizados nos termos descritos na presente Pol\u00edtica.<\/p>\n<p>A Armatis-lc, as suas filiais e parceiros s\u00e3o os \u00fanicos destinat\u00e1rios dos dados recolhidos atrav\u00e9s dos nossos sites.<\/p>\n<p>A Armatis-lc informa-o, em conformidade com a Regulamenta\u00e7\u00e3o em vigor em mat\u00e9ria de prote\u00e7\u00e3o dos dados pessoais, que integra o Regulamento Geral sobre a Prote\u00e7\u00e3o de Dados (RGPD) e a Lei Inform\u00e1tica e Liberdades n\u00ba 78-17, de 6 de janeiro de 1978, sobre as condi\u00e7\u00f5es de tratamento dos seus dados pessoais.<\/p>\n<hr \/>\n<h2><strong>A prop\u00f3sito da Conserva\u00e7\u00e3o dos DP&#8230;<\/strong><\/h2>\n<p>Fazemos tudo o que est\u00e1 ao nosso alcance para tratar os seus DP de acordo com a finalidade prosseguida. Como tal, conservamos os seus DP em fun\u00e7\u00e3o da natureza dos Dados Pessoais recolhidos e a finalidade da sua recolha.<\/p>\n<hr \/>\n<h2><strong>A prop\u00f3sito dos cookies\u2026<\/strong><\/h2>\n<p>Utilizamos cookies nos nossos sites. Ao utilizar os nossos sites aceita que sejam introduzidos cookies no seu terminal conforme abaixo explicado.<\/p>\n<p>O principal papel dos cookies \u00e9 facilitar a sua navega\u00e7\u00e3o num site, lembrando-se, por exemplo, das suas prefer\u00eancias de utilizador, ou com a finalidade de melhorar a experi\u00eancia de utilizador. Esses cookies podem ser, posteriormente, armazenados no seu computador para identificar o seu computador.<\/p>\n<p>Os nossos sites utilizam dois tipos de Cookies:<\/p>\n<ul class=\"default-ul\">\n<li>Cookies internos<\/li>\n<\/ul>\n<p>Esses cookies s\u00e3o indispens\u00e1veis para poder navegar no nosso site e tirar pleno partido das suas funcionalidades, tais como acesso a certas p\u00e1ginas de Internet seguras. Sem esses cookies, certos servi\u00e7os que pede n\u00e3o lhe poder\u00e3o ser fornecidos.<\/p>\n<ul class=\"default-ul\">\n<li>Cookies de medi\u00e7\u00e3o de audi\u00eancia<\/li>\n<\/ul>\n<p>A fim de adaptar e de melhorar os nossos sites em correspond\u00eancia com os pedidos dos seus visitantes, medimos o n\u00famero de visitas, o n\u00famero de p\u00e1ginas vistas, bem como a atividade dos visitantes nos nossos sites e sua frequ\u00eancia de regresso.<\/p>\n<p>Google Analytics, \u00e9 a ferramenta de estat\u00edstica utilizada pelos nossos sites.<\/p>\n<p>Recolhemos igualmente o seu endere\u00e7o IP para determinar a cidade a partir da qual estabelece a liga\u00e7\u00e3o.<\/p>\n<ul class=\"default-ul\">\n<li>Cookies de publicidade comportamental<\/li>\n<\/ul>\n<p>Os anunciantes podem recolher dados sobre a sua navega\u00e7\u00e3o on-line e utiliz\u00e1-los para lhe apresentar publicidades direcionada (um processo tamb\u00e9m designado por &#8220;publicidade comportamental&#8221;).<\/p>\n<p>Pode impedir as sociedades referidas pela TrustArc aqui a seguir\u00a0<a href=\"http:\/\/www.aboutads.info\/consumers\" target=\"_blank\" rel=\"noopener noreferrer\">Industry Resources &#8211; US \u00bb\u00a0<\/a>,\u00a0<a href=\"http:\/\/youradchoices.ca\/understanding-online-advertising\/\" target=\"_blank\" rel=\"noopener noreferrer\">Industry Resources &#8211; Canada \u00bb\u00a0<\/a>,\u00a0<a href=\"http:\/\/www.youronlinechoices.eu\/\" target=\"_blank\" rel=\"noopener noreferrer\">Industry Resources &#8211; EU \u00bb<\/a>\u00a0de exibir an\u00fancios de publicidade direcionados no seu navegador, recusando-se. Esse dispositivo bloqueia apenas os an\u00fancios de publicidade direcionados para que possa continuar a receber an\u00fancios gen\u00e9ricos (n\u00e3o direcionados) dessas sociedades ap\u00f3s a sua recusa.<\/p>\n<p>Pode aceitar em qualquer altura publicidade comportamental direcionada eliminando os cookies do seu navegador.<\/p>\n<hr \/>\n<h2><strong>Como se opor aos cookies&#8230;<\/strong><\/h2>\n<p>Se n\u00e3o quiser receber cookies por parte dos nossos sites, pode configurar o seu navegador para os recusar ou para que o notifique quando recebe um, perguntando-lhe se aceita ou n\u00e3o a coloca\u00e7\u00e3o desse cookie. Pode igualmente configurar o seu navegador para desativar os cookies.<\/p>\n<p>Para realizar esta opera\u00e7\u00e3o, pode consultar as instru\u00e7\u00f5es dos editores:<\/p>\n<ul class=\"default-ul\">\n<li>para o navegador\u00a0<a href=\"https:\/\/support.microsoft.com\/en-gb\/help\/17442\/windows-internet-explorer-delete-manage-cookies\" target=\"_blank\" rel=\"noopener noreferrer\">Internet Explorer<\/a>.<\/li>\n<li>para o navegador\u00a0<a href=\"https:\/\/support.mozilla.org\/fr\/kb\/activer-desactiver-cookies-preferences?redirectlocale=fr&amp;redirectslug=activer-desactiver-cookies\" target=\"_blank\" rel=\"noopener noreferrer\">Firefox<\/a>.<\/li>\n<li>para o navegador\u00a0<a href=\"https:\/\/support.apple.com\/kb\/ph5042?locale=en_GB\" target=\"_blank\" rel=\"noopener noreferrer\">Safari<\/a>.<\/li>\n<li>para o navegador\u00a0<a href=\"https:\/\/support.google.com\/chrome\/answer\/95647?hl=fr\" target=\"_blank\" rel=\"noopener noreferrer\">Google Chrome<\/a>.<\/li>\n<\/ul>\n<hr \/>\n<h2><strong>A prop\u00f3sito da seguran\u00e7a &#8230;<\/strong><\/h2>\n<p>A Armatis-lc nomeou um EPD que pode ser contactado por e-mail (<a href=\"mailto:DPO.Service@armatis-lc.com\">DPO.Service@armatis-lc.com<\/a>). Esse EPD \u00e9 respons\u00e1vel por garantir a conformidade das recolhas e tratamentos que realizamos, a manter a lista de tratamentos registados e a assegurar o exerc\u00edcio dos seus direitos de acesso, retifica\u00e7\u00e3o e oposi\u00e7\u00e3o.<\/p>\n<p>A Armatis-lc toma todas as precau\u00e7\u00f5es para preservar a seguran\u00e7a dos seus dados. Para esse efeito, a Armatis-lc implementou uma pol\u00edtica de prote\u00e7\u00e3o dos Dados Pessoais, que se traduz na aplica\u00e7\u00e3o de medidas t\u00e9cnicas e organizativas adequadas a garantir um n\u00edvel de seguran\u00e7a adaptado ao risco.<\/p>\n<p>Os seus dados pessoais s\u00e3o armazenados em Fran\u00e7a nas nossas infraestruturas e pelos nossos subcontratantes situados na Uni\u00e3o Europeia, em servidores seguros, acess\u00edveis a um n\u00famero limitado de pessoas com direitos de acesso espec\u00edficos a esses sistemas.<\/p>\n<p>Os nossos sites podem fornecer links para sites externos. A Armatis-lc n\u00e3o pode fornecer quaisquer garantias sobre esses sites externos e incentivamo-lo a se informar sobre as medidas de privacidade e de seguran\u00e7a desses sites externos.<\/p>\n<hr \/>\n<h2><strong>A Prop\u00f3sito dos seus Direitos<\/strong><\/h2>\n<p>De acordo com a regulamenta\u00e7\u00e3o em vigor e por aplica\u00e7\u00e3o do Regulamento Europeu, pode exercer, gratuitamente, o seu direito de acesso, retifica\u00e7\u00e3o, apagamento e portabilidade dos seus dados pessoais. Pode tamb\u00e9m pedir a limita\u00e7\u00e3o do tratamento dos seus dados pessoais ou opor-se a esse tratamento, contactando o EPD do nosso Grupo atrav\u00e9s do endere\u00e7o\u00a0<a href=\"mailto:DPO.Service@armatis-lc.com\">DPO.Service@armatis-lc.com<\/a>.<\/p>\n<p>Em conformidade com a regulamenta\u00e7\u00e3o, esses pedidos devem ser acompanhados de uma fotoc\u00f3pia de um cart\u00e3o de identidade que ostente a assinatura do Titular dos Dados com o endere\u00e7o de correio, se necess\u00e1rio, para devolver as informa\u00e7\u00f5es.<\/p>\n<p>Beneficia igualmente do direito de apresentar uma reclama\u00e7\u00e3o junto de uma autoridade de controlo, para mais informa\u00e7\u00f5es relativas ao exerc\u00edcio dos seus direitos<br \/>\n<a href=\"https:\/\/www.cnpd.pt\/\">https:\/\/www.cnpd.pt\/<\/a><\/p>\n<p>&nbsp;<\/p>\n","protected":false},"excerpt":{"rendered":"<p>A Armatis-lc compromete-se a assegurar que a recolha e o tratamento dos seus Dados Pessoais (aqui a seguir designados por DP) efetuados nos nossos sites cumprem os regulamentos em vigor e o Regulamento Geral sobre a Prote\u00e7\u00e3o de Dados (aqui a seguir designado por RGPD). A prop\u00f3sito do RGPD&#8230; Em abril de 2016 a Uni\u00e3o [&hellip;]<\/p>\n","protected":false},"author":13,"featured_media":0,"parent":0,"menu_order":0,"comment_status":"closed","ping_status":"closed","template":"","meta":{"_acf_changed":false,"footnotes":""},"class_list":["post-922","page","type-page","status-publish","hentry"],"acf":[],"yoast_head":"<!-- This site is optimized with the Yoast SEO plugin v26.2 - https:\/\/yoast.com\/wordpress\/plugins\/seo\/ -->\n<title>Pol\u00edtica de Privacidade - Armatis<\/title>\n<meta name=\"robots\" content=\"index, follow, max-snippet:-1, max-image-preview:large, max-video-preview:-1\" \/>\n<link rel=\"canonical\" href=\"https:\/\/emploi.armatis.com\/pt-pt\/politica-de-privacidade\/\" \/>\n<meta property=\"og:locale\" content=\"pt_PT\" \/>\n<meta property=\"og:type\" content=\"article\" \/>\n<meta property=\"og:title\" content=\"Pol\u00edtica de Privacidade - Armatis\" \/>\n<meta property=\"og:description\" content=\"A Armatis-lc compromete-se a assegurar que a recolha e o tratamento dos seus Dados Pessoais (aqui a seguir designados por DP) efetuados nos nossos sites cumprem os regulamentos em vigor e o Regulamento Geral sobre a Prote\u00e7\u00e3o de Dados (aqui a seguir designado por RGPD). A prop\u00f3sito do RGPD&#8230; Em abril de 2016 a Uni\u00e3o [&hellip;]\" \/>\n<meta property=\"og:url\" content=\"https:\/\/emploi.armatis.com\/pt-pt\/politica-de-privacidade\/\" \/>\n<meta property=\"og:site_name\" content=\"Armatis\" \/>\n<meta property=\"article:modified_time\" content=\"2020-09-29T13:27:54+00:00\" \/>\n<meta name=\"twitter:card\" content=\"summary_large_image\" \/>\n<meta name=\"twitter:label1\" content=\"Tempo estimado de leitura\" \/>\n\t<meta name=\"twitter:data1\" content=\"8 minutos\" \/>\n<script type=\"application\/ld+json\" class=\"yoast-schema-graph\">{\"@context\":\"https:\/\/schema.org\",\"@graph\":[{\"@type\":\"WebPage\",\"@id\":\"https:\/\/emploi.armatis.com\/pt-pt\/politica-de-privacidade\/\",\"url\":\"https:\/\/emploi.armatis.com\/pt-pt\/politica-de-privacidade\/\",\"name\":\"Pol\u00edtica de Privacidade - Armatis\",\"isPartOf\":{\"@id\":\"https:\/\/emploi.armatis.com\/pt-pt\/#website\"},\"datePublished\":\"2020-09-25T11:44:28+00:00\",\"dateModified\":\"2020-09-29T13:27:54+00:00\",\"breadcrumb\":{\"@id\":\"https:\/\/emploi.armatis.com\/pt-pt\/politica-de-privacidade\/#breadcrumb\"},\"inLanguage\":\"pt-PT\",\"potentialAction\":[{\"@type\":\"ReadAction\",\"target\":[\"https:\/\/emploi.armatis.com\/pt-pt\/politica-de-privacidade\/\"]}]},{\"@type\":\"BreadcrumbList\",\"@id\":\"https:\/\/emploi.armatis.com\/pt-pt\/politica-de-privacidade\/#breadcrumb\",\"itemListElement\":[{\"@type\":\"ListItem\",\"position\":1,\"name\":\"Home\",\"item\":\"https:\/\/emploi.armatis.com\/pt-pt\/\"},{\"@type\":\"ListItem\",\"position\":2,\"name\":\"Pol\u00edtica de Privacidade\"}]},{\"@type\":\"WebSite\",\"@id\":\"https:\/\/emploi.armatis.com\/pt-pt\/#website\",\"url\":\"https:\/\/emploi.armatis.com\/pt-pt\/\",\"name\":\"Armatis\",\"description\":\"\",\"publisher\":{\"@id\":\"https:\/\/emploi.armatis.com\/pt-pt\/#organization\"},\"potentialAction\":[{\"@type\":\"SearchAction\",\"target\":{\"@type\":\"EntryPoint\",\"urlTemplate\":\"https:\/\/emploi.armatis.com\/pt-pt\/?s={search_term_string}\"},\"query-input\":{\"@type\":\"PropertyValueSpecification\",\"valueRequired\":true,\"valueName\":\"search_term_string\"}}],\"inLanguage\":\"pt-PT\"},{\"@type\":\"Organization\",\"@id\":\"https:\/\/emploi.armatis.com\/pt-pt\/#organization\",\"name\":\"Armatis\",\"url\":\"https:\/\/emploi.armatis.com\/pt-pt\/\",\"logo\":{\"@type\":\"ImageObject\",\"inLanguage\":\"pt-PT\",\"@id\":\"https:\/\/emploi.armatis.com\/pt-pt\/#\/schema\/logo\/image\/\",\"url\":\"https:\/\/emploi.armatis.com\/wp-content\/uploads\/2025\/07\/cropped-Logo-Armatis-ss-Baseline-Blanc-point-aqua-Copie-scaled-1.png\",\"contentUrl\":\"https:\/\/emploi.armatis.com\/wp-content\/uploads\/2025\/07\/cropped-Logo-Armatis-ss-Baseline-Blanc-point-aqua-Copie-scaled-1.png\",\"width\":2560,\"height\":393,\"caption\":\"Armatis\"},\"image\":{\"@id\":\"https:\/\/emploi.armatis.com\/pt-pt\/#\/schema\/logo\/image\/\"}}]}<\/script>\n<!-- \/ Yoast SEO plugin. -->","yoast_head_json":{"title":"Pol\u00edtica de Privacidade - Armatis","robots":{"index":"index","follow":"follow","max-snippet":"max-snippet:-1","max-image-preview":"max-image-preview:large","max-video-preview":"max-video-preview:-1"},"canonical":"https:\/\/emploi.armatis.com\/pt-pt\/politica-de-privacidade\/","og_locale":"pt_PT","og_type":"article","og_title":"Pol\u00edtica de Privacidade - Armatis","og_description":"A Armatis-lc compromete-se a assegurar que a recolha e o tratamento dos seus Dados Pessoais (aqui a seguir designados por DP) efetuados nos nossos sites cumprem os regulamentos em vigor e o Regulamento Geral sobre a Prote\u00e7\u00e3o de Dados (aqui a seguir designado por RGPD). A prop\u00f3sito do RGPD&#8230; Em abril de 2016 a Uni\u00e3o [&hellip;]","og_url":"https:\/\/emploi.armatis.com\/pt-pt\/politica-de-privacidade\/","og_site_name":"Armatis","article_modified_time":"2020-09-29T13:27:54+00:00","twitter_card":"summary_large_image","twitter_misc":{"Tempo estimado de leitura":"8 minutos"},"schema":{"@context":"https:\/\/schema.org","@graph":[{"@type":"WebPage","@id":"https:\/\/emploi.armatis.com\/pt-pt\/politica-de-privacidade\/","url":"https:\/\/emploi.armatis.com\/pt-pt\/politica-de-privacidade\/","name":"Pol\u00edtica de Privacidade - Armatis","isPartOf":{"@id":"https:\/\/emploi.armatis.com\/pt-pt\/#website"},"datePublished":"2020-09-25T11:44:28+00:00","dateModified":"2020-09-29T13:27:54+00:00","breadcrumb":{"@id":"https:\/\/emploi.armatis.com\/pt-pt\/politica-de-privacidade\/#breadcrumb"},"inLanguage":"pt-PT","potentialAction":[{"@type":"ReadAction","target":["https:\/\/emploi.armatis.com\/pt-pt\/politica-de-privacidade\/"]}]},{"@type":"BreadcrumbList","@id":"https:\/\/emploi.armatis.com\/pt-pt\/politica-de-privacidade\/#breadcrumb","itemListElement":[{"@type":"ListItem","position":1,"name":"Home","item":"https:\/\/emploi.armatis.com\/pt-pt\/"},{"@type":"ListItem","position":2,"name":"Pol\u00edtica de Privacidade"}]},{"@type":"WebSite","@id":"https:\/\/emploi.armatis.com\/pt-pt\/#website","url":"https:\/\/emploi.armatis.com\/pt-pt\/","name":"Armatis","description":"","publisher":{"@id":"https:\/\/emploi.armatis.com\/pt-pt\/#organization"},"potentialAction":[{"@type":"SearchAction","target":{"@type":"EntryPoint","urlTemplate":"https:\/\/emploi.armatis.com\/pt-pt\/?s={search_term_string}"},"query-input":{"@type":"PropertyValueSpecification","valueRequired":true,"valueName":"search_term_string"}}],"inLanguage":"pt-PT"},{"@type":"Organization","@id":"https:\/\/emploi.armatis.com\/pt-pt\/#organization","name":"Armatis","url":"https:\/\/emploi.armatis.com\/pt-pt\/","logo":{"@type":"ImageObject","inLanguage":"pt-PT","@id":"https:\/\/emploi.armatis.com\/pt-pt\/#\/schema\/logo\/image\/","url":"https:\/\/emploi.armatis.com\/wp-content\/uploads\/2025\/07\/cropped-Logo-Armatis-ss-Baseline-Blanc-point-aqua-Copie-scaled-1.png","contentUrl":"https:\/\/emploi.armatis.com\/wp-content\/uploads\/2025\/07\/cropped-Logo-Armatis-ss-Baseline-Blanc-point-aqua-Copie-scaled-1.png","width":2560,"height":393,"caption":"Armatis"},"image":{"@id":"https:\/\/emploi.armatis.com\/pt-pt\/#\/schema\/logo\/image\/"}}]}},"_links":{"self":[{"href":"https:\/\/emploi.armatis.com\/pt-pt\/wp-json\/wp\/v2\/pages\/922","targetHints":{"allow":["GET"]}}],"collection":[{"href":"https:\/\/emploi.armatis.com\/pt-pt\/wp-json\/wp\/v2\/pages"}],"about":[{"href":"https:\/\/emploi.armatis.com\/pt-pt\/wp-json\/wp\/v2\/types\/page"}],"author":[{"embeddable":true,"href":"https:\/\/emploi.armatis.com\/pt-pt\/wp-json\/wp\/v2\/users\/13"}],"replies":[{"embeddable":true,"href":"https:\/\/emploi.armatis.com\/pt-pt\/wp-json\/wp\/v2\/comments?post=922"}],"version-history":[{"count":0,"href":"https:\/\/emploi.armatis.com\/pt-pt\/wp-json\/wp\/v2\/pages\/922\/revisions"}],"wp:attachment":[{"href":"https:\/\/emploi.armatis.com\/pt-pt\/wp-json\/wp\/v2\/media?parent=922"}],"curies":[{"name":"wp","href":"https:\/\/api.w.org\/{rel}","templated":true}]}}