{"id":903,"date":"2020-09-25T12:33:28","date_gmt":"2020-09-25T10:33:28","guid":{"rendered":"http:\/\/armatistalent.wpengine.com\/?page_id=903"},"modified":"2023-05-10T11:44:34","modified_gmt":"2023-05-10T09:44:34","slug":"ofertas","status":"publish","type":"page","link":"https:\/\/emploi.armatis.com\/pt-pt\/ofertas\/","title":{"rendered":"Nos offres &#8211; pt"},"content":{"rendered":"","protected":false},"excerpt":{"rendered":"","protected":false},"author":13,"featured_media":0,"parent":0,"menu_order":0,"comment_status":"closed","ping_status":"closed","template":"page-templates\/nos-offres.php","meta":{"_acf_changed":false,"footnotes":""},"class_list":["post-903","page","type-page","status-publish","hentry"],"acf":{"banner_infos":{"titre_niv_1":"N\u00e3o \u00e9 a oferta que cria a posi\u00e7\u00e3o, \u00e9 o candidato!","banner_slogan":"Prepara-te para<br\/> seres surpreendido!","miniature_first":"https:\/\/emploi.armatis.com\/wp-content\/uploads\/2020\/10\/clientschoice_06-scaled-e1601637814470.jpg","miniature_last":"https:\/\/emploi.armatis.com\/wp-content\/uploads\/2020\/10\/71664_0017_f_1572293556-scaled.jpg"},"titre_section_liste":"X ofertas correspondem \u00e0 tua procura","charger_plus":"Ver as nossas ofertas","chargement":"Carregamento"},"yoast_head":"<!-- This site is optimized with the Yoast SEO plugin v26.0 - https:\/\/yoast.com\/wordpress\/plugins\/seo\/ -->\n<title>Nos offres - pt - Armatis<\/title>\n<meta name=\"robots\" content=\"index, follow, max-snippet:-1, max-image-preview:large, max-video-preview:-1\" \/>\n<link rel=\"canonical\" href=\"https:\/\/emploi.armatis.com\/pt-pt\/ofertas\/\" \/>\n<meta property=\"og:locale\" content=\"pt_PT\" \/>\n<meta property=\"og:type\" content=\"article\" \/>\n<meta property=\"og:title\" content=\"Nos offres - pt - Armatis\" \/>\n<meta property=\"og:url\" content=\"https:\/\/emploi.armatis.com\/pt-pt\/ofertas\/\" \/>\n<meta property=\"og:site_name\" content=\"Armatis\" \/>\n<meta property=\"article:modified_time\" content=\"2023-05-10T09:44:34+00:00\" \/>\n<meta name=\"twitter:card\" content=\"summary_large_image\" \/>\n<script type=\"application\/ld+json\" class=\"yoast-schema-graph\">{\"@context\":\"https:\/\/schema.org\",\"@graph\":[{\"@type\":\"WebPage\",\"@id\":\"https:\/\/emploi.armatis.com\/pt-pt\/ofertas\/\",\"url\":\"https:\/\/emploi.armatis.com\/pt-pt\/ofertas\/\",\"name\":\"Nos offres - pt - Armatis\",\"isPartOf\":{\"@id\":\"https:\/\/emploi.armatis.com\/pt-pt\/#website\"},\"datePublished\":\"2020-09-25T10:33:28+00:00\",\"dateModified\":\"2023-05-10T09:44:34+00:00\",\"breadcrumb\":{\"@id\":\"https:\/\/emploi.armatis.com\/pt-pt\/ofertas\/#breadcrumb\"},\"inLanguage\":\"pt-PT\",\"potentialAction\":[{\"@type\":\"ReadAction\",\"target\":[\"https:\/\/emploi.armatis.com\/pt-pt\/ofertas\/\"]}]},{\"@type\":\"BreadcrumbList\",\"@id\":\"https:\/\/emploi.armatis.com\/pt-pt\/ofertas\/#breadcrumb\",\"itemListElement\":[{\"@type\":\"ListItem\",\"position\":1,\"name\":\"Home\",\"item\":\"https:\/\/emploi.armatis.com\/pt-pt\/\"},{\"@type\":\"ListItem\",\"position\":2,\"name\":\"Nos offres &#8211; pt\"}]},{\"@type\":\"WebSite\",\"@id\":\"https:\/\/emploi.armatis.com\/pt-pt\/#website\",\"url\":\"https:\/\/emploi.armatis.com\/pt-pt\/\",\"name\":\"Armatis\",\"description\":\"\",\"publisher\":{\"@id\":\"https:\/\/emploi.armatis.com\/pt-pt\/#organization\"},\"potentialAction\":[{\"@type\":\"SearchAction\",\"target\":{\"@type\":\"EntryPoint\",\"urlTemplate\":\"https:\/\/emploi.armatis.com\/pt-pt\/?s={search_term_string}\"},\"query-input\":{\"@type\":\"PropertyValueSpecification\",\"valueRequired\":true,\"valueName\":\"search_term_string\"}}],\"inLanguage\":\"pt-PT\"},{\"@type\":\"Organization\",\"@id\":\"https:\/\/emploi.armatis.com\/pt-pt\/#organization\",\"name\":\"Armatis\",\"url\":\"https:\/\/emploi.armatis.com\/pt-pt\/\",\"logo\":{\"@type\":\"ImageObject\",\"inLanguage\":\"pt-PT\",\"@id\":\"https:\/\/emploi.armatis.com\/pt-pt\/#\/schema\/logo\/image\/\",\"url\":\"https:\/\/emploi.armatis.com\/wp-content\/uploads\/2025\/07\/cropped-Logo-Armatis-ss-Baseline-Blanc-point-aqua-Copie-scaled-1.png\",\"contentUrl\":\"https:\/\/emploi.armatis.com\/wp-content\/uploads\/2025\/07\/cropped-Logo-Armatis-ss-Baseline-Blanc-point-aqua-Copie-scaled-1.png\",\"width\":2560,\"height\":393,\"caption\":\"Armatis\"},\"image\":{\"@id\":\"https:\/\/emploi.armatis.com\/pt-pt\/#\/schema\/logo\/image\/\"}}]}<\/script>\n<!-- \/ Yoast SEO plugin. -->","yoast_head_json":{"title":"Nos offres - pt - Armatis","robots":{"index":"index","follow":"follow","max-snippet":"max-snippet:-1","max-image-preview":"max-image-preview:large","max-video-preview":"max-video-preview:-1"},"canonical":"https:\/\/emploi.armatis.com\/pt-pt\/ofertas\/","og_locale":"pt_PT","og_type":"article","og_title":"Nos offres - pt - Armatis","og_url":"https:\/\/emploi.armatis.com\/pt-pt\/ofertas\/","og_site_name":"Armatis","article_modified_time":"2023-05-10T09:44:34+00:00","twitter_card":"summary_large_image","schema":{"@context":"https:\/\/schema.org","@graph":[{"@type":"WebPage","@id":"https:\/\/emploi.armatis.com\/pt-pt\/ofertas\/","url":"https:\/\/emploi.armatis.com\/pt-pt\/ofertas\/","name":"Nos offres - pt - Armatis","isPartOf":{"@id":"https:\/\/emploi.armatis.com\/pt-pt\/#website"},"datePublished":"2020-09-25T10:33:28+00:00","dateModified":"2023-05-10T09:44:34+00:00","breadcrumb":{"@id":"https:\/\/emploi.armatis.com\/pt-pt\/ofertas\/#breadcrumb"},"inLanguage":"pt-PT","potentialAction":[{"@type":"ReadAction","target":["https:\/\/emploi.armatis.com\/pt-pt\/ofertas\/"]}]},{"@type":"BreadcrumbList","@id":"https:\/\/emploi.armatis.com\/pt-pt\/ofertas\/#breadcrumb","itemListElement":[{"@type":"ListItem","position":1,"name":"Home","item":"https:\/\/emploi.armatis.com\/pt-pt\/"},{"@type":"ListItem","position":2,"name":"Nos offres &#8211; pt"}]},{"@type":"WebSite","@id":"https:\/\/emploi.armatis.com\/pt-pt\/#website","url":"https:\/\/emploi.armatis.com\/pt-pt\/","name":"Armatis","description":"","publisher":{"@id":"https:\/\/emploi.armatis.com\/pt-pt\/#organization"},"potentialAction":[{"@type":"SearchAction","target":{"@type":"EntryPoint","urlTemplate":"https:\/\/emploi.armatis.com\/pt-pt\/?s={search_term_string}"},"query-input":{"@type":"PropertyValueSpecification","valueRequired":true,"valueName":"search_term_string"}}],"inLanguage":"pt-PT"},{"@type":"Organization","@id":"https:\/\/emploi.armatis.com\/pt-pt\/#organization","name":"Armatis","url":"https:\/\/emploi.armatis.com\/pt-pt\/","logo":{"@type":"ImageObject","inLanguage":"pt-PT","@id":"https:\/\/emploi.armatis.com\/pt-pt\/#\/schema\/logo\/image\/","url":"https:\/\/emploi.armatis.com\/wp-content\/uploads\/2025\/07\/cropped-Logo-Armatis-ss-Baseline-Blanc-point-aqua-Copie-scaled-1.png","contentUrl":"https:\/\/emploi.armatis.com\/wp-content\/uploads\/2025\/07\/cropped-Logo-Armatis-ss-Baseline-Blanc-point-aqua-Copie-scaled-1.png","width":2560,"height":393,"caption":"Armatis"},"image":{"@id":"https:\/\/emploi.armatis.com\/pt-pt\/#\/schema\/logo\/image\/"}}]}},"_links":{"self":[{"href":"https:\/\/emploi.armatis.com\/pt-pt\/wp-json\/wp\/v2\/pages\/903","targetHints":{"allow":["GET"]}}],"collection":[{"href":"https:\/\/emploi.armatis.com\/pt-pt\/wp-json\/wp\/v2\/pages"}],"about":[{"href":"https:\/\/emploi.armatis.com\/pt-pt\/wp-json\/wp\/v2\/types\/page"}],"author":[{"embeddable":true,"href":"https:\/\/emploi.armatis.com\/pt-pt\/wp-json\/wp\/v2\/users\/13"}],"replies":[{"embeddable":true,"href":"https:\/\/emploi.armatis.com\/pt-pt\/wp-json\/wp\/v2\/comments?post=903"}],"version-history":[{"count":1,"href":"https:\/\/emploi.armatis.com\/pt-pt\/wp-json\/wp\/v2\/pages\/903\/revisions"}],"predecessor-version":[{"id":14842,"href":"https:\/\/emploi.armatis.com\/pt-pt\/wp-json\/wp\/v2\/pages\/903\/revisions\/14842"}],"wp:attachment":[{"href":"https:\/\/emploi.armatis.com\/pt-pt\/wp-json\/wp\/v2\/media?parent=903"}],"curies":[{"name":"wp","href":"https:\/\/api.w.org\/{rel}","templated":true}]}}