{"id":627,"date":"2020-09-23T11:22:31","date_gmt":"2020-09-23T09:22:31","guid":{"rendered":"http:\/\/armatis-carrieres.noprod-lampeu.brainsonic.com\/?page_id=627"},"modified":"2021-02-05T10:55:38","modified_gmt":"2021-02-05T09:55:38","slug":"sobre-nos","status":"publish","type":"page","link":"https:\/\/emploi.armatis.com\/pt-pt\/sobre-nos\/","title":{"rendered":"\u00c0 propos &#8211; pt"},"content":{"rendered":"","protected":false},"excerpt":{"rendered":"","protected":false},"author":13,"featured_media":0,"parent":0,"menu_order":0,"comment_status":"closed","ping_status":"closed","template":"page-templates\/a-propos.php","meta":{"_acf_changed":false,"footnotes":""},"class_list":["post-627","page","type-page","status-publish","hentry"],"acf":{"titre_about_header":"30 ANOS DE EXPERI\u00caNCIA NA GEST\u00c3O DA RELA\u00c7\u00c3O COM O CLIENTE\u2026E COM O COLABORADOR.","contenu_about_header":"<p>Uma rela\u00e7\u00e3o leal e duradoura, com um grande n\u00famero de colaboradores, baseada nos valores do compromisso, diversidade, confian\u00e7a e uni\u00e3o.<\/p>\n","image_de_fond_about_header":2208,"image_de_fond_about_header_mobile":2208,"card_experience":[{"pictogramme_card_experience":false,"titre_card_experience":"","contenu_card_experience":""}],"image_de_fond_video_about":false,"section_author_citation":"Jo\u00e3o,","section_lieu":"Lisboa","section_citation":"<p>Fazer parte da Armatis \u00e9 integrar projetos onde o acompanhamento e a forma\u00e7\u00e3o s\u00e3o constantes. Somos uma equipa onde se destaca o sorriso no dia-a-dia de todos.<\/p>\n","video_id_video_about":"uG4yHaoNE3A","titre_video_media":"","contenu_video_media":"","cta_video_media":{"label_cta_video_media":"","lien_cta_video_media":"","couleur_cta_video_media":""},"video_video_media":{"video_id_video_video_media":"","miniature_video_video_media":901},"titre_engagement":"COMPROMISSO &amp; CONFIAN\u00c7A","content_engagement":"<p><strong>Para realizar as nossas miss\u00f5es, guiados pelos desafios dos nossos parceiros.<\/strong><\/p>\n<p>Porque estamos convencidos de que o sucesso \u00e9 tanto coletivo como individual, na Armatis cada colaborador tem um papel fundamental a desempenhar no sucesso de cada atividade. O nosso compromisso \u00e9 tanto para com os nossos parceiros na realiza\u00e7\u00e3o dos objetivos estabelecidos como para com os nossos colaboradores no que diz respeito \u00e0s condi\u00e7\u00f5es de contrata\u00e7\u00e3o anunciadas. Estes compromissos s\u00e3o a chave para construir rela\u00e7\u00f5es de confian\u00e7a duradouras que permitem a uni\u00e3o de todos os elos da cadeia.<\/p>\n","photo_engagement":770,"titre_diversite":"DIVERSIDADE","description_diversite":"<p><strong>Promover a nossa pluralidade e mobilizar os nossos talentos na solidariedade e no respeito pelos outros.<\/strong><\/p>\n<p>Aplicamos processos rigorosos desde o momento do recrutamento e ao longo da vida do colaborador, a fim de garantir a igualdade de oportunidades e percursos de carreira justos. No dia-a-dia esta diversidade reflete-se em conversas, iniciativas e eventos dentro e fora dos nossos sites para sensibilizar e informar os nossos colaboradores sobre estes temas.<\/p>\n","diaporama":[2223,769],"titre_pertinence":"UNI\u00c3O","contenu_pertinence":"<p><strong>Unir os colaboradores da Armatis em torno de uma vis\u00e3o comum.<\/strong><\/p>\n<p>O nosso principal desafio \u00e9 a satisfa\u00e7\u00e3o dos clientes finais. O ponto em comum das pessoas que fazem o nosso trabalho e constituem a nossa empresa \u00e9 o esp\u00edrito e o sentido do servi\u00e7o: gostamos de ajudar os outros. Os colaboradores da Armatis est\u00e3o determinados a fazer avan\u00e7ar o grupo quaisquer que sejam os desafios encontrados e esta \u00e9 a nossa maior for\u00e7a.<\/p>\n","image_pertinence":2211,"image_pertinence_mobile":2211},"yoast_head":"<!-- This site is optimized with the Yoast SEO plugin v26.1.1 - https:\/\/yoast.com\/wordpress\/plugins\/seo\/ -->\n<title>\u00c0 propos - pt - Armatis<\/title>\n<meta name=\"robots\" content=\"index, follow, max-snippet:-1, max-image-preview:large, max-video-preview:-1\" \/>\n<link rel=\"canonical\" href=\"https:\/\/emploi.armatis.com\/pt-pt\/sobre-nos\/\" \/>\n<meta property=\"og:locale\" content=\"pt_PT\" \/>\n<meta property=\"og:type\" content=\"article\" \/>\n<meta property=\"og:title\" content=\"\u00c0 propos - pt - Armatis\" \/>\n<meta property=\"og:url\" content=\"https:\/\/emploi.armatis.com\/pt-pt\/sobre-nos\/\" \/>\n<meta property=\"og:site_name\" content=\"Armatis\" \/>\n<meta property=\"article:modified_time\" content=\"2021-02-05T09:55:38+00:00\" \/>\n<meta name=\"twitter:card\" content=\"summary_large_image\" \/>\n<script type=\"application\/ld+json\" class=\"yoast-schema-graph\">{\"@context\":\"https:\/\/schema.org\",\"@graph\":[{\"@type\":\"WebPage\",\"@id\":\"https:\/\/emploi.armatis.com\/pt-pt\/sobre-nos\/\",\"url\":\"https:\/\/emploi.armatis.com\/pt-pt\/sobre-nos\/\",\"name\":\"\u00c0 propos - pt - Armatis\",\"isPartOf\":{\"@id\":\"https:\/\/emploi.armatis.com\/pt-pt\/#website\"},\"datePublished\":\"2020-09-23T09:22:31+00:00\",\"dateModified\":\"2021-02-05T09:55:38+00:00\",\"breadcrumb\":{\"@id\":\"https:\/\/emploi.armatis.com\/pt-pt\/sobre-nos\/#breadcrumb\"},\"inLanguage\":\"pt-PT\",\"potentialAction\":[{\"@type\":\"ReadAction\",\"target\":[\"https:\/\/emploi.armatis.com\/pt-pt\/sobre-nos\/\"]}]},{\"@type\":\"BreadcrumbList\",\"@id\":\"https:\/\/emploi.armatis.com\/pt-pt\/sobre-nos\/#breadcrumb\",\"itemListElement\":[{\"@type\":\"ListItem\",\"position\":1,\"name\":\"Home\",\"item\":\"https:\/\/emploi.armatis.com\/pt-pt\/\"},{\"@type\":\"ListItem\",\"position\":2,\"name\":\"\u00c0 propos &#8211; pt\"}]},{\"@type\":\"WebSite\",\"@id\":\"https:\/\/emploi.armatis.com\/pt-pt\/#website\",\"url\":\"https:\/\/emploi.armatis.com\/pt-pt\/\",\"name\":\"Armatis\",\"description\":\"\",\"publisher\":{\"@id\":\"https:\/\/emploi.armatis.com\/pt-pt\/#organization\"},\"potentialAction\":[{\"@type\":\"SearchAction\",\"target\":{\"@type\":\"EntryPoint\",\"urlTemplate\":\"https:\/\/emploi.armatis.com\/pt-pt\/?s={search_term_string}\"},\"query-input\":{\"@type\":\"PropertyValueSpecification\",\"valueRequired\":true,\"valueName\":\"search_term_string\"}}],\"inLanguage\":\"pt-PT\"},{\"@type\":\"Organization\",\"@id\":\"https:\/\/emploi.armatis.com\/pt-pt\/#organization\",\"name\":\"Armatis\",\"url\":\"https:\/\/emploi.armatis.com\/pt-pt\/\",\"logo\":{\"@type\":\"ImageObject\",\"inLanguage\":\"pt-PT\",\"@id\":\"https:\/\/emploi.armatis.com\/pt-pt\/#\/schema\/logo\/image\/\",\"url\":\"https:\/\/emploi.armatis.com\/wp-content\/uploads\/2025\/07\/cropped-Logo-Armatis-ss-Baseline-Blanc-point-aqua-Copie-scaled-1.png\",\"contentUrl\":\"https:\/\/emploi.armatis.com\/wp-content\/uploads\/2025\/07\/cropped-Logo-Armatis-ss-Baseline-Blanc-point-aqua-Copie-scaled-1.png\",\"width\":2560,\"height\":393,\"caption\":\"Armatis\"},\"image\":{\"@id\":\"https:\/\/emploi.armatis.com\/pt-pt\/#\/schema\/logo\/image\/\"}}]}<\/script>\n<!-- \/ Yoast SEO plugin. -->","yoast_head_json":{"title":"\u00c0 propos - pt - Armatis","robots":{"index":"index","follow":"follow","max-snippet":"max-snippet:-1","max-image-preview":"max-image-preview:large","max-video-preview":"max-video-preview:-1"},"canonical":"https:\/\/emploi.armatis.com\/pt-pt\/sobre-nos\/","og_locale":"pt_PT","og_type":"article","og_title":"\u00c0 propos - pt - Armatis","og_url":"https:\/\/emploi.armatis.com\/pt-pt\/sobre-nos\/","og_site_name":"Armatis","article_modified_time":"2021-02-05T09:55:38+00:00","twitter_card":"summary_large_image","schema":{"@context":"https:\/\/schema.org","@graph":[{"@type":"WebPage","@id":"https:\/\/emploi.armatis.com\/pt-pt\/sobre-nos\/","url":"https:\/\/emploi.armatis.com\/pt-pt\/sobre-nos\/","name":"\u00c0 propos - pt - Armatis","isPartOf":{"@id":"https:\/\/emploi.armatis.com\/pt-pt\/#website"},"datePublished":"2020-09-23T09:22:31+00:00","dateModified":"2021-02-05T09:55:38+00:00","breadcrumb":{"@id":"https:\/\/emploi.armatis.com\/pt-pt\/sobre-nos\/#breadcrumb"},"inLanguage":"pt-PT","potentialAction":[{"@type":"ReadAction","target":["https:\/\/emploi.armatis.com\/pt-pt\/sobre-nos\/"]}]},{"@type":"BreadcrumbList","@id":"https:\/\/emploi.armatis.com\/pt-pt\/sobre-nos\/#breadcrumb","itemListElement":[{"@type":"ListItem","position":1,"name":"Home","item":"https:\/\/emploi.armatis.com\/pt-pt\/"},{"@type":"ListItem","position":2,"name":"\u00c0 propos &#8211; pt"}]},{"@type":"WebSite","@id":"https:\/\/emploi.armatis.com\/pt-pt\/#website","url":"https:\/\/emploi.armatis.com\/pt-pt\/","name":"Armatis","description":"","publisher":{"@id":"https:\/\/emploi.armatis.com\/pt-pt\/#organization"},"potentialAction":[{"@type":"SearchAction","target":{"@type":"EntryPoint","urlTemplate":"https:\/\/emploi.armatis.com\/pt-pt\/?s={search_term_string}"},"query-input":{"@type":"PropertyValueSpecification","valueRequired":true,"valueName":"search_term_string"}}],"inLanguage":"pt-PT"},{"@type":"Organization","@id":"https:\/\/emploi.armatis.com\/pt-pt\/#organization","name":"Armatis","url":"https:\/\/emploi.armatis.com\/pt-pt\/","logo":{"@type":"ImageObject","inLanguage":"pt-PT","@id":"https:\/\/emploi.armatis.com\/pt-pt\/#\/schema\/logo\/image\/","url":"https:\/\/emploi.armatis.com\/wp-content\/uploads\/2025\/07\/cropped-Logo-Armatis-ss-Baseline-Blanc-point-aqua-Copie-scaled-1.png","contentUrl":"https:\/\/emploi.armatis.com\/wp-content\/uploads\/2025\/07\/cropped-Logo-Armatis-ss-Baseline-Blanc-point-aqua-Copie-scaled-1.png","width":2560,"height":393,"caption":"Armatis"},"image":{"@id":"https:\/\/emploi.armatis.com\/pt-pt\/#\/schema\/logo\/image\/"}}]}},"_links":{"self":[{"href":"https:\/\/emploi.armatis.com\/pt-pt\/wp-json\/wp\/v2\/pages\/627","targetHints":{"allow":["GET"]}}],"collection":[{"href":"https:\/\/emploi.armatis.com\/pt-pt\/wp-json\/wp\/v2\/pages"}],"about":[{"href":"https:\/\/emploi.armatis.com\/pt-pt\/wp-json\/wp\/v2\/types\/page"}],"author":[{"embeddable":true,"href":"https:\/\/emploi.armatis.com\/pt-pt\/wp-json\/wp\/v2\/users\/13"}],"replies":[{"embeddable":true,"href":"https:\/\/emploi.armatis.com\/pt-pt\/wp-json\/wp\/v2\/comments?post=627"}],"version-history":[{"count":0,"href":"https:\/\/emploi.armatis.com\/pt-pt\/wp-json\/wp\/v2\/pages\/627\/revisions"}],"wp:attachment":[{"href":"https:\/\/emploi.armatis.com\/pt-pt\/wp-json\/wp\/v2\/media?parent=627"}],"curies":[{"name":"wp","href":"https:\/\/api.w.org\/{rel}","templated":true}]}}