{"id":937,"date":"2020-09-29T17:09:00","date_gmt":"2020-09-29T15:09:00","guid":{"rendered":"http:\/\/armatistalent.wpengine.com\/?page_id=937"},"modified":"2024-11-12T16:11:41","modified_gmt":"2024-11-12T15:11:41","slug":"obowiazek-informacyjny","status":"publish","type":"page","link":"https:\/\/emploi.armatis.com\/pl\/obowiazek-informacyjny\/","title":{"rendered":"Obowi\u0105zek informacyjny"},"content":{"rendered":"<div class=\"wpb-content-wrapper\"><p>[vc_row][vc_column width=&#8221;1\/6&#8243;][\/vc_column][vc_column width=&#8221;2\/3&#8243;]<div class=\"elegant-empty-space space-vertical elegant-clearfix\" style=\"height:197px;\"><\/div>[vc_column_text css=&#8221;&#8221;]<\/p>\n<p style=\"text-align: center;\"><strong>OBOWI\u0104ZEK INFORMACYJNY<\/strong><\/p>\n<p>&nbsp;<\/p>\n<p>Informujemy, \u017ce: Administratorem Pani\/Pana danych osobowych jest Armatis Polska Sp. z o.o. z siedzib\u0105 w Warszawie przy, ul. Cybernetyki 9, 02-677 Warszawa, zwany dalej Administratorem.<\/p>\n<p>&nbsp;<\/p>\n<p>Administrator prowadzi operacje przetwarzania Pani\/Pana danych osobowych, na podstawie:<\/p>\n<p>&nbsp;<\/p>\n<ol>\n<li>6 ust.1 lit. c RODO, art. 221\u00a0Kodeksu pracy, upowa\u017cnia nas do przetwarzania danych w celu zawarcia umowy o prac\u0119 w zakresie takich danych jak: imi\u0119 (imiona) i nazwisko,\u00a0 data urodzenia, adres do korespondencji wg. Pana\/Pani uznania. Na potrzeby przeprowadzenia procesu rekrutacji przetwarzamy r\u00f3wnie\u017c takie dane jak: wykszta\u0142cenie, przebieg dotychczasowego zatrudnienia.<\/li>\n<li>6 ust.1 lit. a RODO tj. zgoda, w zakresie innych danych ni\u017c wymienione powy\u017cej.\u00a0Je\u017celi Pani\/Pana aplikacja zawiera takie dane.<\/li>\n<li>6 ust.1 lit. f RODO tj. prawnie uzasadniony interes Administratora.<\/li>\n<\/ol>\n<p>&nbsp;<\/p>\n<p>W trakcie procesu rekrutacji mo\u017cemy by\u0107 zainteresowani przeprowadzaniem rozmowy kwalifikacyjnej ewentualnie poprosi\u0107 o rozwi\u0105zanie okre\u015blonych test\u00f3w kwalifikacyjnych. Mamy uzasadniony interes w tym, aby wykorzystuj\u0105c dane pozyskane w trackie takiej rozmowy kwalifikacyjnej lub testu sprawdzi\u0107 Pani\/Pana umiej\u0119tno\u015bci na oferowane stanowisko.<\/p>\n<p>&nbsp;<\/p>\n<p>Pani\/ Pana dane osobowe mog\u0105 by\u0107 przekazywane podmiotom dzia\u0142aj\u0105cym na zlecenie Armatis Polska Sp. z o.o. tj. dostawcy us\u0142ug i rozwi\u0105za\u0144 teleinformatycznych, podmiotom \u015bwiadcz\u0105cym us\u0142ugi rekrutacyjne, dostawcom serwis\u00f3w rekrutacyjnych on-line, og\u0142oszeniodawcom, a tak\u017ce przedstawicielom podmiot\u00f3w, dla kt\u00f3rych Sp\u00f3\u0142ka Armatis Polska \u015bwiadczy swoje us\u0142ugi.<\/p>\n<p>&nbsp;<\/p>\n<p>Pani\/ Pana dane osobowe b\u0119d\u0105 przetwarzane przez okres niezb\u0119dny do zako\u0144czenia procesu naboru, nie d\u0142u\u017cej jednak ni\u017c 6 miesi\u0119cy od dnia aplikacji. W przypadku gdy wyrazi\u0142\/a Pani\/Pan zgod\u0119 na przetwarzanie danych osobowych dla cel\u00f3w przysz\u0142ych rekrutacji Pani\/Pan dane b\u0119d\u0105 przetwarzane nie d\u0142u\u017cej ni\u017c 1 rok.<\/p>\n<p>&nbsp;<\/p>\n<p>W zakresie, w jakim Pani\/Pana dane b\u0119d\u0105 przetwarzane dla realizacji naszych prawnie uzasadnionych interes\u00f3w, mog\u0105 by\u0107 one przez nas przechowywane dla cel\u00f3w ustalenia, dochodzenia lub obrony przed roszczeniami, do momentu przedawnienia tych roszcze\u0144.<\/p>\n<p>&nbsp;<\/p>\n<p>Podanie danych osobowych jest dobrowolne, ale niezb\u0119dne celem doko\u0144czenia procedury naboru.<\/p>\n<p>&nbsp;<\/p>\n<p>W ka\u017cdym momencie mo\u017ce Pani\/ Pan wycofa\u0107 zgod\u0119. Wycofanie zgody nie wp\u0142ywa na zgodno\u015b\u0107 z prawem przetwarzania, kt\u00f3rego dokonano na podstawie zgody przed jej wycofaniem.<\/p>\n<p>&nbsp;<\/p>\n<p>Posiada Pani\/Pan prawo do \u017c\u0105dania od Administratora dost\u0119pu do swoich danych osobowych, ich sprostowania, usuni\u0119cia, ograniczenia przetwarzania danych osobowych, czy wniesienia skargi do Prezesa Urz\u0119du Ochrony Danych Osobowych, przenoszenia danych, a tak\u017ce cofni\u0119cia zgody na przetwarzanie danych osobowych w dowolnym momencie.<\/p>\n<p>&nbsp;<\/p>\n<p>Informujemy, \u017ce ma Pani\/Pan tak\u017ce prawo do wniesienia sprzeciwu wobec przetwarzania danych osobowym. W celu wykonania powy\u017cszych uprawnie\u0144 nale\u017cy skontaktowa\u0107 si\u0119 z Inspektorem Danych Osobowych poprzez e-mail: iod@armatis.com<\/p>\n<p>&nbsp;<\/p>\n<p>Pani\/Pana dane osobowe nie podlegaj\u0105 zautomatyzowanemu podejmowaniu decyzji, w tym profilowaniu.[\/vc_column_text]<div class=\"elegant-empty-space space-vertical elegant-clearfix\" style=\"height:60px;\"><\/div>[\/vc_column][vc_column width=&#8221;1\/6&#8243;][\/vc_column][\/vc_row][vc_row][vc_column width=&#8221;1\/6&#8243;][\/vc_column][vc_column width=&#8221;2\/3&#8243;][vc_separator css=&#8221;&#8221;]<div class=\"elegant-empty-space space-vertical elegant-clearfix\" style=\"height:61px;\"><\/div>[vc_column_text css=&#8221;&#8221;]<\/p>\n<p style=\"text-align: center;\"><strong>INFORMATION OBLIGATION<\/strong><\/p>\n<p>&nbsp;<\/p>\n<p>Please be advised that: The Controller of your personal data is Armatis Polska Sp. z o.o. with its registered office in Warsaw, Cybernetyki 9, 02-677 Warsaw, hereinafter referred to as the Controller.<\/p>\n<p>&nbsp;<\/p>\n<p>The Controller conducts the processing of your personal data on the basis of:<\/p>\n<p>&nbsp;<\/p>\n<ol>\n<li>Article 6(1)(c) of the GDPR, Article 22<sup>1<\/sup> of the Labour Code, authorizes us to process data for the purpose of concluding an employment contract in the scope of such data as: name(s) and surname, date of birth, correspondence address at your discretion. For the purposes of the recruitment process, we also process data such as: education, previous employment.<\/li>\n<li>Article 6(1)(a) of the GDPR, consent, in the scope of data other than those listed above.\u00a0If your application contains such data.<\/li>\n<li>Article 6(1)(f) of the GDPR, the legitimate interest of the Controller.<\/li>\n<\/ol>\n<p>&nbsp;<\/p>\n<p>During the recruitment process, we may be interested in conducting an interview or ask you to solve certain placement tests. We have a legitimate interest in using the data obtained during such an interview or test to check your skills for the offered position.<\/p>\n<p>&nbsp;<\/p>\n<p>Your personal data may be transferred to entities acting on behalf of Armatis Polska Sp. z o.o., providers of ICT services and solutions, entities providing recruitment services, providers of on-line recruitment services, advertisers, as well as representatives of entities for which Armatis Polska provides its services.<\/p>\n<p>&nbsp;<\/p>\n<p>Your personal data will be processed for the period necessary to complete the recruitment process, but no longer than 6 months from the date of applying. If you have consented to the processing of your personal data for the purposes of future recruitment, your data will be processed for no longer than 1 year.<\/p>\n<p>&nbsp;<\/p>\n<p>To the extent that your data will be processed for the purposes of our legitimate interests, they may be stored by us for the purposes of establishing, investigating or defending against claims, until the statute of limitations for these claims expires.<\/p>\n<p>&nbsp;<\/p>\n<p>Providing personal data is voluntary, but necessary to complete the selection procedure.<\/p>\n<p>&nbsp;<\/p>\n<p>You can withdraw your consent at any time. Withdrawal of consent does not affect the lawfulness of processing based on consent before its withdrawal.<\/p>\n<p>&nbsp;<\/p>\n<p>You have the right to request the Administrator to access your personal data, rectify it, delete it, limit the processing of personal data, or lodge a complaint with the President of the Office for Personal Data Protection, transfer data, as well as withdraw consent to the processing of personal data at any time.<\/p>\n<p>&nbsp;<\/p>\n<p>Please be advised that you also have the right to object to the processing of your personal data. In order to exercise the above rights, please contact the Personal Data Inspector via e-mail: iod@armatis.com<\/p>\n<p>&nbsp;<\/p>\n<p>Your personal data is not subject to automated decision-making, including profiling.<\/p>\n<p>&nbsp;<\/p>\n<p>[\/vc_column_text]<div class=\"elegant-empty-space space-vertical elegant-clearfix\" style=\"height:197px;\"><\/div>[\/vc_column][vc_column width=&#8221;1\/6&#8243;][\/vc_column][\/vc_row]<\/p>\n<\/div>","protected":false},"excerpt":{"rendered":"<p>[vc_row][vc_column width=&#8221;1\/6&#8243;][\/vc_column][vc_column width=&#8221;2\/3&#8243;][vc_column_text css=&#8221;&#8221;] OBOWI\u0104ZEK INFORMACYJNY &nbsp; Informujemy, \u017ce: Administratorem Pani\/Pana danych osobowych jest Armatis Polska Sp. z o.o. z siedzib\u0105 w Warszawie przy, ul. Cybernetyki 9, 02-677 Warszawa, zwany dalej Administratorem. &nbsp; Administrator prowadzi operacje przetwarzania Pani\/Pana danych osobowych, na podstawie: &nbsp; 6 ust.1 lit. c RODO, art. 221\u00a0Kodeksu pracy, upowa\u017cnia nas do przetwarzania [&hellip;]<\/p>\n","protected":false},"author":13,"featured_media":0,"parent":0,"menu_order":0,"comment_status":"closed","ping_status":"closed","template":"","meta":{"_acf_changed":false,"footnotes":""},"class_list":["post-937","page","type-page","status-publish","hentry"],"acf":[],"yoast_head":"<!-- This site is optimized with the Yoast SEO plugin v26.1.1 - https:\/\/yoast.com\/wordpress\/plugins\/seo\/ -->\n<title>Obowi\u0105zek informacyjny - Armatis<\/title>\n<meta name=\"robots\" content=\"index, follow, max-snippet:-1, max-image-preview:large, max-video-preview:-1\" \/>\n<link rel=\"canonical\" href=\"https:\/\/emploi.armatis.com\/pl\/obowiazek-informacyjny\/\" \/>\n<meta property=\"og:locale\" content=\"pl_PL\" \/>\n<meta property=\"og:type\" content=\"article\" \/>\n<meta property=\"og:title\" content=\"Obowi\u0105zek informacyjny - Armatis\" \/>\n<meta property=\"og:description\" content=\"[vc_row][vc_column width=&#8221;1\/6&#8243;][\/vc_column][vc_column width=&#8221;2\/3&#8243;][vc_column_text css=&#8221;&#8221;] OBOWI\u0104ZEK INFORMACYJNY &nbsp; Informujemy, \u017ce: Administratorem Pani\/Pana danych osobowych jest Armatis Polska Sp. z o.o. z siedzib\u0105 w Warszawie przy, ul. Cybernetyki 9, 02-677 Warszawa, zwany dalej Administratorem. &nbsp; Administrator prowadzi operacje przetwarzania Pani\/Pana danych osobowych, na podstawie: &nbsp; 6 ust.1 lit. c RODO, art. 221\u00a0Kodeksu pracy, upowa\u017cnia nas do przetwarzania [&hellip;]\" \/>\n<meta property=\"og:url\" content=\"https:\/\/emploi.armatis.com\/pl\/obowiazek-informacyjny\/\" \/>\n<meta property=\"og:site_name\" content=\"Armatis\" \/>\n<meta property=\"article:modified_time\" content=\"2024-11-12T15:11:41+00:00\" \/>\n<meta name=\"twitter:card\" content=\"summary_large_image\" \/>\n<meta name=\"twitter:label1\" content=\"Szacowany czas czytania\" \/>\n\t<meta name=\"twitter:data1\" content=\"5 minut\" \/>\n<script type=\"application\/ld+json\" class=\"yoast-schema-graph\">{\"@context\":\"https:\/\/schema.org\",\"@graph\":[{\"@type\":\"WebPage\",\"@id\":\"https:\/\/emploi.armatis.com\/pl\/obowiazek-informacyjny\/\",\"url\":\"https:\/\/emploi.armatis.com\/pl\/obowiazek-informacyjny\/\",\"name\":\"Obowi\u0105zek informacyjny - Armatis\",\"isPartOf\":{\"@id\":\"https:\/\/emploi.armatis.com\/pl\/#website\"},\"datePublished\":\"2020-09-29T15:09:00+00:00\",\"dateModified\":\"2024-11-12T15:11:41+00:00\",\"breadcrumb\":{\"@id\":\"https:\/\/emploi.armatis.com\/pl\/obowiazek-informacyjny\/#breadcrumb\"},\"inLanguage\":\"pl-PL\",\"potentialAction\":[{\"@type\":\"ReadAction\",\"target\":[\"https:\/\/emploi.armatis.com\/pl\/obowiazek-informacyjny\/\"]}]},{\"@type\":\"BreadcrumbList\",\"@id\":\"https:\/\/emploi.armatis.com\/pl\/obowiazek-informacyjny\/#breadcrumb\",\"itemListElement\":[{\"@type\":\"ListItem\",\"position\":1,\"name\":\"Home\",\"item\":\"https:\/\/emploi.armatis.com\/pl\/\"},{\"@type\":\"ListItem\",\"position\":2,\"name\":\"Obowi\u0105zek informacyjny\"}]},{\"@type\":\"WebSite\",\"@id\":\"https:\/\/emploi.armatis.com\/pl\/#website\",\"url\":\"https:\/\/emploi.armatis.com\/pl\/\",\"name\":\"Armatis\",\"description\":\"\",\"publisher\":{\"@id\":\"https:\/\/emploi.armatis.com\/pl\/#organization\"},\"potentialAction\":[{\"@type\":\"SearchAction\",\"target\":{\"@type\":\"EntryPoint\",\"urlTemplate\":\"https:\/\/emploi.armatis.com\/pl\/?s={search_term_string}\"},\"query-input\":{\"@type\":\"PropertyValueSpecification\",\"valueRequired\":true,\"valueName\":\"search_term_string\"}}],\"inLanguage\":\"pl-PL\"},{\"@type\":\"Organization\",\"@id\":\"https:\/\/emploi.armatis.com\/pl\/#organization\",\"name\":\"Armatis\",\"url\":\"https:\/\/emploi.armatis.com\/pl\/\",\"logo\":{\"@type\":\"ImageObject\",\"inLanguage\":\"pl-PL\",\"@id\":\"https:\/\/emploi.armatis.com\/pl\/#\/schema\/logo\/image\/\",\"url\":\"https:\/\/emploi.armatis.com\/wp-content\/uploads\/2025\/07\/cropped-Logo-Armatis-ss-Baseline-Blanc-point-aqua-Copie-scaled-1.png\",\"contentUrl\":\"https:\/\/emploi.armatis.com\/wp-content\/uploads\/2025\/07\/cropped-Logo-Armatis-ss-Baseline-Blanc-point-aqua-Copie-scaled-1.png\",\"width\":2560,\"height\":393,\"caption\":\"Armatis\"},\"image\":{\"@id\":\"https:\/\/emploi.armatis.com\/pl\/#\/schema\/logo\/image\/\"}}]}<\/script>\n<!-- \/ Yoast SEO plugin. -->","yoast_head_json":{"title":"Obowi\u0105zek informacyjny - Armatis","robots":{"index":"index","follow":"follow","max-snippet":"max-snippet:-1","max-image-preview":"max-image-preview:large","max-video-preview":"max-video-preview:-1"},"canonical":"https:\/\/emploi.armatis.com\/pl\/obowiazek-informacyjny\/","og_locale":"pl_PL","og_type":"article","og_title":"Obowi\u0105zek informacyjny - Armatis","og_description":"[vc_row][vc_column width=&#8221;1\/6&#8243;][\/vc_column][vc_column width=&#8221;2\/3&#8243;][vc_column_text css=&#8221;&#8221;] OBOWI\u0104ZEK INFORMACYJNY &nbsp; Informujemy, \u017ce: Administratorem Pani\/Pana danych osobowych jest Armatis Polska Sp. z o.o. z siedzib\u0105 w Warszawie przy, ul. Cybernetyki 9, 02-677 Warszawa, zwany dalej Administratorem. &nbsp; Administrator prowadzi operacje przetwarzania Pani\/Pana danych osobowych, na podstawie: &nbsp; 6 ust.1 lit. c RODO, art. 221\u00a0Kodeksu pracy, upowa\u017cnia nas do przetwarzania [&hellip;]","og_url":"https:\/\/emploi.armatis.com\/pl\/obowiazek-informacyjny\/","og_site_name":"Armatis","article_modified_time":"2024-11-12T15:11:41+00:00","twitter_card":"summary_large_image","twitter_misc":{"Szacowany czas czytania":"5 minut"},"schema":{"@context":"https:\/\/schema.org","@graph":[{"@type":"WebPage","@id":"https:\/\/emploi.armatis.com\/pl\/obowiazek-informacyjny\/","url":"https:\/\/emploi.armatis.com\/pl\/obowiazek-informacyjny\/","name":"Obowi\u0105zek informacyjny - Armatis","isPartOf":{"@id":"https:\/\/emploi.armatis.com\/pl\/#website"},"datePublished":"2020-09-29T15:09:00+00:00","dateModified":"2024-11-12T15:11:41+00:00","breadcrumb":{"@id":"https:\/\/emploi.armatis.com\/pl\/obowiazek-informacyjny\/#breadcrumb"},"inLanguage":"pl-PL","potentialAction":[{"@type":"ReadAction","target":["https:\/\/emploi.armatis.com\/pl\/obowiazek-informacyjny\/"]}]},{"@type":"BreadcrumbList","@id":"https:\/\/emploi.armatis.com\/pl\/obowiazek-informacyjny\/#breadcrumb","itemListElement":[{"@type":"ListItem","position":1,"name":"Home","item":"https:\/\/emploi.armatis.com\/pl\/"},{"@type":"ListItem","position":2,"name":"Obowi\u0105zek informacyjny"}]},{"@type":"WebSite","@id":"https:\/\/emploi.armatis.com\/pl\/#website","url":"https:\/\/emploi.armatis.com\/pl\/","name":"Armatis","description":"","publisher":{"@id":"https:\/\/emploi.armatis.com\/pl\/#organization"},"potentialAction":[{"@type":"SearchAction","target":{"@type":"EntryPoint","urlTemplate":"https:\/\/emploi.armatis.com\/pl\/?s={search_term_string}"},"query-input":{"@type":"PropertyValueSpecification","valueRequired":true,"valueName":"search_term_string"}}],"inLanguage":"pl-PL"},{"@type":"Organization","@id":"https:\/\/emploi.armatis.com\/pl\/#organization","name":"Armatis","url":"https:\/\/emploi.armatis.com\/pl\/","logo":{"@type":"ImageObject","inLanguage":"pl-PL","@id":"https:\/\/emploi.armatis.com\/pl\/#\/schema\/logo\/image\/","url":"https:\/\/emploi.armatis.com\/wp-content\/uploads\/2025\/07\/cropped-Logo-Armatis-ss-Baseline-Blanc-point-aqua-Copie-scaled-1.png","contentUrl":"https:\/\/emploi.armatis.com\/wp-content\/uploads\/2025\/07\/cropped-Logo-Armatis-ss-Baseline-Blanc-point-aqua-Copie-scaled-1.png","width":2560,"height":393,"caption":"Armatis"},"image":{"@id":"https:\/\/emploi.armatis.com\/pl\/#\/schema\/logo\/image\/"}}]}},"_links":{"self":[{"href":"https:\/\/emploi.armatis.com\/pl\/wp-json\/wp\/v2\/pages\/937","targetHints":{"allow":["GET"]}}],"collection":[{"href":"https:\/\/emploi.armatis.com\/pl\/wp-json\/wp\/v2\/pages"}],"about":[{"href":"https:\/\/emploi.armatis.com\/pl\/wp-json\/wp\/v2\/types\/page"}],"author":[{"embeddable":true,"href":"https:\/\/emploi.armatis.com\/pl\/wp-json\/wp\/v2\/users\/13"}],"replies":[{"embeddable":true,"href":"https:\/\/emploi.armatis.com\/pl\/wp-json\/wp\/v2\/comments?post=937"}],"version-history":[{"count":8,"href":"https:\/\/emploi.armatis.com\/pl\/wp-json\/wp\/v2\/pages\/937\/revisions"}],"predecessor-version":[{"id":19446,"href":"https:\/\/emploi.armatis.com\/pl\/wp-json\/wp\/v2\/pages\/937\/revisions\/19446"}],"wp:attachment":[{"href":"https:\/\/emploi.armatis.com\/pl\/wp-json\/wp\/v2\/media?parent=937"}],"curies":[{"name":"wp","href":"https:\/\/api.w.org\/{rel}","templated":true}]}}