{"id":613,"date":"2020-08-07T17:12:18","date_gmt":"2020-08-07T15:12:18","guid":{"rendered":"http:\/\/armatis-carrieres.noprod-lampeu.brainsonic.com\/?page_id=613"},"modified":"2021-02-05T10:54:50","modified_gmt":"2021-02-05T09:54:50","slug":"o-nas","status":"publish","type":"page","link":"https:\/\/emploi.armatis.com\/pl\/o-nas\/","title":{"rendered":"Armatis &#8211; O nas"},"content":{"rendered":"<p>vbcbddcx<\/p>\n","protected":false},"excerpt":{"rendered":"<p>vbcbddcx<\/p>\n","protected":false},"author":13,"featured_media":0,"parent":0,"menu_order":0,"comment_status":"closed","ping_status":"closed","template":"page-templates\/a-propos.php","meta":{"_acf_changed":false,"footnotes":""},"class_list":["post-613","page","type-page","status-publish","hentry"],"acf":{"image_de_fond_video_about":false,"video_id_video_about":"uG4yHaoNE3A","titre_about_header":"\u00a0PONAD 30 LAT DO\u015aWIADCZENIA W ZARZ\u0104DZANIU DO\u015aWIADCZENIAMI KLIENT\u00d3W...I PRACOWNIK\u00d3W\u00a0","contenu_about_header":"<p>Lojalne i trwa\u0142e relacje z naszymi pracownikami, oparte na warto\u015bciach: Zaanga\u017cowanie, R\u00f3\u017cnorodno\u015b\u0107 i Jedno\u015b\u0107.<\/p>\n","image_de_fond_about_header":2207,"card_experience":[{"pictogramme_card_experience":"https:\/\/emploi.armatis.com\/wp-content\/uploads\/2020\/09\/noun_Mission_2191323.png","titre_card_experience":"Nos missions et nos responsabilit\u00e9 en vers vous","contenu_card_experience":"<p>Proposer des services de conception et gestion de strat\u00e9gie client, de conqu\u00eate et fid\u00e9lisation. Proposer des services de conception et gestion de strat\u00e9gie client, de conqu\u00eate et fid\u00e9lisation.<\/p>\n"},{"pictogramme_card_experience":"https:\/\/emploi.armatis.com\/wp-content\/uploads\/2020\/09\/noun_goal_2134086.png","titre_card_experience":"Nos objectifs","contenu_card_experience":"<p>La coh\u00e9rence de l\u2019exp\u00e9rience client, la qualit\u00e9 per\u00e7ue et le plaisir relationnel<\/p>\n"},{"pictogramme_card_experience":"https:\/\/emploi.armatis.com\/wp-content\/uploads\/2020\/09\/noun_strong-links_2876111.png","titre_card_experience":"Nos forces","contenu_card_experience":"<p>La capacit\u00e9 \u00e0 intervenir sur l\u2019int\u00e9gralit\u00e9 du cycle de vie client et sur tous les canaux d\u2019interaction. Des solutions innovantes cr\u00e9atrices de valeur avec les partenaires reconnus sur leur march\u00e9<\/p>\n"}],"titre_video_media":"<b>Lorem ipsum <\/b>dolor sit amet, concepteur adipisicing elit.","contenu_video_media":"<p>Tempor incididunt ut labore et dolore magna aliqua. Ut enim ad minim veniam, quiepakis nostrud exercitation ullamco laboris nsi ut aliquip ex<br \/>\nea comepmodo consetquat.<br \/>\nadipisicing elit, sed do eiusmod tempor incididunt ut labore et dolore magna aliqua. Ut enim ad minim veniam, quiepakis nostrud exerci.<\/p>\n","cta_video_media":{"label_cta_video_media":"Lorem ipsum dolor","lien_cta_video_media":"https:\/\/emploi.armatis.com\/pl\/o-nas\/","couleur_cta_video_media":"#5ea4c6"},"video_video_media":{"video_id_video_video_media":"SnJgHS4k2ys","miniature_video_video_media":656},"diaporama":[2222,761],"image_de_fond_about_header_mobile":2207,"section_author_citation":"Krzysztof","section_lieu":"Warszawa","section_citation":"<p>Najbardziej w Armatis podoba mi si\u0119 to, ze mog\u0119 przyjemnie sp\u0119dza\u0107 czas z lud\u017ami, kt\u00f3rych \u0142\u0105cz\u0105 te same zainteresowania.<\/p>\n","titre_engagement":"ZAANGA\u017bOWANIE I ZAUFANIE","content_engagement":"<p><strong>Wype\u0142niamy nasze misje, kieruj\u0105c si\u0119 wyzwaniami naszych partner\u00f3w biznesowych.<\/strong><\/p>\n<p>Wa\u017cne s\u0105 dla nas sukcesy zespo\u0142owe i indywidualne, dlatego ka\u017cdy pracownik w Armatis odgrywa kluczow\u0105 rol\u0119. Jeste\u015bmy zobowi\u0105zani wobec naszych partner\u00f3w, by osi\u0105ga\u0107 wyznaczone cele, a wobec naszych pracownik\u00f3w, by zapewni\u0107 im wszystkie ustalone warunki zatrudnienia. Budujemy trwa\u0142e relacje oparte na zaufaniu i wsp\u00f3\u0142pracy na wszystkich szczeblach organizacji.<\/p>\n","photo_engagement":762,"titre_diversite":"R\u00d3\u017bNORODNO\u015a\u0106","description_diversite":"<p><strong>Wspieramy r\u00f3\u017cnorodno\u015b\u0107 i wykorzystujemy nasze talenty w duchu \u017cyczliwo\u015bci i szacunku dla innych.<\/strong><\/p>\n<p>Stosujemy ustandaryzowane zasady od momentu rozpocz\u0119cia procesu rekrutacji po dalsz\u0105 \u015bcie\u017ck\u0119 zawodow\u0105 pracownika w naszej firmie tak, aby zagwarantowa\u0107 wszystkim r\u00f3wne szanse i uczciwy rozw\u00f3j w ramach struktury firmy. Na co dzie\u0144 ta r\u00f3\u017cnorodno\u015b\u0107 znajduje odzwierciedlenie w inicjatywach i dzia\u0142aniach na naszych projektach i poza nimi: chcemy podnosi\u0107 \u015bwiadomo\u015b\u0107 i edukowa\u0107 naszych pracownik\u00f3w w tych kwestiach.<\/p>\n","titre_pertinence":"JEDNO\u015a\u0106","contenu_pertinence":"<p><strong>Zjednoczenie naszych zespo\u0142ow w Armatis wok\u00f3\u0142 wsp\u00f3lnej wizji<\/strong><\/p>\n<p>Naszym g\u0142\u00f3wnym celem jest zadowolenie Klient\u00f3w. Wsp\u00f3lnym mianownikiem os\u00f3b pracuj\u0105cych i tworz\u0105cych nasz\u0105 firm\u0119 jest to, \u017ce lubimy pomaga\u0107 innym. Pracownicy Armatis pragn\u0105 i\u015b\u0107 naprz\u00f3d, niezale\u017cnie od napotkanych wyzwa\u0144 i to jest nasza najwi\u0119ksza si\u0142a.<\/p>\n","image_pertinence":2210,"image_pertinence_mobile":2210},"yoast_head":"<!-- This site is optimized with the Yoast SEO plugin v26.1.1 - https:\/\/yoast.com\/wordpress\/plugins\/seo\/ -->\n<title>Armatis - O nas - Armatis<\/title>\n<meta name=\"robots\" content=\"index, follow, max-snippet:-1, max-image-preview:large, max-video-preview:-1\" \/>\n<link rel=\"canonical\" href=\"https:\/\/emploi.armatis.com\/pl\/o-nas\/\" \/>\n<meta property=\"og:locale\" content=\"pl_PL\" \/>\n<meta property=\"og:type\" content=\"article\" \/>\n<meta property=\"og:title\" content=\"Armatis - O nas - Armatis\" \/>\n<meta property=\"og:description\" content=\"vbcbddcx\" \/>\n<meta property=\"og:url\" content=\"https:\/\/emploi.armatis.com\/pl\/o-nas\/\" \/>\n<meta property=\"og:site_name\" content=\"Armatis\" \/>\n<meta property=\"article:modified_time\" content=\"2021-02-05T09:54:50+00:00\" \/>\n<meta name=\"twitter:card\" content=\"summary_large_image\" \/>\n<script type=\"application\/ld+json\" class=\"yoast-schema-graph\">{\"@context\":\"https:\/\/schema.org\",\"@graph\":[{\"@type\":\"WebPage\",\"@id\":\"https:\/\/emploi.armatis.com\/pl\/o-nas\/\",\"url\":\"https:\/\/emploi.armatis.com\/pl\/o-nas\/\",\"name\":\"Armatis - O nas - Armatis\",\"isPartOf\":{\"@id\":\"https:\/\/emploi.armatis.com\/pl\/#website\"},\"datePublished\":\"2020-08-07T15:12:18+00:00\",\"dateModified\":\"2021-02-05T09:54:50+00:00\",\"breadcrumb\":{\"@id\":\"https:\/\/emploi.armatis.com\/pl\/o-nas\/#breadcrumb\"},\"inLanguage\":\"pl-PL\",\"potentialAction\":[{\"@type\":\"ReadAction\",\"target\":[\"https:\/\/emploi.armatis.com\/pl\/o-nas\/\"]}]},{\"@type\":\"BreadcrumbList\",\"@id\":\"https:\/\/emploi.armatis.com\/pl\/o-nas\/#breadcrumb\",\"itemListElement\":[{\"@type\":\"ListItem\",\"position\":1,\"name\":\"Home\",\"item\":\"https:\/\/emploi.armatis.com\/pl\/\"},{\"@type\":\"ListItem\",\"position\":2,\"name\":\"Armatis &#8211; O nas\"}]},{\"@type\":\"WebSite\",\"@id\":\"https:\/\/emploi.armatis.com\/pl\/#website\",\"url\":\"https:\/\/emploi.armatis.com\/pl\/\",\"name\":\"Armatis\",\"description\":\"\",\"publisher\":{\"@id\":\"https:\/\/emploi.armatis.com\/pl\/#organization\"},\"potentialAction\":[{\"@type\":\"SearchAction\",\"target\":{\"@type\":\"EntryPoint\",\"urlTemplate\":\"https:\/\/emploi.armatis.com\/pl\/?s={search_term_string}\"},\"query-input\":{\"@type\":\"PropertyValueSpecification\",\"valueRequired\":true,\"valueName\":\"search_term_string\"}}],\"inLanguage\":\"pl-PL\"},{\"@type\":\"Organization\",\"@id\":\"https:\/\/emploi.armatis.com\/pl\/#organization\",\"name\":\"Armatis\",\"url\":\"https:\/\/emploi.armatis.com\/pl\/\",\"logo\":{\"@type\":\"ImageObject\",\"inLanguage\":\"pl-PL\",\"@id\":\"https:\/\/emploi.armatis.com\/pl\/#\/schema\/logo\/image\/\",\"url\":\"https:\/\/emploi.armatis.com\/wp-content\/uploads\/2025\/07\/cropped-Logo-Armatis-ss-Baseline-Blanc-point-aqua-Copie-scaled-1.png\",\"contentUrl\":\"https:\/\/emploi.armatis.com\/wp-content\/uploads\/2025\/07\/cropped-Logo-Armatis-ss-Baseline-Blanc-point-aqua-Copie-scaled-1.png\",\"width\":2560,\"height\":393,\"caption\":\"Armatis\"},\"image\":{\"@id\":\"https:\/\/emploi.armatis.com\/pl\/#\/schema\/logo\/image\/\"}}]}<\/script>\n<!-- \/ Yoast SEO plugin. -->","yoast_head_json":{"title":"Armatis - O nas - Armatis","robots":{"index":"index","follow":"follow","max-snippet":"max-snippet:-1","max-image-preview":"max-image-preview:large","max-video-preview":"max-video-preview:-1"},"canonical":"https:\/\/emploi.armatis.com\/pl\/o-nas\/","og_locale":"pl_PL","og_type":"article","og_title":"Armatis - O nas - Armatis","og_description":"vbcbddcx","og_url":"https:\/\/emploi.armatis.com\/pl\/o-nas\/","og_site_name":"Armatis","article_modified_time":"2021-02-05T09:54:50+00:00","twitter_card":"summary_large_image","schema":{"@context":"https:\/\/schema.org","@graph":[{"@type":"WebPage","@id":"https:\/\/emploi.armatis.com\/pl\/o-nas\/","url":"https:\/\/emploi.armatis.com\/pl\/o-nas\/","name":"Armatis - O nas - Armatis","isPartOf":{"@id":"https:\/\/emploi.armatis.com\/pl\/#website"},"datePublished":"2020-08-07T15:12:18+00:00","dateModified":"2021-02-05T09:54:50+00:00","breadcrumb":{"@id":"https:\/\/emploi.armatis.com\/pl\/o-nas\/#breadcrumb"},"inLanguage":"pl-PL","potentialAction":[{"@type":"ReadAction","target":["https:\/\/emploi.armatis.com\/pl\/o-nas\/"]}]},{"@type":"BreadcrumbList","@id":"https:\/\/emploi.armatis.com\/pl\/o-nas\/#breadcrumb","itemListElement":[{"@type":"ListItem","position":1,"name":"Home","item":"https:\/\/emploi.armatis.com\/pl\/"},{"@type":"ListItem","position":2,"name":"Armatis &#8211; O nas"}]},{"@type":"WebSite","@id":"https:\/\/emploi.armatis.com\/pl\/#website","url":"https:\/\/emploi.armatis.com\/pl\/","name":"Armatis","description":"","publisher":{"@id":"https:\/\/emploi.armatis.com\/pl\/#organization"},"potentialAction":[{"@type":"SearchAction","target":{"@type":"EntryPoint","urlTemplate":"https:\/\/emploi.armatis.com\/pl\/?s={search_term_string}"},"query-input":{"@type":"PropertyValueSpecification","valueRequired":true,"valueName":"search_term_string"}}],"inLanguage":"pl-PL"},{"@type":"Organization","@id":"https:\/\/emploi.armatis.com\/pl\/#organization","name":"Armatis","url":"https:\/\/emploi.armatis.com\/pl\/","logo":{"@type":"ImageObject","inLanguage":"pl-PL","@id":"https:\/\/emploi.armatis.com\/pl\/#\/schema\/logo\/image\/","url":"https:\/\/emploi.armatis.com\/wp-content\/uploads\/2025\/07\/cropped-Logo-Armatis-ss-Baseline-Blanc-point-aqua-Copie-scaled-1.png","contentUrl":"https:\/\/emploi.armatis.com\/wp-content\/uploads\/2025\/07\/cropped-Logo-Armatis-ss-Baseline-Blanc-point-aqua-Copie-scaled-1.png","width":2560,"height":393,"caption":"Armatis"},"image":{"@id":"https:\/\/emploi.armatis.com\/pl\/#\/schema\/logo\/image\/"}}]}},"_links":{"self":[{"href":"https:\/\/emploi.armatis.com\/pl\/wp-json\/wp\/v2\/pages\/613","targetHints":{"allow":["GET"]}}],"collection":[{"href":"https:\/\/emploi.armatis.com\/pl\/wp-json\/wp\/v2\/pages"}],"about":[{"href":"https:\/\/emploi.armatis.com\/pl\/wp-json\/wp\/v2\/types\/page"}],"author":[{"embeddable":true,"href":"https:\/\/emploi.armatis.com\/pl\/wp-json\/wp\/v2\/users\/13"}],"replies":[{"embeddable":true,"href":"https:\/\/emploi.armatis.com\/pl\/wp-json\/wp\/v2\/comments?post=613"}],"version-history":[{"count":0,"href":"https:\/\/emploi.armatis.com\/pl\/wp-json\/wp\/v2\/pages\/613\/revisions"}],"wp:attachment":[{"href":"https:\/\/emploi.armatis.com\/pl\/wp-json\/wp\/v2\/media?parent=613"}],"curies":[{"name":"wp","href":"https:\/\/api.w.org\/{rel}","templated":true}]}}