{"id":23610,"date":"2025-11-13T13:11:01","date_gmt":"2025-11-13T12:11:01","guid":{"rendered":"https:\/\/emploi.armatis.com\/informacje-prawne\/"},"modified":"2025-11-13T13:11:02","modified_gmt":"2025-11-13T12:11:02","slug":"informacje-prawne","status":"publish","type":"page","link":"https:\/\/emploi.armatis.com\/pl\/informacje-prawne\/","title":{"rendered":"Informacje prawne"},"content":{"rendered":"<div class=\"wpb-content-wrapper\"><p>[vc_row][vc_column]<div class=\"elegant-empty-space space-vertical elegant-clearfix\" style=\"height:100px;\"><\/div>[\/vc_column][\/vc_row][vc_row css=&#8221;.vc_custom_1756201389619{background-color: #dde5ed !important;}&#8221;][vc_column]<div class=\"elegant-empty-space space-vertical elegant-clearfix\" style=\"height:20px;\"><\/div>[vc_column_text css=&#8221;&#8221;]<\/p>\n<h1 style=\"text-align: center; font-size: 60px;\"><strong>Informacje prawne i Warunki u\u017cytkowania<\/strong><\/h1>\n<p>[\/vc_column_text]<div class=\"elegant-empty-space space-vertical elegant-clearfix\" style=\"height:20px;\"><\/div>[\/vc_column][\/vc_row][vc_row css=&#8221;.vc_custom_1756207119174{background-color: #dde5ed !important;}&#8221;][vc_column][vc_column_text css=&#8221;.vc_custom_1758714656105{padding-right: 100px !important;padding-left: 100px !important;}&#8221;]<\/p>\n<ul>\n<li><strong>Wydawca<\/strong><\/li>\n<\/ul>\n<p>Armatis Holding (zwana dalej \u201eArmatis\u201d), sp\u00f3\u0142ka typu SAS o kapitale zak\u0142adowym 35 157 287 euro, wpisana do Rejestru Handlowego i Sp\u00f3\u0142ek w Pary\u017cu pod numerem 540 030 484, z siedzib\u0105 przy 4 Customer Square \u2013 4bis, rue des P\u00e2tures, 75016 Pary\u017c.<\/p>\n<p><span style=\"color: #4ee6e0;\">Kontakt: tel. 0820 007 007 \/ <strong><a style=\"color: #4ee6e0;\" href=\"mailto:contact@armatis.com\">contact@armatis.com<\/a><\/strong><\/span><\/p>\n<p>&nbsp;<\/p>\n<p><strong>Dyrektor publikacji<\/strong><\/p>\n<p>Dyrektorem publikacji jest Pan David Gillaux, Prezes.<\/p>\n<p>&nbsp;<\/p>\n<p><strong>Hostingodawca<\/strong><\/p>\n<p>Microsoft Azure \u2013 Microsoft France<br \/>\n37\u201345, quai du Pr\u00e9sident Roosevelt, 92130 Issy-les-Moulineaux, Francja<br \/>\nTelefon: 09 70 01 90 90<br \/>\nE-mail:<strong> <a style=\"color: #4ee6e0;\" href=\"https:\/\/azure.microsoft.com\/fr-fr\/\">contact@microsoft.com<\/a><\/strong><br \/>\nStrona<span style=\"color: #4ee6e0;\"><a style=\"color: #4ee6e0;\" href=\"mailto:contact@microsoft.com\" data-start=\"272\" data-end=\"293\"> internetowa: https:\/\/azure.microsoft.com\/fr-fr\/<\/a><\/span><\/p>\n<p>&nbsp;<\/p>\n<p><strong>Prawa do zdj\u0119\u0107<\/strong><\/p>\n<p>Zdj\u0119cia zamieszczone na stronie maj\u0105 charakter wy\u0142\u0105cznie ilustracyjny.<br \/>\nAutor zdj\u0119\u0107: Soxh Factory.<\/p>\n<p>&nbsp;<\/p>\n<p><strong>Webdesign<\/strong><\/p>\n<p>Projekt techniczny i rozw\u00f3j strony internetowej:<br \/>\nKontakt: <strong><span style=\"color: #4ee6e0;\"><a style=\"color: #4ee6e0;\" href=\"mailto:communication@armatis.com\">communication@armatis.com<\/a><\/span><\/strong>[\/vc_column_text][vc_column_text css=&#8221;.vc_custom_1756373735941{padding-right: 100px !important;padding-left: 100px !important;}&#8221;]<\/p>\n<hr>\n<p style=\"text-align: justify; font-size: 30px;\"><span style=\"color: #4ee6e0;\"><strong>Og\u00f3lne Warunki U\u017cytkowania<\/strong><\/span><\/p>\n<p>[\/vc_column_text][vc_column_text css=&#8221;.vc_custom_1758542955858{padding-right: 100px !important;padding-left: 100px !important;}&#8221;]<\/p>\n<p style=\"text-align: justify;\">Niniejsze Og\u00f3lne Warunki U\u017cytkowania (\u201eOWU\u201d) okre\u015blaj\u0105 zasady i warunki dost\u0119pu do serwisu dost\u0119pnego pod adresem <span style=\"color: #4ee6e0;\"><strong><a class=\"decorated-link\" href=\"http:\/\/www.emploi.armatis.com?utm_source=chatgpt.com\" target=\"_new\" rel=\"noopener\" data-start=\"439\" data-end=\"494\">www.emploi.armatis.com<\/a><\/strong><\/span> (dalej \u201eStrona\u201d), wydawanego przez Armatis Holding (\u201eArmatis\u201d), a tak\u017ce zasady korzystania ze Strony przez ka\u017cd\u0105 osob\u0119, kt\u00f3ra na ni\u0105 wchodzi lub z niej korzysta (dalej \u201eU\u017cytkownik\u201d).<\/p>\n<p>[\/vc_column_text][vc_column_text css=&#8221;.vc_custom_1758542979447{padding-right: 100px !important;padding-left: 100px !important;}&#8221;]<\/p>\n<p style=\"text-align: justify; margin-left: 40px;\"><strong>Artyku\u0142 1 \u2013 Akceptacja i zmiana OWU<\/strong><\/p>\n<p>&nbsp;<\/p>\n<p>Uzyskuj\u0105c dost\u0119p do Strony i z niej korzystaj\u0105c, akceptujesz bez zastrze\u017ce\u0144 niniejsze OWU.<\/p>\n<p>OWU mog\u0105 zosta\u0107 w ka\u017cdej chwili zmienione przez Armatis, bez uprzedzenia, w szczeg\u00f3lno\u015bci w celu uwzgl\u0119dnienia zmian na Stronie lub zmian w obowi\u0105zuj\u0105cych przepisach. Nowa wersja OWU b\u0119dzie udost\u0119pniona na Stronie. <\/p>\n<p>Przy ka\u017cdym kolejnym po\u0142\u0105czeniu ze Stron\u0105 automatycznie akceptujesz jej aktualn\u0105 wersj\u0119 OWU.[\/vc_column_text][vc_column_text css=&#8221;.vc_custom_1758543069135{padding-right: 100px !important;padding-left: 100px !important;}&#8221;]<\/p>\n<p style=\"text-align: justify; margin-left: 40px;\"><strong>Artyku\u0142 2 \u2013 Zobowi\u0105zania U\u017cytkownika<\/strong><\/p>\n<p>&nbsp;<\/p>\n<p>Zobowi\u0105zujesz si\u0119 korzysta\u0107 ze Strony zgodnie z OWU oraz obowi\u0105zuj\u0105cymi przepisami prawa.<\/p>\n<p>Potwierdzasz, \u017ce podejmujesz wszelkie niezb\u0119dne \u015brodki, aby chroni\u0107 sw\u00f3j system informatyczny przed ewentualnymi wirusami oraz pr\u00f3bami nieautoryzowanego dost\u0119pu ze strony os\u00f3b trzecich.<\/p>\n<p>&nbsp;<\/p>\n<p style=\"text-align: justify;\">U\u017cytkownik ponosi wy\u0142\u0105czn\u0105 odpowiedzialno\u015b\u0107 za wszelkie szkody lub straty, materialne b\u0105d\u017a niematerialne, kt\u00f3re mog\u0105 wynika\u0107 z korzystania ze Strony.<\/p>\n<p>&nbsp;<\/p>\n<p style=\"text-align: justify;\">Zobowi\u0105zujesz si\u0119 nie korzysta\u0107 ze Strony w celu publikowania, przesy\u0142ania, pobierania lub rozpowszechniania \u2014 bezpo\u015brednio lub za po\u015brednictwem linku \u2014 jakichkolwiek tre\u015bci, kt\u00f3re:<\/p>\n<p>&nbsp;<\/p>\n<ul style=\"text-align: justify; margin-left: 50px; line-height: 1.5;\">\n<li>\u2022 s\u0105 przemocowe, obsceniczne, pornograficzne lub mog\u0105 narusza\u0107 godno\u015b\u0107 cz\u0142owieka, zasady r\u00f3wnego traktowania kobiet i m\u0119\u017cczyzn oraz ochron\u0119 dzieci i m\u0142odzie\u017cy,<\/li>\n<li>\u2022 zach\u0119caj\u0105 do pope\u0142niania czyn\u00f3w zabronionych lub przest\u0119pstw;<\/li>\n<li>\u2022 nak\u0142aniaj\u0105 do spo\u017cywania substancji niedozwolonych;<\/li>\n<li>\u2022 pod\u017cegaj\u0105 do dyskryminacji, nienawi\u015bci lub przemocy ze wzgl\u0119du na ras\u0119, pochodzenie etniczne lub narodowo\u015b\u0107;<\/li>\n<li>\u2022 s\u0105 nielegalne, obra\u017aliwe, gro\u017c\u0105ce, nadu\u017cywaj\u0105ce, znies\u0142awiaj\u0105ce, stanowi\u0105ce form\u0119 oczerniania, n\u0119kania lub naruszaj\u0105ce prywatno\u015b\u0107 innych os\u00f3b;<\/li>\n<li>\u2022 naruszaj\u0105 wizerunek Armatis;<\/li>\n<li>\u2022 mog\u0105 narusza\u0107 prawa os\u00f3b trzecich i\/lub Armatis, w szczeg\u00f3lno\u015bci dotycz\u0105ce tajemnicy przedsi\u0119biorstwa, poufno\u015bci, a tak\u017ce wszelkich praw w\u0142asno\u015bci przemys\u0142owej, intelektualnej lub innych praw do informacji czy tre\u015bci chronionych;<\/li>\n<li>\u2022 zawieraj\u0105 \u2014 w tym mi\u0119dzy innymi \u2014 wirusy lub jakikolwiek kod czy program, kt\u00f3ry m\u00f3g\u0142by zak\u0142\u00f3ci\u0107 dzia\u0142anie, uszkodzi\u0107 lub ograniczy\u0107 funkcjonalno\u015b\u0107 Strony albo jakiegokolwiek oprogramowania, komputera czy urz\u0105dzenia telekomunikacyjnego.<\/li>\n<\/ul>\n<p>&nbsp;<\/p>\n<p style=\"text-align: justify;\">Zobowi\u0105zujesz si\u0119 r\u00f3wnie\u017c do poszanowania integralno\u015bci Strony. Zabronione jest zak\u0142\u00f3canie jej dzia\u0142ania, wymuszanie okre\u015blonych funkcji, modyfikowanie, zmienianie czy usuwanie tre\u015bci, a tak\u017ce wprowadzanie danych w spos\u00f3b nieuprawniony. <\/p>\n<p style=\"text-align: justify;\">W og\u00f3lnym uj\u0119ciu ponosisz pe\u0142n\u0105 odpowiedzialno\u015b\u0107 za spos\u00f3b, w jaki korzystasz ze<strong data-start=\"1943\" data-end=\"2000\"> Strony oraz z tre\u015bci na niej dost\u0119pnych.<\/strong><\/p>\n<p>[\/vc_column_text][vc_column_text css=&#8221;.vc_custom_1756733534833{padding-right: 100px !important;padding-left: 100px !important;}&#8221;]<\/p>\n<p style=\"text-align: justify; margin-left: 40px;\"><strong>Artyku\u0142 3 \u2013 Dost\u0119pno\u015b\u0107<\/strong><\/p>\n<p>&nbsp;<\/p>\n<p style=\"text-align: justify;\">Dost\u0119p do Strony odbywa si\u0119 za po\u015brednictwem sieci Internet.<\/p>\n<p>&nbsp;<\/p>\n<p style=\"text-align: justify;\">Korzystaj\u0105c ze Strony, akceptujesz w\u0142a\u015bciwo\u015bci i ograniczenia Internetu \u2014 jego parametry techniczne, czas potrzebny na wy\u015bwietlanie, przesy\u0142anie lub pobieranie danych, a tak\u017ce ryzyko przerw w dzia\u0142aniu i wszelkie inne zagro\u017cenia zwi\u0105zane z po\u0142\u0105czeniem i transmisj\u0105 informacji.<\/p>\n<p>&nbsp;<\/p>\n<p style=\"text-align: justify;\">Armatis nie ponosi odpowiedzialno\u015bci w przypadku si\u0142y wy\u017cszej, awarii sieci i\/lub serwer\u00f3w, usterek czy prac serwisowych niezb\u0119dnych do prawid\u0142owego dzia\u0142ania Strony, ani za jakiekolwiek zdarzenia pozostaj\u0105ce poza jej kontrol\u0105.<\/p>\n<p>[\/vc_column_text][vc_column_text css=&#8221;.vc_custom_1756733634218{padding-right: 100px !important;padding-left: 100px !important;}&#8221;]<\/p>\n<p style=\"text-align: justify; margin-left: 40px;\"><strong>Artyku\u0142 4 \u2013 Prawa w\u0142asno\u015bci intelektualnej<\/strong><\/p>\n<p>&nbsp;<\/p>\n<p data-start=\"260\" data-end=\"692\">Ca\u0142a Strona oraz wszystkie jej elementy sk\u0142adowe (teksty, znaki towarowe, logotypy, obrazy statyczne i animowane, bazy danych, d\u017awi\u0119ki, zdj\u0119cia, know-how, produkty i us\u0142ugi \u2014 dalej \u201eElementy\u201d) s\u0105 chronione prawami w\u0142asno\u015bci intelektualnej, kt\u00f3rych w\u0142a\u015bcicielem lub uprawnionym u\u017cytkownikiem jest Armatis.<br data-start=\"584\" data-end=\"587\">Wszystkie znaki towarowe i logotypy zamieszczone na Stronie pozostaj\u0105 w\u0142asno\u015bci\u0105 ich odpowiednich w\u0142a\u015bcicieli.<\/p>\n<p data-start=\"694\" data-end=\"962\">W zwi\u0105zku z tym wszelkie prawa w\u0142asno\u015bci intelektualnej \u2014 w tym prawo do korzystania, pobierania, rozpowszechniania, wy\u015bwietlania, powielania, modyfikacji, adaptacji czy t\u0142umaczenia \u2014 dotycz\u0105ce ca\u0142o\u015bci lub cz\u0119\u015bci Strony i\/lub jej Element\u00f3w s\u0105 <strong data-start=\"923\" data-end=\"959\">zastrze\u017cone wy\u0142\u0105cznie dla Armatis.<\/strong><\/p>\n<p>&nbsp;<\/p>\n<p style=\"text-align: justify;\">Jakiekolwiek powielanie, wy\u015bwietlanie, rozpowszechnianie, adaptowanie, t\u0142umaczenie, \u0142\u0105czenie z innymi tre\u015bciami lub przenoszenie na inne strony internetowe \u2014 w ca\u0142o\u015bci lub w cz\u0119\u015bci \u2014 jest surowo zabronione bez uprzedniej pisemnej zgody Armatis (<strong data-start=\"1131\" data-end=\"1203\"><span style=\"color: #4ee6e0;\"><strong><a style=\"color: #4ee6e0;\" href=\"mailto:communication@armatis.com\">communication@armatis.com<\/a><\/strong><\/span><\/strong>).<\/p>\n<p>&nbsp;<\/p>\n<p style=\"text-align: justify;\">Je\u015bli powielanie zostanie wyra\u017anie dopuszczone, musi ono zawiera\u0107 adnotacj\u0119:<br data-start=\"1326\" data-end=\"1329\"><strong data-start=\"1329\" data-end=\"1392\"><strong>\u201e\u0179r\u00f3d\u0142o: strona internetowa Armatis \u2013 <a href=\"http:\/\/www.emploi.armatis.com\">www.emploi.armatis.com<\/a>\u201d,<\/strong><\/strong> wraz z dat\u0105 konsultacji.<\/p>\n<p>[\/vc_column_text][vc_column_text css=&#8221;.vc_custom_1758543115766{padding-right: 100px !important;padding-left: 100px !important;}&#8221;]<\/p>\n<p style=\"text-align: justify; margin-left: 40px;\"><strong>Artyku\u0142 5 \u2013 Hiper\u0142\u0105cza<\/strong><\/p>\n<p>&nbsp;<\/p>\n<p style=\"text-align: justify;\">Strona mo\u017ce zawiera\u0107 linki kieruj\u0105ce do zewn\u0119trznych serwis\u00f3w internetowych, kt\u00f3re nie s\u0105 zarz\u0105dzane przez Armatis.<\/p>\n<p>&nbsp;<\/p>\n<p style=\"text-align: justify;\">Armatis nie sprawuje nad nimi \u017cadnej kontroli, <strong data-start=\"361\" data-end=\"396\">dlatego nie ponosimy odpowiedzialno\u015bc<\/strong>i za ich tre\u015bci (informacje, dane, opinie, materia\u0142y wizualne lub d\u017awi\u0119kowe) ani za szkody, kt\u00f3re mog\u0105 wynikn\u0105\u0107 z korzystania z takich zewn\u0119trznych stron.<\/p>\n<p>&nbsp;<\/p>\n<p style=\"text-align: justify;\">Ka\u017cde utworzenie lub zamieszczenie hiper\u0142\u0105cza prowadz\u0105cego do Strony wymaga uprzedniej, pisemnej zgody Armatis (wniosek nale\u017cy przes\u0142a\u0107 e-mailem na adres <strong data-start=\"658\" data-end=\"704\"><strong><a style=\"color: #4ee6e0;\" href=\"mailto:communication@armatis.com\">communication@armatis.com<\/a><\/strong><\/strong>).<\/p>\n<p>&nbsp;<\/p>\n<p style=\"text-align: justify;\">Armatis mo\u017ce w dowolnym momencie wycofa\u0107 udzielon\u0105 zgod\u0119, je\u015bli dane hiper\u0142\u0105cze narusza obowi\u0105zuj\u0105ce przepisy lub nie jest zgodne z niniejszym OWU.<\/p>\n<p>[\/vc_column_text][vc_column_text css=&#8221;.vc_custom_1756733776234{padding-right: 100px !important;padding-left: 100px !important;}&#8221;]<\/p>\n<p style=\"text-align: justify; margin-left: 40px;\"><strong>Artyku\u0142 6 \u2013 Dane osobowe i pliki cookies<\/strong><\/p>\n<p>&nbsp;<\/p>\n<p>Zach\u0119camy do zapoznania si\u0119 z <span style=\"color: #4ee6e0;\"><u><a style=\"color: #4ee6e0;\" href=\"https:\/\/emploi.armatis.com\/pl\/polityka-prywatnosci-2\/\">Polityk\u0105 ochrony danych osobowych i wykorzystywania plik\u00f3w cookies.<\/a><\/u><\/span>[\/vc_column_text][vc_column_text css=&#8221;.vc_custom_1758543165845{padding-right: 100px !important;padding-left: 100px !important;}&#8221;]<\/p>\n<p style=\"text-align: justify; margin-left: 40px;\"><strong>Artyku\u0142 7 \u2013 Gwarancje i odpowiedzialno\u015b\u0107<\/strong><\/p>\n<p>&nbsp;<\/p>\n<p style=\"text-align: justify;\">Armatis nie ponosi odpowiedzialno\u015bci za ewentualne b\u0142\u0119dy materialne, kt\u00f3re mog\u0142y pojawi\u0107 si\u0119 w dokumentach udost\u0119pnionych na Stronie, mimo do\u0142o\u017cenia najwy\u017cszej staranno\u015bci przy ich publikacji. Armatis nie odpowiada r\u00f3wnie\u017c za informacje, tre\u015bci ani opinie zamieszczone na stronach, do kt\u00f3rych prowadz\u0105 hiper\u0142\u0105cza, a nad kt\u00f3rymi nie sprawuje kontroli redakcyjnej. <\/p>\n<p>&nbsp;<\/p>\n<p style=\"text-align: justify;\">Armatis nie ponosi odpowiedzialno\u015bci za zak\u0142\u00f3cenia w przesy\u0142aniu danych wynikaj\u0105ce z dzia\u0142ania sieci Internet ani za ewentualne niekompatybilno\u015bci zwi\u0105zane z u\u017cywan\u0105 przez Ciebie przegl\u0105dark\u0105.<\/p>\n<p>[\/vc_column_text][vc_column_text css=&#8221;.vc_custom_1758543282119{padding-right: 100px !important;padding-left: 100px !important;}&#8221;]<\/p>\n<p style=\"text-align: justify; margin-left: 40px;\"><strong>Artyku\u0142 8 \u2013 Prawo w\u0142a\u015bciwe i w\u0142a\u015bciwo\u015b\u0107 s\u0105dowa<\/strong><\/p>\n<p>&nbsp;<\/p>\n<p style=\"text-align: justify;\">Niniejsze OWU podlegaj\u0105 prawu francuskiemu.<\/p>\n<p>&nbsp;<\/p>\n<p style=\"text-align: justify;\">W przypadku braku polubownego rozwi\u0105zania, wszelkie spory wynikaj\u0105ce ze stosowania OWU b\u0119d\u0105 rozpatrywane przez S\u0105d w Pary\u017cu, kt\u00f3remu przyznano w\u0142a\u015bciwo\u015b\u0107 miejscow\u0105 \u2014 r\u00f3wnie\u017c w trybie zabezpieczenia, przy wielu pozwanych, wezwaniu do udzia\u0142u w sprawie lub roszczeniach regresowych.<\/p>\n<p>[\/vc_column_text][\/vc_column][\/vc_row]<\/p>\n<\/div>","protected":false},"excerpt":{"rendered":"<p>[vc_row][vc_column][\/vc_column][\/vc_row][vc_row css=&#8221;.vc_custom_1756201389619{background-color: #dde5ed !important;}&#8221;][vc_column][vc_column_text css=&#8221;&#8221;] Informacje prawne i Warunki u\u017cytkowania [\/vc_column_text][\/vc_column][\/vc_row][vc_row css=&#8221;.vc_custom_1756207119174{background-color: #dde5ed !important;}&#8221;][vc_column][vc_column_text css=&#8221;.vc_custom_1758714656105{padding-right: 100px !important;padding-left: 100px !important;}&#8221;] Wydawca Armatis Holding (zwana dalej \u201eArmatis\u201d), sp\u00f3\u0142ka typu SAS o kapitale zak\u0142adowym 35 157 287 euro, wpisana do Rejestru Handlowego i Sp\u00f3\u0142ek w Pary\u017cu pod numerem 540 030 484, z siedzib\u0105 przy 4 Customer Square \u2013 [&hellip;]<\/p>\n","protected":false},"author":21,"featured_media":0,"parent":0,"menu_order":0,"comment_status":"closed","ping_status":"closed","template":"","meta":{"_acf_changed":false,"footnotes":""},"class_list":["post-23610","page","type-page","status-publish","hentry"],"acf":[],"yoast_head":"<!-- This site is optimized with the Yoast SEO plugin v26.3 - https:\/\/yoast.com\/wordpress\/plugins\/seo\/ -->\n<title>Informacje prawne - Armatis<\/title>\n<meta name=\"robots\" content=\"index, follow, max-snippet:-1, max-image-preview:large, max-video-preview:-1\" \/>\n<link rel=\"canonical\" href=\"https:\/\/emploi.armatis.com\/pl\/informacje-prawne\/\" \/>\n<meta property=\"og:locale\" content=\"pl_PL\" \/>\n<meta property=\"og:type\" content=\"article\" \/>\n<meta property=\"og:title\" content=\"Informacje prawne - Armatis\" \/>\n<meta property=\"og:description\" content=\"[vc_row][vc_column][\/vc_column][\/vc_row][vc_row css=&#8221;.vc_custom_1756201389619{background-color: #dde5ed !important;}&#8221;][vc_column][vc_column_text css=&#8221;&#8221;] Informacje prawne i Warunki u\u017cytkowania [\/vc_column_text][\/vc_column][\/vc_row][vc_row css=&#8221;.vc_custom_1756207119174{background-color: #dde5ed !important;}&#8221;][vc_column][vc_column_text css=&#8221;.vc_custom_1758714656105{padding-right: 100px !important;padding-left: 100px !important;}&#8221;] Wydawca Armatis Holding (zwana dalej \u201eArmatis\u201d), sp\u00f3\u0142ka typu SAS o kapitale zak\u0142adowym 35 157 287 euro, wpisana do Rejestru Handlowego i Sp\u00f3\u0142ek w Pary\u017cu pod numerem 540 030 484, z siedzib\u0105 przy 4 Customer Square \u2013 [&hellip;]\" \/>\n<meta property=\"og:url\" content=\"https:\/\/emploi.armatis.com\/pl\/informacje-prawne\/\" \/>\n<meta property=\"og:site_name\" content=\"Armatis\" \/>\n<meta property=\"article:modified_time\" content=\"2025-11-13T12:11:02+00:00\" \/>\n<meta name=\"twitter:card\" content=\"summary_large_image\" \/>\n<meta name=\"twitter:label1\" content=\"Szacowany czas czytania\" \/>\n\t<meta name=\"twitter:data1\" content=\"7 minut\" \/>\n<script type=\"application\/ld+json\" class=\"yoast-schema-graph\">{\"@context\":\"https:\/\/schema.org\",\"@graph\":[{\"@type\":\"WebPage\",\"@id\":\"https:\/\/emploi.armatis.com\/pl\/informacje-prawne\/\",\"url\":\"https:\/\/emploi.armatis.com\/pl\/informacje-prawne\/\",\"name\":\"Informacje prawne - Armatis\",\"isPartOf\":{\"@id\":\"https:\/\/emploi.armatis.com\/pl\/#website\"},\"datePublished\":\"2025-11-13T12:11:01+00:00\",\"dateModified\":\"2025-11-13T12:11:02+00:00\",\"breadcrumb\":{\"@id\":\"https:\/\/emploi.armatis.com\/pl\/informacje-prawne\/#breadcrumb\"},\"inLanguage\":\"pl-PL\",\"potentialAction\":[{\"@type\":\"ReadAction\",\"target\":[\"https:\/\/emploi.armatis.com\/pl\/informacje-prawne\/\"]}]},{\"@type\":\"BreadcrumbList\",\"@id\":\"https:\/\/emploi.armatis.com\/pl\/informacje-prawne\/#breadcrumb\",\"itemListElement\":[{\"@type\":\"ListItem\",\"position\":1,\"name\":\"Home\",\"item\":\"https:\/\/emploi.armatis.com\/pl\/\"},{\"@type\":\"ListItem\",\"position\":2,\"name\":\"Informacje prawne\"}]},{\"@type\":\"WebSite\",\"@id\":\"https:\/\/emploi.armatis.com\/pl\/#website\",\"url\":\"https:\/\/emploi.armatis.com\/pl\/\",\"name\":\"Armatis\",\"description\":\"\",\"publisher\":{\"@id\":\"https:\/\/emploi.armatis.com\/pl\/#organization\"},\"potentialAction\":[{\"@type\":\"SearchAction\",\"target\":{\"@type\":\"EntryPoint\",\"urlTemplate\":\"https:\/\/emploi.armatis.com\/pl\/?s={search_term_string}\"},\"query-input\":{\"@type\":\"PropertyValueSpecification\",\"valueRequired\":true,\"valueName\":\"search_term_string\"}}],\"inLanguage\":\"pl-PL\"},{\"@type\":\"Organization\",\"@id\":\"https:\/\/emploi.armatis.com\/pl\/#organization\",\"name\":\"Armatis\",\"url\":\"https:\/\/emploi.armatis.com\/pl\/\",\"logo\":{\"@type\":\"ImageObject\",\"inLanguage\":\"pl-PL\",\"@id\":\"https:\/\/emploi.armatis.com\/pl\/#\/schema\/logo\/image\/\",\"url\":\"https:\/\/emploi.armatis.com\/wp-content\/uploads\/2025\/07\/cropped-Logo-Armatis-ss-Baseline-Blanc-point-aqua-Copie-scaled-1.png\",\"contentUrl\":\"https:\/\/emploi.armatis.com\/wp-content\/uploads\/2025\/07\/cropped-Logo-Armatis-ss-Baseline-Blanc-point-aqua-Copie-scaled-1.png\",\"width\":2560,\"height\":393,\"caption\":\"Armatis\"},\"image\":{\"@id\":\"https:\/\/emploi.armatis.com\/pl\/#\/schema\/logo\/image\/\"}}]}<\/script>\n<!-- \/ Yoast SEO plugin. -->","yoast_head_json":{"title":"Informacje prawne - Armatis","robots":{"index":"index","follow":"follow","max-snippet":"max-snippet:-1","max-image-preview":"max-image-preview:large","max-video-preview":"max-video-preview:-1"},"canonical":"https:\/\/emploi.armatis.com\/pl\/informacje-prawne\/","og_locale":"pl_PL","og_type":"article","og_title":"Informacje prawne - Armatis","og_description":"[vc_row][vc_column][\/vc_column][\/vc_row][vc_row css=&#8221;.vc_custom_1756201389619{background-color: #dde5ed !important;}&#8221;][vc_column][vc_column_text css=&#8221;&#8221;] Informacje prawne i Warunki u\u017cytkowania [\/vc_column_text][\/vc_column][\/vc_row][vc_row css=&#8221;.vc_custom_1756207119174{background-color: #dde5ed !important;}&#8221;][vc_column][vc_column_text css=&#8221;.vc_custom_1758714656105{padding-right: 100px !important;padding-left: 100px !important;}&#8221;] Wydawca Armatis Holding (zwana dalej \u201eArmatis\u201d), sp\u00f3\u0142ka typu SAS o kapitale zak\u0142adowym 35 157 287 euro, wpisana do Rejestru Handlowego i Sp\u00f3\u0142ek w Pary\u017cu pod numerem 540 030 484, z siedzib\u0105 przy 4 Customer Square \u2013 [&hellip;]","og_url":"https:\/\/emploi.armatis.com\/pl\/informacje-prawne\/","og_site_name":"Armatis","article_modified_time":"2025-11-13T12:11:02+00:00","twitter_card":"summary_large_image","twitter_misc":{"Szacowany czas czytania":"7 minut"},"schema":{"@context":"https:\/\/schema.org","@graph":[{"@type":"WebPage","@id":"https:\/\/emploi.armatis.com\/pl\/informacje-prawne\/","url":"https:\/\/emploi.armatis.com\/pl\/informacje-prawne\/","name":"Informacje prawne - Armatis","isPartOf":{"@id":"https:\/\/emploi.armatis.com\/pl\/#website"},"datePublished":"2025-11-13T12:11:01+00:00","dateModified":"2025-11-13T12:11:02+00:00","breadcrumb":{"@id":"https:\/\/emploi.armatis.com\/pl\/informacje-prawne\/#breadcrumb"},"inLanguage":"pl-PL","potentialAction":[{"@type":"ReadAction","target":["https:\/\/emploi.armatis.com\/pl\/informacje-prawne\/"]}]},{"@type":"BreadcrumbList","@id":"https:\/\/emploi.armatis.com\/pl\/informacje-prawne\/#breadcrumb","itemListElement":[{"@type":"ListItem","position":1,"name":"Home","item":"https:\/\/emploi.armatis.com\/pl\/"},{"@type":"ListItem","position":2,"name":"Informacje prawne"}]},{"@type":"WebSite","@id":"https:\/\/emploi.armatis.com\/pl\/#website","url":"https:\/\/emploi.armatis.com\/pl\/","name":"Armatis","description":"","publisher":{"@id":"https:\/\/emploi.armatis.com\/pl\/#organization"},"potentialAction":[{"@type":"SearchAction","target":{"@type":"EntryPoint","urlTemplate":"https:\/\/emploi.armatis.com\/pl\/?s={search_term_string}"},"query-input":{"@type":"PropertyValueSpecification","valueRequired":true,"valueName":"search_term_string"}}],"inLanguage":"pl-PL"},{"@type":"Organization","@id":"https:\/\/emploi.armatis.com\/pl\/#organization","name":"Armatis","url":"https:\/\/emploi.armatis.com\/pl\/","logo":{"@type":"ImageObject","inLanguage":"pl-PL","@id":"https:\/\/emploi.armatis.com\/pl\/#\/schema\/logo\/image\/","url":"https:\/\/emploi.armatis.com\/wp-content\/uploads\/2025\/07\/cropped-Logo-Armatis-ss-Baseline-Blanc-point-aqua-Copie-scaled-1.png","contentUrl":"https:\/\/emploi.armatis.com\/wp-content\/uploads\/2025\/07\/cropped-Logo-Armatis-ss-Baseline-Blanc-point-aqua-Copie-scaled-1.png","width":2560,"height":393,"caption":"Armatis"},"image":{"@id":"https:\/\/emploi.armatis.com\/pl\/#\/schema\/logo\/image\/"}}]}},"_links":{"self":[{"href":"https:\/\/emploi.armatis.com\/pl\/wp-json\/wp\/v2\/pages\/23610","targetHints":{"allow":["GET"]}}],"collection":[{"href":"https:\/\/emploi.armatis.com\/pl\/wp-json\/wp\/v2\/pages"}],"about":[{"href":"https:\/\/emploi.armatis.com\/pl\/wp-json\/wp\/v2\/types\/page"}],"author":[{"embeddable":true,"href":"https:\/\/emploi.armatis.com\/pl\/wp-json\/wp\/v2\/users\/21"}],"replies":[{"embeddable":true,"href":"https:\/\/emploi.armatis.com\/pl\/wp-json\/wp\/v2\/comments?post=23610"}],"version-history":[{"count":2,"href":"https:\/\/emploi.armatis.com\/pl\/wp-json\/wp\/v2\/pages\/23610\/revisions"}],"predecessor-version":[{"id":23612,"href":"https:\/\/emploi.armatis.com\/pl\/wp-json\/wp\/v2\/pages\/23610\/revisions\/23612"}],"wp:attachment":[{"href":"https:\/\/emploi.armatis.com\/pl\/wp-json\/wp\/v2\/media?parent=23610"}],"curies":[{"name":"wp","href":"https:\/\/api.w.org\/{rel}","templated":true}]}}